{"id":1328,"date":"2017-11-08T12:04:15","date_gmt":"2017-11-08T11:04:15","guid":{"rendered":"http:\/\/caseib.es\/?page_id=1328"},"modified":"2021-07-15T12:25:27","modified_gmt":"2021-07-15T11:25:27","slug":"autores","status":"publish","type":"page","link":"https:\/\/caseib.es\/2021\/autores\/","title":{"rendered":"Autores"},"content":{"rendered":"<p>En los siguientes enlaces se dispone de informaci\u00f3n para el env\u00edo y para la presentaci\u00f3n de los trabajos que se pretendan presentar en el congreso.<\/p>\n<ol>\n<li><a href=\"https:\/\/caseib.es\/2021\/envio-de-trabajos\/\">Env\u00edo de trabajos<\/a><\/li>\n<li><a href=\"https:\/\/caseib.es\/2021\/trabajos\/\">Presentaci\u00f3n de trabajos<\/a><\/li>\n<\/ol>\n","protected":false},"excerpt":{"rendered":"<p>En los siguientes enlaces se dispone de informaci\u00f3n para el env\u00edo y para la presentaci\u00f3n de los trabajos que se pretendan presentar en el congreso. Env\u00edo de trabajos Presentaci\u00f3n de trabajos<\/p>\n<p> <a class=\"continue-reading-link\" href=\"https:\/\/caseib.es\/2021\/autores\/\"><span>VER MAS<\/span><i class=\"crycon-right-dir\"><\/i><\/a> <\/p>\n","protected":false},"author":6,"featured_media":0,"parent":0,"menu_order":0,"comment_status":"closed","ping_status":"closed","template":"","meta":{"footnotes":""},"class_list":["post-1328","page","type-page","status-publish","hentry"],"_links":{"self":[{"href":"https:\/\/caseib.es\/2021\/wp-json\/wp\/v2\/pages\/1328","targetHints":{"allow":["GET"]}}],"collection":[{"href":"https:\/\/caseib.es\/2021\/wp-json\/wp\/v2\/pages"}],"about":[{"href":"https:\/\/caseib.es\/2021\/wp-json\/wp\/v2\/types\/page"}],"author":[{"embeddable":true,"href":"https:\/\/caseib.es\/2021\/wp-json\/wp\/v2\/users\/6"}],"replies":[{"embeddable":true,"href":"https:\/\/caseib.es\/2021\/wp-json\/wp\/v2\/comments?post=1328"}],"version-history":[{"count":6,"href":"https:\/\/caseib.es\/2021\/wp-json\/wp\/v2\/pages\/1328\/revisions"}],"predecessor-version":[{"id":3529,"href":"https:\/\/caseib.es\/2021\/wp-json\/wp\/v2\/pages\/1328\/revisions\/3529"}],"wp:attachment":[{"href":"https:\/\/caseib.es\/2021\/wp-json\/wp\/v2\/media?parent=1328"}],"curies":[{"name":"wp","href":"https:\/\/api.w.org\/{rel}","templated":true}]}}