{"id":21,"date":"2015-02-03T19:05:06","date_gmt":"2015-02-03T18:05:06","guid":{"rendered":"http:\/\/localhost\/caseib15\/?page_id=21"},"modified":"2021-11-04T08:46:50","modified_gmt":"2021-11-04T07:46:50","slug":"envio-de-trabajos","status":"publish","type":"page","link":"https:\/\/caseib.es\/2021\/envio-de-trabajos\/","title":{"rendered":"Env\u00edo de trabajos"},"content":{"rendered":"<p><span style=\"color: #ff0000;\">Documento de Cesi\u00f3n de Derechos:<\/span> <a href=\"https:\/\/caseib.es\/2021\/wp-content\/uploads\/2021\/11\/DECLARACION_CESION_DERECHOS_CASEIB2021.docx\" target=\"_blank\" rel=\"noopener noreferrer\">DECLARACION_CESION_DERECHOS_CASEIB2021<\/a><\/p>\n<hr \/>\n<p>Las normas de env\u00edo de trabajos son las siguientes:<\/p>\n<ul>\n<li>Fecha l\u00edmite para el env\u00edo de trabajos Premio Jos\u00e9 Mar\u00eda Ferrero: <strong>20 de septiembre de 2021<\/strong>.<\/li>\n<li><strong>Art\u00edculo<\/strong>: La extensi\u00f3n m\u00e1xima es de 4 caras siguiendo las normas de estilo definidas en la plantilla (<a href=\"https:\/\/caseib.es\/2021\/wp-content\/uploads\/2021\/07\/Plantilla-CASEIB-2021.doc\">Plantilla CASEIB 2021.doc<\/a>; <a href=\"https:\/\/caseib.es\/2021\/wp-content\/uploads\/2021\/07\/Plantilla-CASEIB-2021.docx\">Plantilla CASEIB 2021.docx <\/a><\/li>\n<li>Las comunicaciones se pueden enviar en castellano o ingl\u00e9s.<\/li>\n<li>La longitud m\u00e1xima de la secci\u00f3n del resumen en el art\u00edculo debe ser de 250 palabras.<\/li>\n<li>En el primer env\u00edo\u00a0el texto de la comunicaci\u00f3n\u00a0no debe contener ning\u00fan tipo de informaci\u00f3n que identifique a los autores, los datos de los autores ser\u00e1n introducidos en la plataforma. Los autores se introducir\u00e1n en la versi\u00f3n definitiva del texto de la comunicaci\u00f3n junto con los posibles modificaciones tras los resultados de la revisi\u00f3n de trabajos.<\/li>\n<li>Las contribuciones deben enviarse a trav\u00e9s de la plataforma Softconf (son v\u00e1lidas las credenciales de ediciones anteriores del CASEIB; en caso de no disponer de acceso previo, simplemente debe crearse una cuenta nueva): <a href=\"https:\/\/www.softconf.com\/l\/caseib21\/\">https:\/\/www.softconf.com\/l\/caseib21\/<\/a><\/li>\n<li>Notificaci\u00f3n de aceptaci\u00f3n: <strong>02 de noviembre de 2021<\/strong>.<\/li>\n<li>Una vez revisados, se especificar\u00e1 una fecha l\u00edmite para el env\u00edo de la<strong> versi\u00f3n definitiva<\/strong>. Se deber\u00e1 subir a la aplicaci\u00f3n un fichero con el art\u00edculo (PDF) y el documento de cesi\u00f3n de derechos rellenado y firmado (PDF).<\/li>\n<\/ul>\n<p>Para cualquier consulta o incidencia con la plataforma de env\u00edo de trabajos contactar con <a href=\"mailto: envios@caseib.es\"><span style=\"color: #0000ff;\">envios@caseib.es<\/span><\/a><\/p>\n<p>&nbsp;<\/p>\n","protected":false},"excerpt":{"rendered":"<p>Documento de Cesi\u00f3n de Derechos: DECLARACION_CESION_DERECHOS_CASEIB2021 Las normas de env\u00edo de trabajos son las siguientes: Fecha l\u00edmite para el env\u00edo de trabajos Premio Jos\u00e9 Mar\u00eda Ferrero: 20 de septiembre de 2021. Art\u00edculo: La extensi\u00f3n m\u00e1xima es de 4 caras siguiendo las normas de estilo definidas en la plantilla (Plantilla CASEIB\u2026<\/p>\n<p> <a class=\"continue-reading-link\" href=\"https:\/\/caseib.es\/2021\/envio-de-trabajos\/\"><span>VER MAS<\/span><i class=\"crycon-right-dir\"><\/i><\/a> <\/p>\n","protected":false},"author":6,"featured_media":0,"parent":0,"menu_order":0,"comment_status":"closed","ping_status":"open","template":"","meta":{"footnotes":""},"class_list":["post-21","page","type-page","status-publish","hentry"],"_links":{"self":[{"href":"https:\/\/caseib.es\/2021\/wp-json\/wp\/v2\/pages\/21","targetHints":{"allow":["GET"]}}],"collection":[{"href":"https:\/\/caseib.es\/2021\/wp-json\/wp\/v2\/pages"}],"about":[{"href":"https:\/\/caseib.es\/2021\/wp-json\/wp\/v2\/types\/page"}],"author":[{"embeddable":true,"href":"https:\/\/caseib.es\/2021\/wp-json\/wp\/v2\/users\/6"}],"replies":[{"embeddable":true,"href":"https:\/\/caseib.es\/2021\/wp-json\/wp\/v2\/comments?post=21"}],"version-history":[{"count":140,"href":"https:\/\/caseib.es\/2021\/wp-json\/wp\/v2\/pages\/21\/revisions"}],"predecessor-version":[{"id":3682,"href":"https:\/\/caseib.es\/2021\/wp-json\/wp\/v2\/pages\/21\/revisions\/3682"}],"wp:attachment":[{"href":"https:\/\/caseib.es\/2021\/wp-json\/wp\/v2\/media?parent=21"}],"curies":[{"name":"wp","href":"https:\/\/api.w.org\/{rel}","templated":true}]}}