{"id":28,"date":"2015-02-03T19:08:56","date_gmt":"2015-02-03T18:08:56","guid":{"rendered":"http:\/\/localhost\/caseib15\/?page_id=28"},"modified":"2021-11-18T09:53:54","modified_gmt":"2021-11-18T08:53:54","slug":"premio-jose-maria-ferrero-corral","status":"publish","type":"page","link":"https:\/\/caseib.es\/2021\/premio-jose-maria-ferrero-corral\/","title":{"rendered":"Premio Jos\u00e9 Mar\u00eda Ferrero Corral"},"content":{"rendered":"<hr \/>\n<h4>Jueves 25 de noviembre de 2021<\/h4>\n<hr \/>\n<h2 id=\"tablepress-59-name\" class=\"tablepress-table-name tablepress-table-name-id-59\">Finalistas Premios JM\u00aa. Ferrero<\/h2>\n\n<table id=\"tablepress-59\" class=\"tablepress tablepress-id-59\" aria-labelledby=\"tablepress-59-name\">\n<tbody class=\"row-striping row-hover\">\n<tr class=\"row-1\">\n\t<td class=\"column-1\"><p style=\"text-align: center;\">15:00<\/p><\/td><td class=\"column-2\"><em>Prediction of short-term survival in glioblastoma patients with total tumor resection from multimodal pre-surgical MRI images using machine learning<\/em><br \/>\n<strong>Rafael Navarro<\/strong><br \/>\n<\/td>\n<\/tr>\n<tr class=\"row-2\">\n\t<td class=\"column-1\"><p style=\"text-align: center;\">15:15<\/p><\/td><td class=\"column-2\"><em>Evaluaci\u00f3n de la robustez de la red neuronal funcional en la enfermedad de Alzheimer<\/em><br \/>\n<strong>Marcos Revilla<\/strong><\/td>\n<\/tr>\n<tr class=\"row-3\">\n\t<td class=\"column-1\"><p style=\"text-align: center;\">15:30<\/p><\/td><td class=\"column-2\"><em>An\u00e1lisis de las alteraciones en la organizaci\u00f3n jer\u00e1rquica de la actividad neuronal debidas a la enfermedad de Alzheimer<\/em><br \/>\n<strong>V\u00edctor Guti\u00e9rrez<\/strong><br \/>\n<\/td>\n<\/tr>\n<tr class=\"row-4\">\n\t<td class=\"column-1\"><p style=\"text-align: center;\">15:45<\/p><\/td><td class=\"column-2\"><em>Modelo de deep learning basado en la combinaci\u00f3n de redes neuronales convolucionales y recurrentes para clasificar eventos de apnea e hipopnea mediante la se\u00f1al de oximetr\u00eda<\/em><br \/>\n<strong>Fernando Vaquerizo<\/strong><\/td>\n<\/tr>\n<tr class=\"row-5\">\n\t<td class=\"column-1\"><p style=\"text-align: center;\">16:00<\/p><\/td><td class=\"column-2\"><em>Surgical phase recognition for non-intrusive surgical skills\u2019 assessment in educational contexts based in speech and video<\/em><br \/>\n<strong>Carmen Guzm\u00e1n<\/strong><\/td>\n<\/tr>\n<tr class=\"row-6\">\n\t<td class=\"column-1\"><p style=\"text-align: center;\">16:15<\/p><\/td><td class=\"column-2\"><em>La importancia din\u00e1mica como indicador de comportamiento de hub en la regi\u00f3n parietal de la red neuronal por defecto<\/em><br \/>\n<strong>Aar\u00f3n Maturana<\/strong><\/td>\n<\/tr>\n<tr class=\"row-7\">\n\t<td class=\"column-1\"><p style=\"text-align: center;\">16:30<\/p><\/td><td class=\"column-2\"><em>Sub-surface laser engraving application for hexagonal SiPM<\/em><br \/>\n<strong>David P\u00e9rez><\/td>\n<\/tr>\n<tr class=\"row-8\">\n\t<td class=\"column-1\"><p style=\"text-align: center;\">16:45<\/p><\/td><td class=\"column-2\"><em>Methodologies for the quantification and classification of nuclear medicine neuroimaging for clinical decision support <\/em><br \/>\n<strong>Alexander P. Seiffert<\/strong><\/td>\n<\/tr>\n<tr class=\"row-9\">\n\t<td class=\"column-1\"><p style=\"text-align: center;\">17:00<\/p><\/td><td class=\"column-2\"><em>La Importancia de la Aur\u00edcula Izquierda en la Alteraci\u00f3n del Sustrato Auricular tras Ablaci\u00f3n por Cat\u00e9ter de Fibrilaci\u00f3n Auricular Parox\u00edstica<\/em><br \/>\n<strong>Aikaterini Vraka<\/strong><\/td>\n<\/tr>\n<tr class=\"row-10\">\n\t<td class=\"column-1\"><p style=\"text-align: center;\">17:15<\/p><\/td><td class=\"column-2\"><em>Optimizaci\u00f3n preoperatoria de la configuraci\u00f3n de los electrodos de estimulaci\u00f3n con un modelo 3D de m\u00e9dula espinal personalizado al paciente<\/em><br \/>\n<strong>Carmen Solanes<\/strong><\/td>\n<\/tr>\n<\/tbody>\n<\/table>\n<!-- #tablepress-59 from cache -->\n<hr \/>\n<p><span style=\"font-family: 'Source Sans Pro'; text-align: justify;\">El comit\u00e9 organizador del CASEIB organiza, con el soporte de la SEIB, un Concurso de Comunicaciones de <\/span><strong style=\"text-align: justify;\">Estudiantes de M\u00e1ster y Doctorado<\/strong><span style=\"font-family: 'Source Sans Pro'; text-align: justify;\">.<\/span><\/p>\n<p style=\"text-align: justify;\">De entre todos los trabajos presentados a concurso, ser\u00e1n seleccionados los mejor valorados por los miembros del Comit\u00e9 Cient\u00edfico para su exposici\u00f3n oral en la final del Concurso que tendr\u00e1 lugar en una sesi\u00f3n espec\u00edfica del CASEIB 2021.<\/p>\n<p style=\"text-align: justify;\">Atendiendo a la calidad del trabajo y de la exposici\u00f3n del mismo, el Jurado elegir\u00e1 los tres mejores, que ser\u00e1n dotados con una gratificaci\u00f3n econ\u00f3mica (Primer premio: 600 \u20ac, Segundo premio: 400 \u20ac y Tercer premio: 200 \u20ac). Asimismo, se entregar\u00e1n certificados a los finalistas y premiados.<\/p>\n<p style=\"text-align: justify;\">Requisitos de los aspirantes:<\/p>\n<ol>\n<li>Los candidatos deben tener formalizada su pertenencia a la SEIB.<\/li>\n<li>Los solicitantes deber\u00e1n ser alumnos de m\u00e1ster o doctorado en el curso acad\u00e9mico 20\/21.<\/li>\n<li>Los trabajos deber\u00e1n corresponderse con trabajos predoctorales, aunque el alumno sea doctor en la fecha de celebraci\u00f3n del congreso.<\/li>\n<li>Los candidatos deber\u00e1n tener la condici\u00f3n de primer firmante.<\/li>\n<li>Para poder hacer efectivo el importe de los premios, los candidatos seleccionados deber\u00e1n enviar a la Tesorer\u00eda de la SEIB: fotocopia del carnet de socio o hoja de solicitud de inscripci\u00f3n en la SEIB debidamente cumplimentada y cuenta bancaria para efectuar el ingreso.<\/li>\n<\/ol>\n<p>&nbsp;<\/p>\n","protected":false},"excerpt":{"rendered":"<p>Jueves 25 de noviembre de 2021 El comit\u00e9 organizador del CASEIB organiza, con el soporte de la SEIB, un Concurso de Comunicaciones de Estudiantes de M\u00e1ster y Doctorado. De entre todos los trabajos presentados a concurso, ser\u00e1n seleccionados los mejor valorados por los miembros del Comit\u00e9 Cient\u00edfico para su exposici\u00f3n\u2026<\/p>\n<p> <a class=\"continue-reading-link\" href=\"https:\/\/caseib.es\/2021\/premio-jose-maria-ferrero-corral\/\"><span>VER MAS<\/span><i class=\"crycon-right-dir\"><\/i><\/a> <\/p>\n","protected":false},"author":6,"featured_media":0,"parent":0,"menu_order":0,"comment_status":"closed","ping_status":"open","template":"","meta":{"footnotes":""},"class_list":["post-28","page","type-page","status-publish","hentry"],"_links":{"self":[{"href":"https:\/\/caseib.es\/2021\/wp-json\/wp\/v2\/pages\/28","targetHints":{"allow":["GET"]}}],"collection":[{"href":"https:\/\/caseib.es\/2021\/wp-json\/wp\/v2\/pages"}],"about":[{"href":"https:\/\/caseib.es\/2021\/wp-json\/wp\/v2\/types\/page"}],"author":[{"embeddable":true,"href":"https:\/\/caseib.es\/2021\/wp-json\/wp\/v2\/users\/6"}],"replies":[{"embeddable":true,"href":"https:\/\/caseib.es\/2021\/wp-json\/wp\/v2\/comments?post=28"}],"version-history":[{"count":47,"href":"https:\/\/caseib.es\/2021\/wp-json\/wp\/v2\/pages\/28\/revisions"}],"predecessor-version":[{"id":3725,"href":"https:\/\/caseib.es\/2021\/wp-json\/wp\/v2\/pages\/28\/revisions\/3725"}],"wp:attachment":[{"href":"https:\/\/caseib.es\/2021\/wp-json\/wp\/v2\/media?parent=28"}],"curies":[{"name":"wp","href":"https:\/\/api.w.org\/{rel}","templated":true}]}}