{"id":3006,"date":"2020-06-19T14:00:57","date_gmt":"2020-06-19T13:00:57","guid":{"rendered":"http:\/\/caseib.es\/2020\/?page_id=3006"},"modified":"2020-11-13T11:00:16","modified_gmt":"2020-11-13T10:00:16","slug":"sala-virtual-2","status":"publish","type":"page","link":"https:\/\/caseib.es\/2021\/sala-virtual-2\/","title":{"rendered":"Sala virtual 2"},"content":{"rendered":"<h4>Sala virtual 2: sesiones ordinarias.<\/h4>\n<ul>\n<li>Se\u00f1ales Biom\u00e9dicas I, II, III y IV<\/li>\n<li>Ingenier\u00eda de Rehabilitaci\u00f3n<\/li>\n<\/ul>\n<p>&nbsp;<\/p>\n","protected":false},"excerpt":{"rendered":"<p>Sala virtual 2: sesiones ordinarias. Se\u00f1ales Biom\u00e9dicas I, II, III y IV Ingenier\u00eda de Rehabilitaci\u00f3n &nbsp;<\/p>\n<p> <a class=\"continue-reading-link\" href=\"https:\/\/caseib.es\/2021\/sala-virtual-2\/\"><span>VER MAS<\/span><i class=\"crycon-right-dir\"><\/i><\/a> <\/p>\n","protected":false},"author":6,"featured_media":0,"parent":0,"menu_order":0,"comment_status":"closed","ping_status":"closed","template":"","meta":{"footnotes":""},"class_list":["post-3006","page","type-page","status-publish","hentry"],"_links":{"self":[{"href":"https:\/\/caseib.es\/2021\/wp-json\/wp\/v2\/pages\/3006","targetHints":{"allow":["GET"]}}],"collection":[{"href":"https:\/\/caseib.es\/2021\/wp-json\/wp\/v2\/pages"}],"about":[{"href":"https:\/\/caseib.es\/2021\/wp-json\/wp\/v2\/types\/page"}],"author":[{"embeddable":true,"href":"https:\/\/caseib.es\/2021\/wp-json\/wp\/v2\/users\/6"}],"replies":[{"embeddable":true,"href":"https:\/\/caseib.es\/2021\/wp-json\/wp\/v2\/comments?post=3006"}],"version-history":[{"count":3,"href":"https:\/\/caseib.es\/2021\/wp-json\/wp\/v2\/pages\/3006\/revisions"}],"predecessor-version":[{"id":3244,"href":"https:\/\/caseib.es\/2021\/wp-json\/wp\/v2\/pages\/3006\/revisions\/3244"}],"wp:attachment":[{"href":"https:\/\/caseib.es\/2021\/wp-json\/wp\/v2\/media?parent=3006"}],"curies":[{"name":"wp","href":"https:\/\/api.w.org\/{rel}","templated":true}]}}