{"id":3008,"date":"2020-06-19T14:01:30","date_gmt":"2020-06-19T13:01:30","guid":{"rendered":"http:\/\/caseib.es\/2020\/?page_id=3008"},"modified":"2020-11-13T11:01:30","modified_gmt":"2020-11-13T10:01:30","slug":"sala-virtual-3","status":"publish","type":"page","link":"https:\/\/caseib.es\/2021\/sala-virtual-3\/","title":{"rendered":"Sala virtual 3"},"content":{"rendered":"<h4>Sala virtual 3: sesiones ordinarias.<\/h4>\n<ul>\n<li>Bioinstrumentaci\u00f3n<\/li>\n<li>Sistemas de Ayuda a la Decisi\u00f3n I<\/li>\n<li>Im\u00e1genes Biom\u00e9dicas I y II<\/li>\n<li>Inform\u00e1tica Biom\u00e9dica<\/li>\n<\/ul>\n<p>&nbsp;<\/p>\n","protected":false},"excerpt":{"rendered":"<p>Sala virtual 3: sesiones ordinarias. Bioinstrumentaci\u00f3n Sistemas de Ayuda a la Decisi\u00f3n I Im\u00e1genes Biom\u00e9dicas I y II Inform\u00e1tica Biom\u00e9dica &nbsp;<\/p>\n<p> <a class=\"continue-reading-link\" href=\"https:\/\/caseib.es\/2021\/sala-virtual-3\/\"><span>VER MAS<\/span><i class=\"crycon-right-dir\"><\/i><\/a> <\/p>\n","protected":false},"author":6,"featured_media":0,"parent":0,"menu_order":0,"comment_status":"closed","ping_status":"closed","template":"","meta":{"footnotes":""},"class_list":["post-3008","page","type-page","status-publish","hentry"],"_links":{"self":[{"href":"https:\/\/caseib.es\/2021\/wp-json\/wp\/v2\/pages\/3008","targetHints":{"allow":["GET"]}}],"collection":[{"href":"https:\/\/caseib.es\/2021\/wp-json\/wp\/v2\/pages"}],"about":[{"href":"https:\/\/caseib.es\/2021\/wp-json\/wp\/v2\/types\/page"}],"author":[{"embeddable":true,"href":"https:\/\/caseib.es\/2021\/wp-json\/wp\/v2\/users\/6"}],"replies":[{"embeddable":true,"href":"https:\/\/caseib.es\/2021\/wp-json\/wp\/v2\/comments?post=3008"}],"version-history":[{"count":3,"href":"https:\/\/caseib.es\/2021\/wp-json\/wp\/v2\/pages\/3008\/revisions"}],"predecessor-version":[{"id":3245,"href":"https:\/\/caseib.es\/2021\/wp-json\/wp\/v2\/pages\/3008\/revisions\/3245"}],"wp:attachment":[{"href":"https:\/\/caseib.es\/2021\/wp-json\/wp\/v2\/media?parent=3008"}],"curies":[{"name":"wp","href":"https:\/\/api.w.org\/{rel}","templated":true}]}}