{"id":3141,"date":"2020-10-16T10:08:27","date_gmt":"2020-10-16T09:08:27","guid":{"rendered":"http:\/\/caseib.es\/2020\/?page_id=3141"},"modified":"2021-09-30T09:03:11","modified_gmt":"2021-09-30T08:03:11","slug":"revista-entropy","status":"publish","type":"page","link":"https:\/\/caseib.es\/2021\/revista-entropy\/","title":{"rendered":"Revista Entropy: CASEIB 2021 Special Issue"},"content":{"rendered":"<p>Repitiendo la experiencia de ediciones anteriores, este a\u00f1o se configurar\u00e1 un n\u00famero especial en la revista Entropy con trabajos enviados al CASEIB 2021. En esta ocasi\u00f3n podr\u00e1n optar los trabajos que se presenten al concurso para los premios Jos\u00e9 Mar\u00eda Ferrero Corral. Esta revista internacional del grupo MDPI, indexada en el JCR_SCI con un factor de impacto de 2.524, recoge art\u00edculos referentes al desarrollo te\u00f3rico, as\u00ed como a la aplicaci\u00f3n de aspectos b\u00e1sicos y avanzados de entrop\u00eda, complejidad y teor\u00eda de la informaci\u00f3n, entre otros (ver <a href=\"https:\/\/www.mdpi.com\/journal\/entropy\/about\">scope<\/a>).<\/p>\n<p>En el proceso de <strong>env\u00edo de la versi\u00f3n definitiva de las contribuciones al CASEIB 2021<\/strong>, todos aquellos autores que consideren que su trabajo est\u00e1 en l\u00ednea con alguno de los siguientes t\u00f3picos podr\u00e1n expresar su inter\u00e9s en participar en el n\u00famero especial <strong><u>marcando la opci\u00f3n habilitada al efecto<\/u> (Revista Entropy)<\/strong>:<\/p>\n<ul>\n<li>M\u00e9tricas de entrop\u00eda y complejidad.<\/li>\n<li>Herramientas de teor\u00eda de la informaci\u00f3n.<\/li>\n<li>An\u00e1lisis no lineal de din\u00e1micas temporales.<\/li>\n<li>Reconocimiento de patrones, codificaci\u00f3n y compresi\u00f3n.<\/li>\n<li>Inteligencia artificial, deep learning, machine learning, Big-data.<\/li>\n<\/ul>\n<p>Se tendr\u00e1n en cuenta los siguientes aspectos de la contribuci\u00f3n:<\/p>\n<ul>\n<li>Los manuscritos tendr\u00e1n que estar escritos en ingl\u00e9s y seguir el formato exigido por la revista.<\/li>\n<li>Se tendr\u00e1 que citar el art\u00edculo original presentado en el CASEIB 2021.<\/li>\n<li>El manuscrito final tendr\u00e1 que extender el original, diferenci\u00e1ndose ambos en al menos un 50%.<\/li>\n<\/ul>\n<p>Los manuscritos enviados seguir\u00e1n el proceso normal de revisi\u00f3n ciega por, al menos, dos expertos internacionales. Al ser una revista open-access, Entropy aplica una tasa de publicaci\u00f3n a sus art\u00edculos.<\/p>\n<p>Para este n\u00famero especial, se aplicar\u00e1 una reducci\u00f3n del 50% en los 10 trabajos mejor puntuados por el CASEIB 2021. Para seleccionar estos 10 trabajos se considerar\u00e1 la puntuaci\u00f3n promedio otorgada por los revisores del Comit\u00e9 Cient\u00edfico del CASEIB 2021, durante el proceso de revisi\u00f3n, atendiendo a los siguientes aspectos:<\/p>\n<ul>\n<li>Originalidad \/ novedad.<\/li>\n<li>Relevancia del contenido.<\/li>\n<li>Calidad de la presentaci\u00f3n.<\/li>\n<li>Inter\u00e9s cient\u00edfico.<\/li>\n<\/ul>\n<p>Aquellos trabajos que resulten seleccionados deber\u00e1n abonar, en el momento de la aceptaci\u00f3n de la revista Entropy, una tasa de 900 CHF (francos suizos). Los que no resulten seleccionados podr\u00e1n ser igualmente publicados, siempre y cuando los autores se hagan cargo de la tasa \u00edntegra de publicaci\u00f3n (1800 CHF) menos un 20% por ser socios de la SEIB.<\/p>\n<p>Confiamos que esta iniciativa sea de vuestro agrado y os anime a participar en una nueva edici\u00f3n del CASEIB.<\/p>\n<p>Atentamente,<\/p>\n<p><em>Ra\u00fal Alcaraz <\/em><br \/>\n<em>Elisabete Aramendi <\/em><br \/>\n<em>Raimon Jan\u00e9<\/em><br \/>\n<em>M. Elena Hernando<\/em><\/p>\n<p><em>Editores invitados del n\u00famero especial<\/em><\/p>\n","protected":false},"excerpt":{"rendered":"<p>Repitiendo la experiencia de ediciones anteriores, este a\u00f1o se configurar\u00e1 un n\u00famero especial en la revista Entropy con trabajos enviados al CASEIB 2021. En esta ocasi\u00f3n podr\u00e1n optar los trabajos que se presenten al concurso para los premios Jos\u00e9 Mar\u00eda Ferrero Corral. Esta revista internacional del grupo MDPI, indexada en\u2026<\/p>\n<p> <a class=\"continue-reading-link\" href=\"https:\/\/caseib.es\/2021\/revista-entropy\/\"><span>VER MAS<\/span><i class=\"crycon-right-dir\"><\/i><\/a> <\/p>\n","protected":false},"author":6,"featured_media":0,"parent":0,"menu_order":0,"comment_status":"closed","ping_status":"closed","template":"","meta":{"footnotes":""},"class_list":["post-3141","page","type-page","status-publish","hentry"],"_links":{"self":[{"href":"https:\/\/caseib.es\/2021\/wp-json\/wp\/v2\/pages\/3141","targetHints":{"allow":["GET"]}}],"collection":[{"href":"https:\/\/caseib.es\/2021\/wp-json\/wp\/v2\/pages"}],"about":[{"href":"https:\/\/caseib.es\/2021\/wp-json\/wp\/v2\/types\/page"}],"author":[{"embeddable":true,"href":"https:\/\/caseib.es\/2021\/wp-json\/wp\/v2\/users\/6"}],"replies":[{"embeddable":true,"href":"https:\/\/caseib.es\/2021\/wp-json\/wp\/v2\/comments?post=3141"}],"version-history":[{"count":14,"href":"https:\/\/caseib.es\/2021\/wp-json\/wp\/v2\/pages\/3141\/revisions"}],"predecessor-version":[{"id":3613,"href":"https:\/\/caseib.es\/2021\/wp-json\/wp\/v2\/pages\/3141\/revisions\/3613"}],"wp:attachment":[{"href":"https:\/\/caseib.es\/2021\/wp-json\/wp\/v2\/media?parent=3141"}],"curies":[{"name":"wp","href":"https:\/\/api.w.org\/{rel}","templated":true}]}}