{"id":3238,"date":"2020-11-13T10:28:59","date_gmt":"2020-11-13T09:28:59","guid":{"rendered":"http:\/\/caseib.es\/2020\/?page_id=3238"},"modified":"2020-11-13T11:02:31","modified_gmt":"2020-11-13T10:02:31","slug":"sala-virtual-4","status":"publish","type":"page","link":"https:\/\/caseib.es\/2021\/sala-virtual-4\/","title":{"rendered":"Sala virtual 4"},"content":{"rendered":"<h4>Sala virtual 4: sesiones ordinarias.<\/h4>\n<ul>\n<li>Biomateriales<\/li>\n<li>Telemedicina y e-Salud<\/li>\n<li>Modelado de Sistemas M\u00e9dicos<\/li>\n<li>Simulaci\u00f3n y Planificaci\u00f3n Quir\u00fargica<\/li>\n<li>Sistemas de Ayuda a la Decisi\u00f3n II<\/li>\n<\/ul>\n<p>&nbsp;<\/p>\n","protected":false},"excerpt":{"rendered":"<p>Sala virtual 4: sesiones ordinarias. Biomateriales Telemedicina y e-Salud Modelado de Sistemas M\u00e9dicos Simulaci\u00f3n y Planificaci\u00f3n Quir\u00fargica Sistemas de Ayuda a la Decisi\u00f3n II &nbsp;<\/p>\n<p> <a class=\"continue-reading-link\" href=\"https:\/\/caseib.es\/2021\/sala-virtual-4\/\"><span>VER MAS<\/span><i class=\"crycon-right-dir\"><\/i><\/a> <\/p>\n","protected":false},"author":6,"featured_media":0,"parent":0,"menu_order":0,"comment_status":"closed","ping_status":"closed","template":"","meta":{"footnotes":""},"class_list":["post-3238","page","type-page","status-publish","hentry"],"_links":{"self":[{"href":"https:\/\/caseib.es\/2021\/wp-json\/wp\/v2\/pages\/3238","targetHints":{"allow":["GET"]}}],"collection":[{"href":"https:\/\/caseib.es\/2021\/wp-json\/wp\/v2\/pages"}],"about":[{"href":"https:\/\/caseib.es\/2021\/wp-json\/wp\/v2\/types\/page"}],"author":[{"embeddable":true,"href":"https:\/\/caseib.es\/2021\/wp-json\/wp\/v2\/users\/6"}],"replies":[{"embeddable":true,"href":"https:\/\/caseib.es\/2021\/wp-json\/wp\/v2\/comments?post=3238"}],"version-history":[{"count":2,"href":"https:\/\/caseib.es\/2021\/wp-json\/wp\/v2\/pages\/3238\/revisions"}],"predecessor-version":[{"id":3246,"href":"https:\/\/caseib.es\/2021\/wp-json\/wp\/v2\/pages\/3238\/revisions\/3246"}],"wp:attachment":[{"href":"https:\/\/caseib.es\/2021\/wp-json\/wp\/v2\/media?parent=3238"}],"curies":[{"name":"wp","href":"https:\/\/api.w.org\/{rel}","templated":true}]}}