{"id":3248,"date":"2020-11-13T11:48:10","date_gmt":"2020-11-13T10:48:10","guid":{"rendered":"http:\/\/caseib.es\/2020\/?page_id=3248"},"modified":"2020-11-16T09:35:57","modified_gmt":"2020-11-16T08:35:57","slug":"salas-virtuales","status":"publish","type":"page","link":"https:\/\/caseib.es\/2021\/salas-virtuales\/","title":{"rendered":"Salas virtuales"},"content":{"rendered":"<p>En esta secci\u00f3n aparecen los enlaces a las salas virtuales donde se desarrollar\u00e1n las distintas sesiones de la conferencia: inauguraci\u00f3n, conferencias, mesas redondas, sesiones ordinarias, etc. Puede consultar en los siguientes manuales las instrucciones necesarias para incorporarse a las conferencias, sesiones, etc.: <a href=\"https:\/\/caseib.es\/2021\/wp-content\/uploads\/2020\/11\/Manual_congreso_virtual_-_CASEIB2020_-_Espectador.pdf\" target=\"_blank\" rel=\"noopener noreferrer\">Manual del espectador<\/a>, <a href=\"https:\/\/caseib.es\/2021\/wp-content\/uploads\/2020\/11\/Manual_Videoconferencia_Zoom_-_CASEIB2020_-_Ponente.pdf\" target=\"_blank\" rel=\"noopener noreferrer\">Manual del ponente<\/a>\u00a0y <a href=\"https:\/\/caseib.es\/2021\/wp-content\/uploads\/2020\/11\/Manual_Videoconferencia_Zoom_-_CASEIB2020_-_Moderador.pdf\" target=\"_blank\" rel=\"noopener noreferrer\">Manual del moderador<\/a>.<\/p>\n<ul>\n<li><a href=\"https:\/\/caseib.es\/2021\/sala-virtual-1\/\">Sala virtual 1<\/a>: sesiones plenarias y competiciones de estudiantes.\n<ul>\n<li>Acto inaugural<\/li>\n<li>Conferencia plenaria inaugural<\/li>\n<li>Competici\u00f3n de estudiantes de Grado en Ingenier\u00eda Biom\u00e9dica<\/li>\n<li>Premio Jos\u00e9 Mar\u00eda Ferrero Corral<\/li>\n<li>Mesas redondas I y II<\/li>\n<li>Asamblea de la SEIB<\/li>\n<li>Conferencia de clausura y entrega de premios<\/li>\n<\/ul>\n<\/li>\n<li><a href=\"https:\/\/caseib.es\/2021\/sala-virtual-2\/\">Sala virtual 2<\/a>: sesiones ordinarias.\n<ul>\n<li>Se\u00f1ales Biom\u00e9dicas I, II, III y IV<\/li>\n<li>Ingenier\u00eda de Rehabilitaci\u00f3n<\/li>\n<\/ul>\n<\/li>\n<li><a href=\"https:\/\/caseib.es\/2021\/sala-virtual-3\/\">Sala virtual 3<\/a>: sesiones ordinarias.\n<ul>\n<li>Bioinstrumentaci\u00f3n<\/li>\n<li>Sistemas de Ayuda a la Decisi\u00f3n I<\/li>\n<li>Im\u00e1genes Biom\u00e9dicas I y II<\/li>\n<li>Inform\u00e1tica Biom\u00e9dica<\/li>\n<\/ul>\n<\/li>\n<li><a href=\"https:\/\/caseib.es\/2021\/sala-virtual-4\/\">Sala virtual 4<\/a>: sesiones ordinarias.\n<ul>\n<li>Biomateriales<\/li>\n<li>Telemedicina y e-Salud<\/li>\n<li>Modelado de Sistemas M\u00e9dicos<\/li>\n<li>Simulaci\u00f3n y Planificaci\u00f3n Quir\u00fargica<\/li>\n<li>Sistemas de Ayuda a la Decisi\u00f3n II<\/li>\n<\/ul>\n<\/li>\n<\/ul>\n<p>&nbsp;<\/p>\n","protected":false},"excerpt":{"rendered":"<p>En esta secci\u00f3n aparecen los enlaces a las salas virtuales donde se desarrollar\u00e1n las distintas sesiones de la conferencia: inauguraci\u00f3n, conferencias, mesas redondas, sesiones ordinarias, etc. Puede consultar en los siguientes manuales las instrucciones necesarias para incorporarse a las conferencias, sesiones, etc.: Manual del espectador, Manual del ponente\u00a0y Manual del\u2026<\/p>\n<p> <a class=\"continue-reading-link\" href=\"https:\/\/caseib.es\/2021\/salas-virtuales\/\"><span>VER MAS<\/span><i class=\"crycon-right-dir\"><\/i><\/a> <\/p>\n","protected":false},"author":6,"featured_media":0,"parent":0,"menu_order":0,"comment_status":"closed","ping_status":"closed","template":"","meta":{"footnotes":""},"class_list":["post-3248","page","type-page","status-publish","hentry"],"_links":{"self":[{"href":"https:\/\/caseib.es\/2021\/wp-json\/wp\/v2\/pages\/3248","targetHints":{"allow":["GET"]}}],"collection":[{"href":"https:\/\/caseib.es\/2021\/wp-json\/wp\/v2\/pages"}],"about":[{"href":"https:\/\/caseib.es\/2021\/wp-json\/wp\/v2\/types\/page"}],"author":[{"embeddable":true,"href":"https:\/\/caseib.es\/2021\/wp-json\/wp\/v2\/users\/6"}],"replies":[{"embeddable":true,"href":"https:\/\/caseib.es\/2021\/wp-json\/wp\/v2\/comments?post=3248"}],"version-history":[{"count":3,"href":"https:\/\/caseib.es\/2021\/wp-json\/wp\/v2\/pages\/3248\/revisions"}],"predecessor-version":[{"id":3260,"href":"https:\/\/caseib.es\/2021\/wp-json\/wp\/v2\/pages\/3248\/revisions\/3260"}],"wp:attachment":[{"href":"https:\/\/caseib.es\/2021\/wp-json\/wp\/v2\/media?parent=3248"}],"curies":[{"name":"wp","href":"https:\/\/api.w.org\/{rel}","templated":true}]}}