{"id":3535,"date":"2021-07-15T12:51:04","date_gmt":"2021-07-15T11:51:04","guid":{"rendered":"https:\/\/caseib.es\/2021\/?page_id=3535"},"modified":"2021-09-30T09:02:07","modified_gmt":"2021-09-30T08:02:07","slug":"revista-sensors-caseib-2021-special-issue","status":"publish","type":"page","link":"https:\/\/caseib.es\/2021\/revista-sensors-caseib-2021-special-issue\/","title":{"rendered":"Revista Sensors: CASEIB 2021 Special Issue"},"content":{"rendered":"<p>Este a\u00f1o por primera vez se configurar\u00e1 un n\u00famero especial en la revista Sensors con trabajos enviados al CASEIB 2021. Podr\u00e1n optar los trabajos que se presenten al concurso para los premios Jos\u00e9 Mar\u00eda Ferrero Corral. Esta revista internacional del grupo MDPI, indexada en el JCR_SCI con un factor de impacto de 3.576 en 2020, recoge art\u00edculos referentes a tecnolog\u00edas y procesos de fabricaci\u00f3n de sensores, as\u00ed como a su acondicionamiento y aplicaciones.<\/p>\n<p>En el proceso de <strong>env\u00edo de la versi\u00f3n definitiva de las contribuciones al CASEIB 2021<\/strong>, todos aquellos autores que consideren que su trabajo est\u00e1 en l\u00ednea con alguno de los siguientes t\u00f3picos, podr\u00e1n expresar su inter\u00e9s en participar en el n\u00famero especial <strong><u>marcando la opci\u00f3n habilitada al efecto<\/u><\/strong> <strong>(Revista Sensors)<\/strong>:<\/p>\n<ul>\n<li>Nuevas tecnolog\u00edas y materiales en el sensado de biose\u00f1ales<\/li>\n<li>Lab-on-a-Chip<\/li>\n<li>Telemedicina y telemonitorizaci\u00f3n de biose\u00f1ales<\/li>\n<li>Redes de sensores y sensores inteligentes en aplicaciones biom\u00e9dicas<\/li>\n<li>Micro y nanosensores en bioingenier\u00eda<\/li>\n<li>Sensores, dispositivos y dispositivos electr\u00f3nicos portables<\/li>\n<li>Procesado de se\u00f1ales biom\u00e9dicas, fusi\u00f3n de datos y aprendizaje profundo<\/li>\n<li>Captaci\u00f3n y procesado de im\u00e1genes m\u00e9dicas<\/li>\n<li>Aprendizaje m\u00e1quina, profundo e inteligencia artificial en sensado e im\u00e1genes m\u00e9dicas<\/li>\n<li>IoT en aplicaciones biom\u00e9dicas<\/li>\n<li>Generaci\u00f3n de conocimiento cl\u00ednico a partir de modelos computacionales<\/li>\n<li>Nuevas tecnolog\u00edas en simulaci\u00f3n, monitorizaci\u00f3n y planificaci\u00f3n quir\u00fargica<\/li>\n<\/ul>\n<p>Se tendr\u00e1n en cuenta los siguientes aspectos de la contribuci\u00f3n:<\/p>\n<p>Los manuscritos tendr\u00e1n que estar escritos en ingl\u00e9s y seguir el formato exigido por la revista.<\/p>\n<p>Se tendr\u00e1 que citar el art\u00edculo original presentado en el CASEIB 2021.<\/p>\n<p>El manuscrito final tendr\u00e1 que extender el original, diferenci\u00e1ndose ambos en al menos un 50%.<\/p>\n<p>Los manuscritos enviados seguir\u00e1n el proceso normal de revisi\u00f3n ciega por, al menos, dos expertos internacionales. Al ser una revista open-access, Sensors aplica una tasa de publicaci\u00f3n a sus art\u00edculos.<\/p>\n<p>Para este n\u00famero especial, se aplicar\u00e1 una reducci\u00f3n del 50% en los 10 trabajos mejor puntuados por el CASEIB 2021. Para seleccionar estos 10 trabajos se considerar\u00e1 la puntuaci\u00f3n promedio otorgada por los revisores del Comit\u00e9 Cient\u00edfico del CASEIB 2021, durante el proceso de revisi\u00f3n, atendiendo a los siguientes aspectos:<\/p>\n<ul>\n<li>Originalidad \/ novedad.<\/li>\n<li>Relevancia del contenido.<\/li>\n<li>Calidad de la presentaci\u00f3n.<\/li>\n<li>Inter\u00e9s cient\u00edfico.<\/li>\n<\/ul>\n<p>Aquellos trabajos que resulten seleccionados deber\u00e1n abonar, en el momento de la aceptaci\u00f3n de la revista Sensors, una tasa de 1100 CHF (francos suizos). Los que no resulten seleccionados podr\u00e1n ser igualmente publicados, siempre y cuando los autores se hagan cargo de la tasa \u00edntegra de publicaci\u00f3n (2200 CHF) menos un 20% por ser socios de la SEIB.<\/p>\n<p>Confiamos que esta iniciativa sea de vuestro agrado y os anime a participar en una nueva edici\u00f3n del CASEIB.<\/p>\n<p>Atentamente,<\/p>\n<p>Gema Prats<br \/>\n<em>Elisabete Aramendi<\/em><br \/>\n<em>Javier Reina<\/em><br \/>\n<em>Roberto Hornero<\/em><br \/>\n<em>Patricia S\u00e1nchez<\/em><\/p>\n<p><em>Editores invitados del n\u00famero especial<\/em><\/p>\n","protected":false},"excerpt":{"rendered":"<p>Este a\u00f1o por primera vez se configurar\u00e1 un n\u00famero especial en la revista Sensors con trabajos enviados al CASEIB 2021. Podr\u00e1n optar los trabajos que se presenten al concurso para los premios Jos\u00e9 Mar\u00eda Ferrero Corral. Esta revista internacional del grupo MDPI, indexada en el JCR_SCI con un factor de\u2026<\/p>\n<p> <a class=\"continue-reading-link\" href=\"https:\/\/caseib.es\/2021\/revista-sensors-caseib-2021-special-issue\/\"><span>VER MAS<\/span><i class=\"crycon-right-dir\"><\/i><\/a> <\/p>\n","protected":false},"author":6,"featured_media":0,"parent":0,"menu_order":0,"comment_status":"closed","ping_status":"closed","template":"","meta":{"footnotes":""},"class_list":["post-3535","page","type-page","status-publish","hentry"],"_links":{"self":[{"href":"https:\/\/caseib.es\/2021\/wp-json\/wp\/v2\/pages\/3535","targetHints":{"allow":["GET"]}}],"collection":[{"href":"https:\/\/caseib.es\/2021\/wp-json\/wp\/v2\/pages"}],"about":[{"href":"https:\/\/caseib.es\/2021\/wp-json\/wp\/v2\/types\/page"}],"author":[{"embeddable":true,"href":"https:\/\/caseib.es\/2021\/wp-json\/wp\/v2\/users\/6"}],"replies":[{"embeddable":true,"href":"https:\/\/caseib.es\/2021\/wp-json\/wp\/v2\/comments?post=3535"}],"version-history":[{"count":4,"href":"https:\/\/caseib.es\/2021\/wp-json\/wp\/v2\/pages\/3535\/revisions"}],"predecessor-version":[{"id":3612,"href":"https:\/\/caseib.es\/2021\/wp-json\/wp\/v2\/pages\/3535\/revisions\/3612"}],"wp:attachment":[{"href":"https:\/\/caseib.es\/2021\/wp-json\/wp\/v2\/media?parent=3535"}],"curies":[{"name":"wp","href":"https:\/\/api.w.org\/{rel}","templated":true}]}}