{"id":652,"date":"2016-06-15T10:34:57","date_gmt":"2016-06-15T09:34:57","guid":{"rendered":"http:\/\/caseib16.es\/?page_id=652"},"modified":"2021-10-25T00:58:23","modified_gmt":"2021-10-24T23:58:23","slug":"comite-cientifico-2","status":"publish","type":"page","link":"https:\/\/caseib.es\/2021\/comite-cientifico-2\/","title":{"rendered":"Comit\u00e9 Cient\u00edfico"},"content":{"rendered":"<hr \/>\n<p><strong>Presidente:<\/strong> Enrique J. G\u00f3mez Aguilera.\u00a0<em>Universidad Polit\u00e9cnica de Madrid<\/em><\/p>\n<p><strong>Secretaria: <\/strong>Mar\u00eda Elena Hernando P\u00e9rez.\u00a0<em>Universidad Polit\u00e9cnica de Madrid<\/em><\/p>\n<p><strong>Co-secretaria:<\/strong> Patricia S\u00e1nchez Gonz\u00e1lez.\u00a0<em>Universidad Polit\u00e9cnica de Madrid<\/em><\/p>\n<p><strong>Vocales<\/strong><\/p>\n<p>Bego\u00f1a Acha Pi\u00f1ero. <em>Universidad de Sevilla<\/em><\/p>\n<p>Ra\u00fal Alcaraz Mart\u00ednez. <em>Universidad de Castilla-La Mancha<\/em><\/p>\n<p>Erik Alonso. <em>Universidad del Pa\u00eds Vasco<\/em><\/p>\n<p>Elisabete Aramendi Ecenarro. <em>Universidad del Pa\u00eds Vasco<\/em><\/p>\n<p>Jos\u00e9 Luis Arce Diego.<em> Universidad de Cantabria<\/em><\/p>\n<p>M\u00aa Gloria Bueno Garc\u00eda. <em>Universidad de Castilla-La Mancha<\/em><\/p>\n<p>Manuel Desco Men\u00e9ndez.\u00a0<em>Universidad Carlos III de Madrid<\/em><\/p>\n<p>F\u00e9lix Fanjul V\u00e9lez. <em>Universidad de Cantabria<\/em><\/p>\n<p>Javier Garc\u00eda Casado. <em>Universidad Polit\u00e9cnica de Valencia<\/em><\/p>\n<p>Mar\u00eda Garc\u00eda Gada\u00f1\u00f3n. <em>Universidad de Valladolid<\/em><\/p>\n<p>Beatriz F. Giraldo Giraldo. <em>Universidad Polit\u00e9cnica de Catalu\u00f1a<\/em><\/p>\n<p>Roberto Hornero S\u00e1nchez. <em>Universidad de Valladolid<\/em><\/p>\n<p>Raimon Jan\u00e9 Campos. <em>Universidad Polit\u00e9cnica de Catalu\u00f1a<\/em><\/p>\n<p>Pablo Laguna Lasaosa. <em>Universidad de Zaragoza<\/em><\/p>\n<p>Mar\u00eda Jes\u00fas Ledesma. <em>Universidad Polit\u00e9cnica de Madrid<\/em><\/p>\n<p>Maite Mujika Garmendia. <em>CEIT-TECNUN, San Sebasti\u00e1n<\/em><\/p>\n<p>Jes\u00fas Poza Crespo. <em>Universidad de Valladolid<\/em><\/p>\n<p>Gema Prats Boluda. <em>Universidad Polit\u00e9cnica de Valencia<\/em><\/p>\n<p>Javier Reina Tosina. <em>Universidad de Sevilla<\/em><\/p>\n<p>Ana de los Reyes Guzm\u00e1n. <em>Servicio de Salud de Castilla-La Mancha<\/em><\/p>\n<p>Jos\u00e9 Joaqu\u00edn Rieta Ib\u00e1\u00f1ez. <em>Universidad Polit\u00e9cnica de Valencia<\/em><\/p>\n<p>Isabel Rom\u00e1n Mart\u00ednez. <em>Universidad de Sevilla<\/em><\/p>\n<p>Francisco Javier S\u00e1iz Rodr\u00edguez. <em>Universidad Polit\u00e9cnica de Valencia<\/em><\/p>\n<p>Francisco M. S\u00e1nchez Margallo. <em>C.C.M.I. Jes\u00fas Us\u00f3n<\/em><\/p>\n<p>Daniel S\u00e1nchez Morillo. <em>Universidad de C\u00e1diz<\/em><\/p>\n<p>Andr\u00e9s Santos Lle\u00f3. <em>Universidad Polit\u00e9cnica de Madrid<\/em><\/p>\n<p>Carmen Serrano Gotarredona. <em>Universidad de Sevilla<\/em><\/p>\n<p>Abel Torres Cebri\u00e1n. <em>Universidad Polit\u00e9cnica de Catalu\u00f1a<\/em><\/p>\n","protected":false},"excerpt":{"rendered":"<p>Presidente: Enrique J. G\u00f3mez Aguilera.\u00a0Universidad Polit\u00e9cnica de Madrid Secretaria: Mar\u00eda Elena Hernando P\u00e9rez.\u00a0Universidad Polit\u00e9cnica de Madrid Co-secretaria: Patricia S\u00e1nchez Gonz\u00e1lez.\u00a0Universidad Polit\u00e9cnica de Madrid Vocales Bego\u00f1a Acha Pi\u00f1ero. Universidad de Sevilla Ra\u00fal Alcaraz Mart\u00ednez. Universidad de Castilla-La Mancha Erik Alonso. Universidad del Pa\u00eds Vasco Elisabete Aramendi Ecenarro. Universidad del Pa\u00eds Vasco\u2026<\/p>\n<p> <a class=\"continue-reading-link\" href=\"https:\/\/caseib.es\/2021\/comite-cientifico-2\/\"><span>VER MAS<\/span><i class=\"crycon-right-dir\"><\/i><\/a> <\/p>\n","protected":false},"author":6,"featured_media":0,"parent":0,"menu_order":0,"comment_status":"closed","ping_status":"open","template":"","meta":{"footnotes":""},"class_list":["post-652","page","type-page","status-publish","hentry"],"_links":{"self":[{"href":"https:\/\/caseib.es\/2021\/wp-json\/wp\/v2\/pages\/652","targetHints":{"allow":["GET"]}}],"collection":[{"href":"https:\/\/caseib.es\/2021\/wp-json\/wp\/v2\/pages"}],"about":[{"href":"https:\/\/caseib.es\/2021\/wp-json\/wp\/v2\/types\/page"}],"author":[{"embeddable":true,"href":"https:\/\/caseib.es\/2021\/wp-json\/wp\/v2\/users\/6"}],"replies":[{"embeddable":true,"href":"https:\/\/caseib.es\/2021\/wp-json\/wp\/v2\/comments?post=652"}],"version-history":[{"count":61,"href":"https:\/\/caseib.es\/2021\/wp-json\/wp\/v2\/pages\/652\/revisions"}],"predecessor-version":[{"id":3671,"href":"https:\/\/caseib.es\/2021\/wp-json\/wp\/v2\/pages\/652\/revisions\/3671"}],"wp:attachment":[{"href":"https:\/\/caseib.es\/2021\/wp-json\/wp\/v2\/media?parent=652"}],"curies":[{"name":"wp","href":"https:\/\/api.w.org\/{rel}","templated":true}]}}