{"id":7,"date":"2015-02-03T18:57:51","date_gmt":"2015-02-03T17:57:51","guid":{"rendered":"http:\/\/localhost\/caseib15\/?page_id=7"},"modified":"2021-07-15T09:37:52","modified_gmt":"2021-07-15T08:37:52","slug":"comites","status":"publish","type":"page","link":"https:\/\/caseib.es\/2021\/comites\/","title":{"rendered":"Comit\u00e9s"},"content":{"rendered":"<p><strong><a title=\"Comit\u00e9 Organizador\" href=\"https:\/\/caseib.es\/2021\/comite-organizador\/\">Comit\u00e9 Organizador<\/a><\/strong><\/p>\n<p>Presidente: Enrique J. G\u00f3mez Aguilera<\/p>\n<p><a href=\"https:\/\/caseib.es\/2021\/comite-cientifico-2\/\"><strong>Comit\u00e9 Cient\u00edfico<\/strong><\/a><\/p>\n<p>Presidente: M\u00aa Elena Hernando P\u00e9rez<\/p>\n<p>&nbsp;<\/p>\n","protected":false},"excerpt":{"rendered":"<p>Comit\u00e9 Organizador Presidente: Enrique J. G\u00f3mez Aguilera Comit\u00e9 Cient\u00edfico Presidente: M\u00aa Elena Hernando P\u00e9rez &nbsp;<\/p>\n<p> <a class=\"continue-reading-link\" href=\"https:\/\/caseib.es\/2021\/comites\/\"><span>VER MAS<\/span><i class=\"crycon-right-dir\"><\/i><\/a> <\/p>\n","protected":false},"author":6,"featured_media":0,"parent":0,"menu_order":0,"comment_status":"closed","ping_status":"open","template":"","meta":{"footnotes":""},"class_list":["post-7","page","type-page","status-publish","hentry"],"_links":{"self":[{"href":"https:\/\/caseib.es\/2021\/wp-json\/wp\/v2\/pages\/7","targetHints":{"allow":["GET"]}}],"collection":[{"href":"https:\/\/caseib.es\/2021\/wp-json\/wp\/v2\/pages"}],"about":[{"href":"https:\/\/caseib.es\/2021\/wp-json\/wp\/v2\/types\/page"}],"author":[{"embeddable":true,"href":"https:\/\/caseib.es\/2021\/wp-json\/wp\/v2\/users\/6"}],"replies":[{"embeddable":true,"href":"https:\/\/caseib.es\/2021\/wp-json\/wp\/v2\/comments?post=7"}],"version-history":[{"count":18,"href":"https:\/\/caseib.es\/2021\/wp-json\/wp\/v2\/pages\/7\/revisions"}],"predecessor-version":[{"id":3497,"href":"https:\/\/caseib.es\/2021\/wp-json\/wp\/v2\/pages\/7\/revisions\/3497"}],"wp:attachment":[{"href":"https:\/\/caseib.es\/2021\/wp-json\/wp\/v2\/media?parent=7"}],"curies":[{"name":"wp","href":"https:\/\/api.w.org\/{rel}","templated":true}]}}