{"id":856,"date":"2016-11-05T00:19:51","date_gmt":"2016-11-04T23:19:51","guid":{"rendered":"http:\/\/caseib16.es\/?page_id=856"},"modified":"2021-07-15T09:10:43","modified_gmt":"2021-07-15T08:10:43","slug":"trabajos","status":"publish","type":"page","link":"https:\/\/caseib.es\/2021\/trabajos\/","title":{"rendered":"Presentaci\u00f3n de trabajos"},"content":{"rendered":"<hr \/>\n<h1>Normas para las presentaciones orales<\/h1>\n<p>Todos los trabajos aceptados en el CASEIB 2021 para exposici\u00f3n oral, ser\u00e1n presentados mediante un sistema de videoconferencia en la sala virtual del congreso. Los ponentes deber\u00e1n asegurarse de contar con una c\u00e1mara web y un micr\u00f3fono que permita la retransmisi\u00f3n de la presentaci\u00f3n con una calidad razonable. Asimismo, se recomienda que accedan a la sala virtual con 10-15 minutos de antelaci\u00f3n para contactar con el moderador de la sesi\u00f3n y recibir las indicaciones oportunas sobre c\u00f3mo lanzar la presentaci\u00f3n en la sala virtual.<\/p>\n<p>El tiempo asignado para la realizaci\u00f3n de las presentaciones orales ser\u00e1:<\/p>\n<ul>\n<li><strong>Sesi\u00f3n Premio Jos\u00e9 Mar\u00eda Ferrero Corral:<\/strong> 10 minutos de presentaci\u00f3n, seguido por 5 minutos para discusi\u00f3n y preguntas.<\/li>\n<li><strong>Sesi\u00f3n de Premios FENIN <\/strong>(GIB)<strong>: <\/strong>6 minutos de presentaci\u00f3n, seguido por 4 minutos para preguntas.<\/li>\n<\/ul>\n<p>Los ponentes deben ce\u00f1irse estrictamente al tiempo asignado, con el apoyo de los moderadores de cada sesi\u00f3n, para asegurar que cada participante pueda exponer su trabajo adecuadamente.<\/p>\n","protected":false},"excerpt":{"rendered":"<p>Normas para las presentaciones orales Todos los trabajos aceptados en el CASEIB 2021 para exposici\u00f3n oral, ser\u00e1n presentados mediante un sistema de videoconferencia en la sala virtual del congreso. Los ponentes deber\u00e1n asegurarse de contar con una c\u00e1mara web y un micr\u00f3fono que permita la retransmisi\u00f3n de la presentaci\u00f3n con\u2026<\/p>\n<p> <a class=\"continue-reading-link\" href=\"https:\/\/caseib.es\/2021\/trabajos\/\"><span>VER MAS<\/span><i class=\"crycon-right-dir\"><\/i><\/a> <\/p>\n","protected":false},"author":6,"featured_media":0,"parent":0,"menu_order":0,"comment_status":"closed","ping_status":"open","template":"","meta":{"footnotes":""},"class_list":["post-856","page","type-page","status-publish","hentry"],"_links":{"self":[{"href":"https:\/\/caseib.es\/2021\/wp-json\/wp\/v2\/pages\/856","targetHints":{"allow":["GET"]}}],"collection":[{"href":"https:\/\/caseib.es\/2021\/wp-json\/wp\/v2\/pages"}],"about":[{"href":"https:\/\/caseib.es\/2021\/wp-json\/wp\/v2\/types\/page"}],"author":[{"embeddable":true,"href":"https:\/\/caseib.es\/2021\/wp-json\/wp\/v2\/users\/6"}],"replies":[{"embeddable":true,"href":"https:\/\/caseib.es\/2021\/wp-json\/wp\/v2\/comments?post=856"}],"version-history":[{"count":27,"href":"https:\/\/caseib.es\/2021\/wp-json\/wp\/v2\/pages\/856\/revisions"}],"predecessor-version":[{"id":3485,"href":"https:\/\/caseib.es\/2021\/wp-json\/wp\/v2\/pages\/856\/revisions\/3485"}],"wp:attachment":[{"href":"https:\/\/caseib.es\/2021\/wp-json\/wp\/v2\/media?parent=856"}],"curies":[{"name":"wp","href":"https:\/\/api.w.org\/{rel}","templated":true}]}}