{"id":9,"date":"2015-02-03T18:58:26","date_gmt":"2015-02-03T17:58:26","guid":{"rendered":"http:\/\/localhost\/caseib15\/?page_id=9"},"modified":"2021-10-13T11:09:09","modified_gmt":"2021-10-13T10:09:09","slug":"comite-organizador","status":"publish","type":"page","link":"https:\/\/caseib.es\/2021\/comite-organizador\/","title":{"rendered":"Comit\u00e9 Organizador"},"content":{"rendered":"<p>Tenemos el placer de invitaros al XXXIX Congreso de la Sociedad Espa\u00f1ola de Ingenier\u00eda Biom\u00e9dica CASEIB 2021 que se celebrar\u00e1 los d\u00edas 25 y 26 de noviembre en formato virtual, organizado por el Grupo de Bioingenier\u00eda y Telemedicina de la Universidad Polit\u00e9cnica de Madrid y la Sociedad Espa\u00f1ola de Ingenier\u00eda Biom\u00e9dica (SEIB), en colaboraci\u00f3n con la Federaci\u00f3n de Empresas de Tecnolog\u00eda Sanitaria (FENIN) y el nodo espa\u00f1ol del European Institute of Innovation &amp; Technology in Health (EIT Health).<\/p>\n<p><strong>Presidente<\/strong><\/p>\n<p>Enrique J. G\u00f3mez Aguilera<\/p>\n<p><strong>Secretaria<\/strong><\/p>\n<p>Patricia S\u00e1nchez Gonz\u00e1lez<\/p>\n<p><strong>Vocales GBT-SEIB<\/strong><\/p>\n<p>Paloma Chausa Fern\u00e1ndez<\/p>\n<p>Gema Garc\u00eda S\u00e1ez<\/p>\n<p>M. Elena Hernando P\u00e9rez<\/p>\n<p>Jos\u00e9 M. Iniesta Chamorro<\/p>\n<p>Ignacio Oropesa Garc\u00eda<\/p>\n<p>Julio Ignacio Piquero Caba\u00f1ero<\/p>\n<p><strong>Vocales FENIN<\/strong><\/p>\n<p style=\"font-weight: 400;\">Sergio Mu\u00f1oz<\/p>\n<p style=\"font-weight: 400;\">Jorge Fuentes<\/p>\n<p style=\"font-weight: 400;\">Sof\u00eda Romero<\/p>\n<p><strong>Vocales EIT Health<\/strong><\/p>\n<p style=\"font-weight: 400;\">Montse Delgado<\/p>\n<p style=\"font-weight: 400;\">Lilisha Burris<\/p>\n<p style=\"font-weight: 400;\">Mara Belluco<\/p>\n","protected":false},"excerpt":{"rendered":"<p>Tenemos el placer de invitaros al XXXIX Congreso de la Sociedad Espa\u00f1ola de Ingenier\u00eda Biom\u00e9dica CASEIB 2021 que se celebrar\u00e1 los d\u00edas 25 y 26 de noviembre en formato virtual, organizado por el Grupo de Bioingenier\u00eda y Telemedicina de la Universidad Polit\u00e9cnica de Madrid y la Sociedad Espa\u00f1ola de Ingenier\u00eda\u2026<\/p>\n<p> <a class=\"continue-reading-link\" href=\"https:\/\/caseib.es\/2021\/comite-organizador\/\"><span>VER MAS<\/span><i class=\"crycon-right-dir\"><\/i><\/a> <\/p>\n","protected":false},"author":6,"featured_media":0,"parent":0,"menu_order":0,"comment_status":"closed","ping_status":"open","template":"","meta":{"footnotes":""},"class_list":["post-9","page","type-page","status-publish","hentry"],"_links":{"self":[{"href":"https:\/\/caseib.es\/2021\/wp-json\/wp\/v2\/pages\/9","targetHints":{"allow":["GET"]}}],"collection":[{"href":"https:\/\/caseib.es\/2021\/wp-json\/wp\/v2\/pages"}],"about":[{"href":"https:\/\/caseib.es\/2021\/wp-json\/wp\/v2\/types\/page"}],"author":[{"embeddable":true,"href":"https:\/\/caseib.es\/2021\/wp-json\/wp\/v2\/users\/6"}],"replies":[{"embeddable":true,"href":"https:\/\/caseib.es\/2021\/wp-json\/wp\/v2\/comments?post=9"}],"version-history":[{"count":67,"href":"https:\/\/caseib.es\/2021\/wp-json\/wp\/v2\/pages\/9\/revisions"}],"predecessor-version":[{"id":3621,"href":"https:\/\/caseib.es\/2021\/wp-json\/wp\/v2\/pages\/9\/revisions\/3621"}],"wp:attachment":[{"href":"https:\/\/caseib.es\/2021\/wp-json\/wp\/v2\/media?parent=9"}],"curies":[{"name":"wp","href":"https:\/\/api.w.org\/{rel}","templated":true}]}}