{"id":1102,"date":"2017-07-05T14:17:11","date_gmt":"2017-07-05T13:17:11","guid":{"rendered":"http:\/\/caseib.es\/?page_id=1102"},"modified":"2022-04-20T09:53:34","modified_gmt":"2022-04-20T08:53:34","slug":"hoteles-comite-local","status":"publish","type":"page","link":"https:\/\/caseib.es\/2022\/hoteles-comite-local\/","title":{"rendered":"Hoteles Comit\u00e9 Local"},"content":{"rendered":"<p>A continuaci\u00f3n se refieren los hoteles con convenio para el congreso por parte del comit\u00e9 local con habitaciones bloqueadas para congresistas con la referencia \u00abXL Congreso Anual de la Sociedad Espa\u00f1ola de Ingenier\u00eda Biom\u00e9dica\u00bb. Estos hoteles est\u00e1n situados pr\u00f3ximos a la sede del congreso, o bien pasan l\u00edneas de transporte urbano frecuentes hacia el lugar del congreso. Los precios indicados incluyen IVA.<\/p>\n\n<table id=\"tablepress-23\" class=\"tablepress tablepress-id-23 tablepress_left\">\n<thead>\n<tr class=\"row-1\">\n\t<th class=\"column-1\">Hoteles<\/th><th class=\"column-2\">Contacto<\/th><th class=\"column-3\">Precio congreso<br \/>\nhabitaci\u00f3n doble<\/th><th class=\"column-4\">Precio congreso<br \/>\nhabitaci\u00f3n individual<\/th>\n<\/tr>\n<\/thead>\n<tbody class=\"row-striping row-hover\">\n<tr class=\"row-2\">\n\t<td class=\"column-1\"><a href=\"https:\/\/www.hfelipeiv.com\/es\/\" target=\"_blank\">Hotel Felipe IV<\/a>****<\/td><td class=\"column-2\">C\/ Gamazo 16, 47004 Valladolid<br \/>\nTel. +34 983 307 000<br \/>\ne-mail: reservas@hfelipeiv.com<\/td><td class=\"column-3\">82,50 Euros<sup>(1, 2)<\/sup><\/td><td class=\"column-4\">71,50 Euros<sup>(1, 2)<\/sup><\/td>\n<\/tr>\n<tr class=\"row-3\">\n\t<td class=\"column-1\"><a href=\"https:\/\/www.hotelolid.com\/\" target=\"_blank\">Hotel Olid<\/a>****<\/td><td class=\"column-2\">Pza. San Miguel 10, 47003 Valladolid<br \/>\nTel. +34 983 357 200<br \/>\nFax +34 983 336 828<br \/>\ne-mail hotelolid@hotelolid.com<\/td><td class=\"column-3\">81,48 Euros<sup>(1, 2, 3)<\/sup><\/td><td class=\"column-4\">65,97 Euros<sup>(1, 2, 3)<\/sup><\/td>\n<\/tr>\n<tr class=\"row-4\">\n\t<td class=\"column-1\"><a href=\"https:\/\/www.nexusvalladolid.es\/\" target=\"_blank\">Hotel Nexus<\/a>****<\/td><td class=\"column-2\">C\/ Solanilla 13, 47003 Valladolid<br \/>\nTel. +34 983 213 756<br \/>\nFax +34 983 305 642<br \/>\ne-mail reservas@nexusvalladolid.es<\/td><td class=\"column-3\">120,00 Euros<sup>(1, 2, 3)<\/sup><\/td><td class=\"column-4\">110,00 Euros<sup>(1, 2, 3)<\/sup><\/td>\n<\/tr>\n<tr class=\"row-5\">\n\t<td class=\"column-1\"><a href=\"https:\/\/www.hotelesvalladolid.com\/es\/hotel-boutiquecatedral-en-valladolid\/\" target=\"_blank\">Boutique Catedral<\/a>***<\/td><td class=\"column-2\">C\/ N\u00fa\u00f1ez de Arce 11, 47002 Valladolid<br \/>\nTel. +34 983 298 811<br \/>\ne-mail reservascatedral@hotelesvalladolid.com<\/td><td class=\"column-3\">88,00 Euros<sup>(1, 2, 3)<\/sup><br \/>\nParking opc.: 15,40 Euros<\/td><td class=\"column-4\">65,97 Euros<sup>(1, 2, 3)<\/sup><br \/>\nParking opc.: 15,40 Euros<\/td>\n<\/tr>\n<tr class=\"row-6\">\n\t<td class=\"column-1\"><a href=\"https:\/\/www.hotelesvalladolid.com\/es\/hotel-boutiqueatrio-en-valladolid\/\" target=\"_blank\">Hotel Boutique Atrio<\/a>****<\/td><td class=\"column-2\">C\/ N\u00fa\u00f1ez de Arce 5, 47002 Valladolid<br \/>\nTel. +34 983 150 050<br \/>\nemail reservasatrio@hotelesvalladolid.com<\/td><td class=\"column-3\">95,00 Euros<sup>(1, 2, 3)<\/sup><br \/>\nParking opc.: 16,50 Euros<\/td><td class=\"column-4\">82,50 Euros<sup>(1, 2, 3)<\/sup><br \/>\nParking opc.: 16,50 Euros<\/td>\n<\/tr>\n<tr class=\"row-7\">\n\t<td class=\"column-1\"><a href=\"https:\/\/www.hotelesvalladolid.com\/es\/hotel-colonplaza-en-valladolid\/\" target=\"_blank\">Hotel Boutique Col\u00f3n Plaza<\/a>****<\/td><td class=\"column-2\">Acera de Recoletos 21, 47004 Valladolid<br \/>\nTel. +34 983 046 804<br \/>\nemail reservascolonplaza@hotelesvalladolid.com<\/td><td class=\"column-3\">99,00 Euros<sup>(1, 2, 3)<\/sup><br \/>\nParking opc.: 16,50 Euros<\/td><td class=\"column-4\">88,00 Euros<sup>(1, 2, 3)<\/sup><br \/>\nParking opc.: 16,50 Euros<\/td>\n<\/tr>\n<\/tbody>\n<\/table>\n<!-- #tablepress-23 from cache -->\n<p><sup>(1)<\/sup>: El precio incluye desayuno.<br \/>\n<sup>(2)<\/sup>: Los precios ofertados son v\u00e1lidos para una contrataci\u00f3n directa con el hotel.<br \/>\n<sup>(3)<\/sup>: Para acceder a la oferta es necesario indicar la referencia \u00abXL Congreso Anual de la Sociedad Espa\u00f1ola de Ingenier\u00eda Biom\u00e9dica.\u00bb<\/p>\n<p><strong>Hotel Olid****<\/strong>: Habitaciones reservadas con la referencia indicada hasta el 20\/10\/2022. A partir de esa fecha, estar\u00eda sujeto a disponibilidad del hotel respetando el precio ofertado.<\/p>\n<p><strong>Hotel Nexus****<\/strong>: Habitaciones reservadas con la referencia indicada hasta el 11\/09\/2022.<\/p>\n<p><strong>Hoteles Boutique Catedral***, Boutique Atrio**** y Boutique Col\u00f3n Plaza****<\/strong>: Habitaciones reservadas con la referencia indicada hasta 30 d\u00edas antes de la celebraci\u00f3n del congreso (23\/10\/2022). A partir de esa fecha, las reservas para el congreso estar\u00e1n sujetas a la disponibilidad del hotel. Se aplicar\u00e1 un descuento del 10% sobre el precio normal de las habitaciones (generalmente, el precio ser\u00e1 el indicado anteriormente).<\/p>\n<p>&nbsp;<\/p>\n","protected":false},"excerpt":{"rendered":"<p>A continuaci\u00f3n se refieren los hoteles con convenio para el congreso por parte del comit\u00e9 local con habitaciones bloqueadas para congresistas con la referencia \u00abXL Congreso Anual de la Sociedad Espa\u00f1ola de Ingenier\u00eda Biom\u00e9dica\u00bb. Estos hoteles est\u00e1n situados pr\u00f3ximos a la sede del congreso, o bien pasan l\u00edneas de transporte\u2026<\/p>\n<p> <a class=\"continue-reading-link\" href=\"https:\/\/caseib.es\/2022\/hoteles-comite-local\/\"><span>VER MAS<\/span><i class=\"crycon-right-dir\"><\/i><\/a> <\/p>\n","protected":false},"author":6,"featured_media":0,"parent":0,"menu_order":0,"comment_status":"closed","ping_status":"closed","template":"","meta":{"footnotes":""},"class_list":["post-1102","page","type-page","status-publish","hentry"],"_links":{"self":[{"href":"https:\/\/caseib.es\/2022\/wp-json\/wp\/v2\/pages\/1102","targetHints":{"allow":["GET"]}}],"collection":[{"href":"https:\/\/caseib.es\/2022\/wp-json\/wp\/v2\/pages"}],"about":[{"href":"https:\/\/caseib.es\/2022\/wp-json\/wp\/v2\/types\/page"}],"author":[{"embeddable":true,"href":"https:\/\/caseib.es\/2022\/wp-json\/wp\/v2\/users\/6"}],"replies":[{"embeddable":true,"href":"https:\/\/caseib.es\/2022\/wp-json\/wp\/v2\/comments?post=1102"}],"version-history":[{"count":31,"href":"https:\/\/caseib.es\/2022\/wp-json\/wp\/v2\/pages\/1102\/revisions"}],"predecessor-version":[{"id":3145,"href":"https:\/\/caseib.es\/2022\/wp-json\/wp\/v2\/pages\/1102\/revisions\/3145"}],"wp:attachment":[{"href":"https:\/\/caseib.es\/2022\/wp-json\/wp\/v2\/media?parent=1102"}],"curies":[{"name":"wp","href":"https:\/\/api.w.org\/{rel}","templated":true}]}}