{"id":1140,"date":"2017-07-05T15:42:28","date_gmt":"2017-07-05T14:42:28","guid":{"rendered":"http:\/\/caseib.es\/?page_id=1140"},"modified":"2022-11-04T11:36:21","modified_gmt":"2022-11-04T10:36:21","slug":"estudiantes","status":"publish","type":"page","link":"https:\/\/caseib.es\/2022\/estudiantes\/","title":{"rendered":"Estudiantes"},"content":{"rendered":"<p><a href=\"https:\/\/caseib.es\/2022\/premio-jose-maria-ferrero-corral\/\">Premio Jos\u00e9 Mar\u00eda Ferrero Corral<\/a><\/p>\n<p><a href=\"https:\/\/caseib.es\/2022\/premios-fenin\/\">Premios FENIN SEIB &#8211; Estudiantes de Grado en Ingenier\u00eda Biom\u00e9dica<\/a><\/p>\n<p><a href=\"https:\/\/caseib.es\/2022\/premio-eit-health\/\">Premio EIT Health<\/a><\/p>\n","protected":false},"excerpt":{"rendered":"<p>Premio Jos\u00e9 Mar\u00eda Ferrero Corral Premios FENIN SEIB &#8211; Estudiantes de Grado en Ingenier\u00eda Biom\u00e9dica Premio EIT Health<\/p>\n<p> <a class=\"continue-reading-link\" href=\"https:\/\/caseib.es\/2022\/estudiantes\/\"><span>VER MAS<\/span><i class=\"crycon-right-dir\"><\/i><\/a> <\/p>\n","protected":false},"author":6,"featured_media":0,"parent":0,"menu_order":0,"comment_status":"closed","ping_status":"closed","template":"","meta":{"footnotes":""},"class_list":["post-1140","page","type-page","status-publish","hentry"],"_links":{"self":[{"href":"https:\/\/caseib.es\/2022\/wp-json\/wp\/v2\/pages\/1140","targetHints":{"allow":["GET"]}}],"collection":[{"href":"https:\/\/caseib.es\/2022\/wp-json\/wp\/v2\/pages"}],"about":[{"href":"https:\/\/caseib.es\/2022\/wp-json\/wp\/v2\/types\/page"}],"author":[{"embeddable":true,"href":"https:\/\/caseib.es\/2022\/wp-json\/wp\/v2\/users\/6"}],"replies":[{"embeddable":true,"href":"https:\/\/caseib.es\/2022\/wp-json\/wp\/v2\/comments?post=1140"}],"version-history":[{"count":7,"href":"https:\/\/caseib.es\/2022\/wp-json\/wp\/v2\/pages\/1140\/revisions"}],"predecessor-version":[{"id":3325,"href":"https:\/\/caseib.es\/2022\/wp-json\/wp\/v2\/pages\/1140\/revisions\/3325"}],"wp:attachment":[{"href":"https:\/\/caseib.es\/2022\/wp-json\/wp\/v2\/media?parent=1140"}],"curies":[{"name":"wp","href":"https:\/\/api.w.org\/{rel}","templated":true}]}}