{"id":2,"date":"2015-02-03T17:24:16","date_gmt":"2015-02-03T17:24:16","guid":{"rendered":"http:\/\/localhost\/caseib15\/?page_id=2"},"modified":"2022-11-26T14:28:18","modified_gmt":"2022-11-26T13:28:18","slug":"pagina-ejemplo","status":"publish","type":"page","link":"https:\/\/caseib.es\/2022\/","title":{"rendered":"Bienvenida"},"content":{"rendered":"<h2>Libro de Actas CASEIB 2022<\/h2>\n<p><a href=\"http:\/\/www.gib.tel.uva.es\/CASEIB2022_LibroActas.pdf\" target=\"_blank\" rel=\"noopener noreferrer\"><img loading=\"lazy\" decoding=\"async\" class=\"alignnone wp-image-3368\" src=\"https:\/\/caseib.es\/2022\/wp-content\/uploads\/2022\/11\/CASEIB2022_LibroActas_Portada-212x300.png\" alt=\"Libro de Actas CASEIB 2022\" width=\"297\" height=\"420\" data-id=\"3368\" srcset=\"https:\/\/caseib.es\/2022\/wp-content\/uploads\/2022\/11\/CASEIB2022_LibroActas_Portada-212x300.png 212w, https:\/\/caseib.es\/2022\/wp-content\/uploads\/2022\/11\/CASEIB2022_LibroActas_Portada-768x1086.png 768w, https:\/\/caseib.es\/2022\/wp-content\/uploads\/2022\/11\/CASEIB2022_LibroActas_Portada-724x1024.png 724w, https:\/\/caseib.es\/2022\/wp-content\/uploads\/2022\/11\/CASEIB2022_LibroActas_Portada-106x150.png 106w\" sizes=\"auto, (max-width: 297px) 100vw, 297px\" \/><\/a><\/p>\n<hr \/>\n<p style=\"text-align: justify;\">Estimados congresistas,<\/p>\n<p style=\"text-align: justify;\">En nombre del Comit\u00e9 Organizador, nos complace presentarles el XL Congreso Anual de la Sociedad Espa\u00f1ola de Ingenier\u00eda Biom\u00e9dica (CASEIB 2022). Despu\u00e9s de dos ediciones en las que el CASEIB ha tenido que realizarse de forma virtual debido a la pandemia por COVID-19, es nuestra intenci\u00f3n que este a\u00f1o pueda celebrarse de forma totalmente presencial en Valladolid del 23 al 25 de noviembre de 2022. Esta nueva edici\u00f3n del Congreso estar\u00e1 organizada por el Grupo de Ingenier\u00eda Biom\u00e9dica (GIB) de la Universidad de Valladolid (UVa) y la Sociedad Espa\u00f1ola de Ingenier\u00eda Biom\u00e9dica (SEIB), con la colaboraci\u00f3n de la Federaci\u00f3n de Empresas de Tecnolog\u00edas Sanitarias (FENIN) y el nodo espa\u00f1ol del European Institute of Innovation &amp; Techonology\u00a0 in Health (EIT Health Spain).<\/p>\n<p style=\"text-align: justify;\">Como en ediciones anteriores, en el CASEIB 2022 se dar\u00e1n a conocer los \u00faltimos avances en investigaci\u00f3n en las diferentes \u00e1reas que engloba la Ingenier\u00eda Biom\u00e9dica. Esperamos que esta edici\u00f3n del Congreso permita establecer nuevos lazos de colaboraci\u00f3n entre grupos de investigaci\u00f3n, empresas y profesionales cl\u00ednicos. Para ello, estamos trabajando en dise\u00f1ar un programa cient\u00edfico de calidad, que incluya conferencias plenarias, mesas redondas, sesiones orales y de p\u00f3ster, as\u00ed como sesiones especiales centradas en temas concretos. Por supuesto, no nos olvidamos de las competiciones destinadas a estudiantes de Grado, M\u00e1ster y Doctorado (premios FENIN-SEIB, EIT Health Spain-SEIB y Jos\u00e9 Mar\u00eda Ferrero Corral), con las que pretendemos fomentar la excelencia entre las nuevas generaciones de ingenier@s biom\u00e9dic@s.<\/p>\n<p style=\"text-align: justify;\">Recientemente la UVa impuls\u00f3 los estudios de Grado en Ingenier\u00eda Biom\u00e9dica dado su gran potencial y proyecci\u00f3n. Desde el Comit\u00e9 Organizador del CASEIB 2022 pretendemos por tanto poner en valor todo el trabajo que se ha realizado, y que se est\u00e1 desarrollando, en nuestro entorno en el \u00e1mbito de la Ingenier\u00eda Biom\u00e9dica para dar respuesta a problemas m\u00e9dicos con elevado impacto social y mejorar la calidad de vida de las personas. Asimismo, queremos acercar a nuestros estudiantes de Grado los \u00faltimos avances en este \u00e1mbito.<\/p>\n<p style=\"text-align: justify;\">Valladolid ser\u00e1, durante tres d\u00edas, el marco en el que compartir nuestras experiencias y enriquecernos con los nuevos avances en Ingenier\u00eda Biom\u00e9dica. Nuestra ciudad, a orillas del r\u00edo Pisuerga, goza de una intensa vida cultural, con eventos tan importantes como la Seminci (Semana Internacional de Cine), el Festival Internacional de Teatro y Artes de Calle y la Semana Santa, declarada de Inter\u00e9s Tur\u00edstico Internacional. Adem\u00e1s, Valladolid conserva un envidiable conjunto renacentista en su casco antiguo, que invita a disfrutar de sus calles. Y, por supuesto, sin olvidarnos de la envidiable tradici\u00f3n gastron\u00f3mica y vin\u00edcola de nuestra tierra. Esperamos que todas estas razones te animen a participar en este evento. \u00a1Nos vemos en Valladolid!<\/p>\n<p><strong>Fechas a tener en cuenta para enviar las comunicaciones, res\u00famenes extendidos e inscripci\u00f3n con cuota reducida:<\/strong><\/p>\n<ul>\n<li><span style=\"color: #ff0000;\">Env\u00edo de comunicaciones y res\u00famenes extendidos: hasta el 9 de septiembre de 2022<\/span><\/li>\n<li>Notificaci\u00f3n de aceptaci\u00f3n: 10 de octubre de 2022<\/li>\n<li>Inscripci\u00f3n reducida: hasta el 31 de octubre de 2022<\/li>\n<\/ul>\n<p>&nbsp;<\/p>\n<p><img loading=\"lazy\" decoding=\"async\" class=\"aligncenter wp-image-3104\" src=\"https:\/\/caseib.es\/2022\/wp-content\/uploads\/2022\/03\/Pie_Saludo_v2-300x107.png\" alt=\"\" width=\"788\" height=\"280\" data-id=\"3104\" srcset=\"https:\/\/caseib.es\/2022\/wp-content\/uploads\/2022\/03\/Pie_Saludo_v2-300x107.png 300w, https:\/\/caseib.es\/2022\/wp-content\/uploads\/2022\/03\/Pie_Saludo_v2-768x273.png 768w, https:\/\/caseib.es\/2022\/wp-content\/uploads\/2022\/03\/Pie_Saludo_v2-1024x364.png 1024w, https:\/\/caseib.es\/2022\/wp-content\/uploads\/2022\/03\/Pie_Saludo_v2-150x53.png 150w, https:\/\/caseib.es\/2022\/wp-content\/uploads\/2022\/03\/Pie_Saludo_v2.png 1128w\" sizes=\"auto, (max-width: 788px) 100vw, 788px\" \/><\/p>\n<p>&nbsp;<\/p>\n","protected":false},"excerpt":{"rendered":"<p>Libro de Actas CASEIB 2022 Estimados congresistas, En nombre del Comit\u00e9 Organizador, nos complace presentarles el XL Congreso Anual de la Sociedad Espa\u00f1ola de Ingenier\u00eda Biom\u00e9dica (CASEIB 2022). Despu\u00e9s de dos ediciones en las que el CASEIB ha tenido que realizarse de forma virtual debido a la pandemia por COVID-19,\u2026<\/p>\n<p> <a class=\"continue-reading-link\" href=\"https:\/\/caseib.es\/2022\/\"><span>VER MAS<\/span><i class=\"crycon-right-dir\"><\/i><\/a> <\/p>\n","protected":false},"author":6,"featured_media":0,"parent":0,"menu_order":0,"comment_status":"closed","ping_status":"closed","template":"","meta":{"footnotes":""},"class_list":["post-2","page","type-page","status-publish","hentry"],"_links":{"self":[{"href":"https:\/\/caseib.es\/2022\/wp-json\/wp\/v2\/pages\/2","targetHints":{"allow":["GET"]}}],"collection":[{"href":"https:\/\/caseib.es\/2022\/wp-json\/wp\/v2\/pages"}],"about":[{"href":"https:\/\/caseib.es\/2022\/wp-json\/wp\/v2\/types\/page"}],"author":[{"embeddable":true,"href":"https:\/\/caseib.es\/2022\/wp-json\/wp\/v2\/users\/6"}],"replies":[{"embeddable":true,"href":"https:\/\/caseib.es\/2022\/wp-json\/wp\/v2\/comments?post=2"}],"version-history":[{"count":240,"href":"https:\/\/caseib.es\/2022\/wp-json\/wp\/v2\/pages\/2\/revisions"}],"predecessor-version":[{"id":3373,"href":"https:\/\/caseib.es\/2022\/wp-json\/wp\/v2\/pages\/2\/revisions\/3373"}],"wp:attachment":[{"href":"https:\/\/caseib.es\/2022\/wp-json\/wp\/v2\/media?parent=2"}],"curies":[{"name":"wp","href":"https:\/\/api.w.org\/{rel}","templated":true}]}}