{"id":2098,"date":"2018-04-20T10:00:12","date_gmt":"2018-04-20T09:00:12","guid":{"rendered":"http:\/\/caseib.es\/2020\/?page_id=2098"},"modified":"2022-09-20T19:04:39","modified_gmt":"2022-09-20T18:04:39","slug":"conferencia-clausura","status":"publish","type":"page","link":"https:\/\/caseib.es\/2022\/conferencia-clausura\/","title":{"rendered":"Conferencia de Clausura"},"content":{"rendered":"<h3><strong>Traslaci\u00f3n de la Innovaci\u00f3n en Ingenier\u00eda Biom\u00e9dica a los Hospitales.<\/strong><\/h3>\n<h4>Viernes 25 de noviembre, 12:00 h &#8211; Aula Magna<\/h4>\n<p>Moderador:<\/p>\n<p><em>Prof. Dr. Llu\u00eds Blanch<\/em><\/p>\n<p>Director de Investigaci\u00f3n e Innovaci\u00f3n de la Corporaci\u00f3 Sanit\u00e0ria Parc Taul\u00ed (Sabadell)<\/p>\n<p><img loading=\"lazy\" decoding=\"async\" class=\"alignnone size-full wp-image-3234\" src=\"https:\/\/caseib.es\/2022\/wp-content\/uploads\/2022\/09\/Clausura-LB.jpg\" alt=\"\" width=\"185\" height=\"200\" data-id=\"3234\" srcset=\"https:\/\/caseib.es\/2022\/wp-content\/uploads\/2022\/09\/Clausura-LB.jpg 2559w, https:\/\/caseib.es\/2022\/wp-content\/uploads\/2022\/09\/Clausura-LB-278x300.jpg 278w, https:\/\/caseib.es\/2022\/wp-content\/uploads\/2022\/09\/Clausura-LB-768x830.jpg 768w, https:\/\/caseib.es\/2022\/wp-content\/uploads\/2022\/09\/Clausura-LB-948x1024.jpg 948w, https:\/\/caseib.es\/2022\/wp-content\/uploads\/2022\/09\/Clausura-LB-139x150.jpg 139w\" sizes=\"auto, (max-width: 185px) 100vw, 185px\" \/><\/p>\n<p style=\"text-align: justify;\">El Dr. Llu\u00eds Blanch es especialista en Medicina Intensiva y Premio Extraordinario de Doctorado por la Universitat Aut\u00f2noma de Barcelona (1994). Actualmente es Director de Investigaci\u00f3n e Innovaci\u00f3n de la Corporaci\u00f3 Sanit\u00e0ria Parc Taul\u00ed (Sabadell), Director del Instituto de Investigaci\u00f3n e Innovaci\u00f3n Parc Taul\u00ed (I3PT), Jefe del Grupo 33 del CIBER de Enfermedades Respiratorias (CIBERes) del Instituto de Salud Carlos III (ISCIII) y Coordinador de la Plataforma ISCIII de Dinamizaci\u00f3n e Innovaci\u00f3n de las Capacidades industriales del SNS (ITEMAS). El Dr. Lluis Blanch ha realizado 2 estancias de un a\u00f1o en la Universidad McGill de Montreal (1987-88) y en la Universidad de Minnesota en St. Paul, MN (1997-98). Ha sido Presidente de la Sociedad Espa\u00f1ola de Medicina Intensiva y Unidades Coronarias (SEMICYUC). Sus \u00e1mbitos de inter\u00e9s son la investigaci\u00f3n traslacional en insuficiencia respiratoria aguda y la innovaci\u00f3n tecnol\u00f3gica relacionada con conectividad, interoperabilidad y an\u00e1lisis avanzado de los datos generados por el paciente grave. Tiene m\u00e1s de 240 publicaciones indexadas, un factor H de citaciones de 46, es revisor de las revistas del primer cuartil de su especialidad y ha obtenido numerosas ayudas para proyectos de investigaci\u00f3n y de innovaci\u00f3n. Consta como inventor en 3 patentes y es socio fundador de la empresa Better Care S.L. spin off de la Corporaci\u00f3 Sanit\u00e0ria Parc Taul\u00ed para el desarrollo de una plataforma de monitorizaci\u00f3n inteligente de se\u00f1ales biom\u00e9dicas en pacientes cr\u00edticos.<\/p>\n<p><a href=\"https:\/\/www.tauli.cat\/es\/institut\/\" target=\"_blank\" rel=\"noopener noreferrer\"><img loading=\"lazy\" decoding=\"async\" src=\"https:\/\/caseib.es\/2022\/wp-content\/uploads\/2022\/06\/weblink.svg\" alt=\"Web\" width=\"20\" height=\"20\" \/> https:\/\/www.tauli.cat\/es\/institut\/<\/a><\/p>\n","protected":false},"excerpt":{"rendered":"<p>Traslaci\u00f3n de la Innovaci\u00f3n en Ingenier\u00eda Biom\u00e9dica a los Hospitales. Viernes 25 de noviembre, 12:00 h &#8211; Aula Magna Moderador: Prof. Dr. Llu\u00eds Blanch Director de Investigaci\u00f3n e Innovaci\u00f3n de la Corporaci\u00f3 Sanit\u00e0ria Parc Taul\u00ed (Sabadell) El Dr. Llu\u00eds Blanch es especialista en Medicina Intensiva y Premio Extraordinario de Doctorado\u2026<\/p>\n<p> <a class=\"continue-reading-link\" href=\"https:\/\/caseib.es\/2022\/conferencia-clausura\/\"><span>VER MAS<\/span><i class=\"crycon-right-dir\"><\/i><\/a> <\/p>\n","protected":false},"author":6,"featured_media":0,"parent":0,"menu_order":0,"comment_status":"closed","ping_status":"closed","template":"","meta":{"footnotes":""},"class_list":["post-2098","page","type-page","status-publish","hentry"],"_links":{"self":[{"href":"https:\/\/caseib.es\/2022\/wp-json\/wp\/v2\/pages\/2098","targetHints":{"allow":["GET"]}}],"collection":[{"href":"https:\/\/caseib.es\/2022\/wp-json\/wp\/v2\/pages"}],"about":[{"href":"https:\/\/caseib.es\/2022\/wp-json\/wp\/v2\/types\/page"}],"author":[{"embeddable":true,"href":"https:\/\/caseib.es\/2022\/wp-json\/wp\/v2\/users\/6"}],"replies":[{"embeddable":true,"href":"https:\/\/caseib.es\/2022\/wp-json\/wp\/v2\/comments?post=2098"}],"version-history":[{"count":23,"href":"https:\/\/caseib.es\/2022\/wp-json\/wp\/v2\/pages\/2098\/revisions"}],"predecessor-version":[{"id":3236,"href":"https:\/\/caseib.es\/2022\/wp-json\/wp\/v2\/pages\/2098\/revisions\/3236"}],"wp:attachment":[{"href":"https:\/\/caseib.es\/2022\/wp-json\/wp\/v2\/media?parent=2098"}],"curies":[{"name":"wp","href":"https:\/\/api.w.org\/{rel}","templated":true}]}}