{"id":21,"date":"2015-02-03T19:05:06","date_gmt":"2015-02-03T18:05:06","guid":{"rendered":"http:\/\/localhost\/caseib15\/?page_id=21"},"modified":"2022-11-02T10:15:09","modified_gmt":"2022-11-02T09:15:09","slug":"envio-de-trabajos","status":"publish","type":"page","link":"https:\/\/caseib.es\/2022\/envio-de-trabajos\/","title":{"rendered":"Env\u00edo de trabajos"},"content":{"rendered":"<hr \/>\n<p><span style=\"color: #c00000;\"><strong>El plazo de env\u00edo de art\u00edculos finales, acordes a las revisiones comunicadas, est\u00e1 abierto y finalizar\u00e1 el pr\u00f3ximo 17 de octubre. Debe adjuntarse tambi\u00e9n el documento de cesi\u00f3n de derechos (<a href=\"https:\/\/caseib.es\/2022\/wp-content\/uploads\/2022\/10\/DECLARACION_CESION_DERECHOS_CASEIB2022.doc\" target=\"_blank\" rel=\"noopener noreferrer\">DECLARACION_CESION_DERECHOS_CASEIB2022<\/a>) en el caso de los art\u00edculos.<\/strong><\/span><\/p>\n<p>Las normas de env\u00edo de trabajos son las siguientes:<\/p>\n<ul>\n<li style=\"text-align: justify;\">Existen dos modalidades de env\u00edo de trabajo: <strong>art\u00edculo<\/strong> (4 caras) o <strong>resumen extendido<\/strong> (1 cara). Las diferencias entre los dos tipos de contribuci\u00f3n son:\n<ol>\n<li><strong>Art\u00edculo<\/strong>: presentaci\u00f3n oral o p\u00f3ster, se incluye en el libro de actas. La extensi\u00f3n m\u00e1xima es de 4 caras siguiendo las normas de estilo definidas en la plantilla (<a href=\"https:\/\/caseib.es\/2022\/wp-content\/uploads\/2022\/03\/Plantilla-CASEIB-2022.doc\" target=\"_blank\" rel=\"noopener noreferrer\">Plantilla CASEIB 2022.doc<\/a>; <a href=\"https:\/\/caseib.es\/2022\/wp-content\/uploads\/2022\/03\/Plantilla-CASEIB-2022.docx\" target=\"_blank\" rel=\"noopener noreferrer\">Plantilla CASEIB 2022.docx<\/a>; <a href=\"https:\/\/caseib.es\/2022\/wp-content\/uploads\/2022\/08\/PlantillaCASEIB.zip\" target=\"_blank\" rel=\"noopener noreferrer\">Plantilla LaTeX CASEIB 2022.zip<\/a>).<\/li>\n<li><strong>Resumen extendido<\/strong>: presentaci\u00f3n preferentemente en formato p\u00f3ster, se incluir\u00e1 en el programa del congreso, pero no se incluir\u00e1 en el libro de actas. La extensi\u00f3n m\u00e1xima es de 1 cara siguiendo las normas de estilo definidas en la plantilla (<a href=\"https:\/\/caseib.es\/2022\/wp-content\/uploads\/2022\/03\/Plantilla-CASEIB-RESUMEN-2022.doc\" target=\"_blank\" rel=\"noopener noreferrer\">Plantilla CASEIB RESUMEN 2022.doc<\/a>; <a href=\"https:\/\/caseib.es\/2022\/wp-content\/uploads\/2022\/03\/Plantilla-CASEIB-RESUMEN-2022.docx\" target=\"_blank\" rel=\"noopener noreferrer\">Plantilla CASEIB RESUMEN 2022.docx<\/a>; <a href=\"https:\/\/caseib.es\/2022\/wp-content\/uploads\/2022\/08\/PlantillaCASEIB.zip\" target=\"_blank\" rel=\"noopener noreferrer\">Plantilla LaTeX CASEIB RESUMEN 2022.zip<\/a>).<\/li>\n<\/ol>\n<\/li>\n<li>Las comunicaciones se pueden enviar en castellano o ingl\u00e9s.<\/li>\n<li>La longitud m\u00e1xima de la secci\u00f3n del resumen en el art\u00edculo debe ser de 250 palabras.<\/li>\n<li>En el primer env\u00edo\u00a0el texto de la comunicaci\u00f3n\u00a0no debe contener ning\u00fan tipo de informaci\u00f3n que identifique a los autores, los datos de los autores ser\u00e1n introducidos en la plataforma. Los autores se introducir\u00e1n en la versi\u00f3n definitiva del texto de la comunicaci\u00f3n junto con los posibles modificaciones tras los resultados de la revisi\u00f3n de trabajos.<\/li>\n<li>Las contribuciones deben enviarse a trav\u00e9s de la plataforma Softconf (son v\u00e1lidas las credenciales de ediciones anteriores del CASEIB; en caso de no disponer de acceso previo, simplemente debe crearse una cuenta nueva). Enlace a la plataforma Softconf: <a href=\"https:\/\/www.softconf.com\/m\/caseib22\/\" target=\"_blank\" rel=\"noopener noreferrer\">https:\/\/www.softconf.com\/m\/caseib22\/<\/a> .<\/li>\n<li>Una vez revisados, se especificar\u00e1 una fecha l\u00edmite para el env\u00edo de la<strong> versi\u00f3n definitiva<\/strong>. Se deber\u00e1 subir a la aplicaci\u00f3n un fichero con el art\u00edculo\/resumen final (PDF) y el documento de cesi\u00f3n de derechos rellenado y firmado (PDF).<\/li>\n<\/ul>\n<p>Para cualquier consulta o incidencia con la plataforma de env\u00edo de trabajos contactar con <a href=\"mailto: envios@caseib.es\"><span style=\"color: #0000ff;\">envios@caseib.es<\/span><\/a><\/p>\n<p><strong>Env\u00edo de comunicaciones y res\u00famenes extendidos: hasta el 9 de septiembre de 2022<\/strong><\/p>\n<p>&nbsp;<\/p>\n","protected":false},"excerpt":{"rendered":"<p>El plazo de env\u00edo de art\u00edculos finales, acordes a las revisiones comunicadas, est\u00e1 abierto y finalizar\u00e1 el pr\u00f3ximo 17 de octubre. Debe adjuntarse tambi\u00e9n el documento de cesi\u00f3n de derechos (DECLARACION_CESION_DERECHOS_CASEIB2022) en el caso de los art\u00edculos. Las normas de env\u00edo de trabajos son las siguientes: Existen dos modalidades de\u2026<\/p>\n<p> <a class=\"continue-reading-link\" href=\"https:\/\/caseib.es\/2022\/envio-de-trabajos\/\"><span>VER MAS<\/span><i class=\"crycon-right-dir\"><\/i><\/a> <\/p>\n","protected":false},"author":6,"featured_media":0,"parent":0,"menu_order":0,"comment_status":"closed","ping_status":"open","template":"","meta":{"footnotes":""},"class_list":["post-21","page","type-page","status-publish","hentry"],"_links":{"self":[{"href":"https:\/\/caseib.es\/2022\/wp-json\/wp\/v2\/pages\/21","targetHints":{"allow":["GET"]}}],"collection":[{"href":"https:\/\/caseib.es\/2022\/wp-json\/wp\/v2\/pages"}],"about":[{"href":"https:\/\/caseib.es\/2022\/wp-json\/wp\/v2\/types\/page"}],"author":[{"embeddable":true,"href":"https:\/\/caseib.es\/2022\/wp-json\/wp\/v2\/users\/6"}],"replies":[{"embeddable":true,"href":"https:\/\/caseib.es\/2022\/wp-json\/wp\/v2\/comments?post=21"}],"version-history":[{"count":132,"href":"https:\/\/caseib.es\/2022\/wp-json\/wp\/v2\/pages\/21\/revisions"}],"predecessor-version":[{"id":3312,"href":"https:\/\/caseib.es\/2022\/wp-json\/wp\/v2\/pages\/21\/revisions\/3312"}],"wp:attachment":[{"href":"https:\/\/caseib.es\/2022\/wp-json\/wp\/v2\/media?parent=21"}],"curies":[{"name":"wp","href":"https:\/\/api.w.org\/{rel}","templated":true}]}}