{"id":231,"date":"2015-07-06T08:05:48","date_gmt":"2015-07-06T07:05:48","guid":{"rendered":"http:\/\/caseib16.es\/?page_id=231"},"modified":"2022-11-07T11:25:48","modified_gmt":"2022-11-07T10:25:48","slug":"premios-fenin","status":"publish","type":"page","link":"https:\/\/caseib.es\/2022\/premios-fenin\/","title":{"rendered":"Premios FENIN-SEIB"},"content":{"rendered":"<p><strong>PREMIOS FENIN-SEIB &#8211; COMPETICI\u00d3N DE ESTUDIANTES DE GRADOS DE INGENIER\u00cdA BIOM\u00c9DICA <\/strong><\/p>\n<p><strong>MOTIVACI\u00d3N<\/strong><\/p>\n<p style=\"text-align: justify;\">La Sociedad Espa\u00f1ola de Ingenier\u00eda Biom\u00e9dica (SEIB) y la Federaci\u00f3n Espa\u00f1ola de Empresas de Tecnolog\u00eda Sanitaria (FENIN), coordinadas con los centros espa\u00f1oles en los que se imparten titulaciones de Graduado en Ingenier\u00eda Biom\u00e9dica, convocan los <strong>Premios FENIN-SEIB dirigidos a estudiantes Grado en Ingenier\u00eda Biom\u00e9dica<\/strong>.<\/p>\n<hr \/>\n<p><strong>Finalistas del Concurso de Estudiantes de Grado \u00abPremios FENIN-SEIB\u00bb<\/strong><\/p>\n<ul>\n<li>Antoni Ignasi C\u00e0naves Llabr\u00e9s <em>et al.<\/em> <em>\u00abTumor-on-a-chip: new strategies of in-vitro cancer cell culture\u00bb<\/em><\/li>\n<li>Eliana Solar Risue\u00f1o <em>et al.<\/em> <em>\u00abSistema de asistencia y monitorizacio\u0301n para personas con Deterioro Cognitivo Leve\u00bb<\/em><\/li>\n<li>Blanca Romero Mil\u00e1 <em>et al.<\/em> <em>\u00abEEG-Based Functional Connectivity during Progression from Infantile Spasms to Lennox Gastaut Syndrome\u00bb<\/em><\/li>\n<li>Adri G\u00f3mez <em>et al.<\/em> <em>\u00abCreaci\u00f3n y optimizaci\u00f3n autom\u00e1tica de arquitecturas de aprendizaje profundo aplicadas a imagen m\u00e9dica\u00bb<\/em><\/li>\n<li>Judith Zubia Aranburu <em>et al.<\/em> <em>\u00abQuantification of the adhesion force of E. coli on Ti via single-cell force spectroscopy\u00bb<\/em><\/li>\n<li>Auba Fuster Pala <em>et al.<\/em> <em>\u00abIn vitro neuronal cultures and network analysis to build a proof-of-concept biological computing AI device\u00bb<\/em><\/li>\n<li>Blanca Gutiez Bravo <em>et al.<\/em> <em>\u00abDesign and implementation of a virtual reality training environment for health emergency technicians\u00bb<\/em><\/li>\n<li>Mar\u00eda Rollano <em>\u00abDesign, Development and Validation of an Orthosis for a Brachial Plexus Injury\u00bb<\/em><\/li>\n<li>Clara S\u00e1nchez del Valle <em>et al.<\/em> <em>\u00abDeterminaci\u00f3n de requisitos biomec\u00e1nicos y funcionales en poblaci\u00f3n sana con el software RehabHand\u00bb<\/em><\/li>\n<li>Francesca Aguilar Paredes <em>et al.<\/em> <em>\u00abAn\u00e1lisis multicanal de sonidos respiratorios mediante entrop\u00eda muestral fija para la evaluaci\u00f3n de la COPD\u00bb<\/em><\/li>\n<li>Agn\u00e9s Rigo Vidal <em>et al.<\/em> <em>\u00abAn\u00e1lisis de un nuevo m\u00e9todo de posicionamiento de electrodos en el cuero cabelludo para las pruebas electrofisiol\u00f3gicas\u00bb<\/em><\/li>\n<li>Sara Valiente Ja\u00e9n <em>et al.<\/em> <em>\u00abLocalizaci\u00f3n de Drivers en Fibrilaci\u00f3n Auricular con Redes Convolucionales LSTM\u00bb<\/em><\/li>\n<li>Mar\u00eda Mart\u00ednez Don\u00e1zar <em>et al.<\/em> <em>\u00abDevelopment of strategies for the generation and characterisation of a polymeric scaffold for in vitro bladder reconstruction\u00bb<\/em><\/li>\n<li>Beatriz Lafuente Alc\u00e1zar <em>\u00abAn\u00e1lisis de un Algoritmo de Deep Learning para Detectar Picos R en Electrocardiogramas\u00bb<\/em><\/li>\n<\/ul>\n<p>Los estudiantes expondr\u00e1n oralmente su trabajo durante 7 minutos y debatir\u00e1n con el tribunal durante 3 minutos.<\/p>\n<p><strong>Tribunal<\/strong><\/p>\n<ul>\n<li>Prof. Dra. Elisabete Aramendi Ecenarro, <em>Universidad del Pa\u00eds Vasco<\/em>.<\/li>\n<li>Prof. Dra. Beatriz F. Giraldo Giraldo, <em>Universidad Polit\u00e9cnica de Catalu\u00f1a<\/em>.<\/li>\n<li>D. Juan Carlos Antony Garc\u00eda, <em>GE Healthcare<\/em>.<\/li>\n<\/ul>\n<hr \/>\n<p><strong>\u00bfQUI\u00c9N PUEDE PARTICIPAR?<\/strong><\/p>\n<p style=\"text-align: justify;\">Pueden participar todos los estudiantes de Grados en Ingenier\u00eda Biom\u00e9dica en el territorio espa\u00f1ol que hayan realizado un trabajo con resultados relevantes en el campo de la Ingenier\u00eda Biom\u00e9dica, ya sea como parte de su Trabajo Fin de Grado o de trabajos de asignaturas de la titulaci\u00f3n. El estudiante debe figurar como primer autor del trabajo presentado.<\/p>\n<p style=\"text-align: justify;\">El coordinador del Grado en Ingenier\u00eda Biom\u00e9dica de cada universidad seleccionar\u00e1 un m\u00e1ximo de <strong>1 trabajo<\/strong>\u00a0entre los recibidos de sus estudiantes. Los estudiantes seleccionados podr\u00e1n asistir al <a href=\"https:\/\/caseib.es\/2022\">CASEIB 2022<\/a> para presentar su trabajo de forma oral en la sesi\u00f3n dedicada a los Premios FENIN-SEIB &#8211; Competici\u00f3n de estudiantes de Grado en Ingenier\u00eda Biom\u00e9dica.<\/p>\n<p><strong>FORMATO Y ENV\u00cdO DE TRABAJOS<\/strong><\/p>\n<p style=\"text-align: justify;\">El formato de los trabajos es el mismo que el establecido en el congreso CASEIB 2022 para el resto de trabajos, en la modalidad de art\u00edculo de 4 p\u00e1ginas (ver detalles y plantilla en <a href=\"https:\/\/caseib.es\/2022\/envio-de-trabajos\/\">Env\u00edo de trabajos<\/a>).<\/p>\n<p style=\"text-align: justify;\">La fecha m\u00e1xima de env\u00edo de trabajos de los <strong>estudiantes<\/strong> a sus centros <strong>ser\u00e1 el 15 de septiembre de 2022<\/strong>. Los centros remitir\u00e1n los trabajos seleccionados al Comit\u00e9 Organizador del CASEIB 2022 (contacto@caseib.es), antes del 15 de octubre de 2022, para que puedan ser incluidos en las actas del congreso.<\/p>\n<p><strong>PREMIOS<\/strong><\/p>\n<p style=\"text-align: justify;\">Los Premios tienen una dotaci\u00f3n en met\u00e1lico de <strong>600\u20ac, 400\u20ac y 200\u20ac para el 1er, 2\u00ba y 3er Premio<\/strong>, respectivamente. La SEIB se hace cargo de los gastos de <strong>inscripci\u00f3n al congreso<\/strong> CASEIB 2022 de los estudiantes seleccionados y los centros proporcionar\u00e1n una <strong>ayuda de viaje<\/strong> para la estancia y el transporte. Todos los seleccionados recibir\u00e1n una <strong>inscripci\u00f3n gratuita como miembro estudiante de la SEIB<\/strong> durante un a\u00f1o desde la fecha de celebraci\u00f3n del congreso.<\/p>\n<p><strong>PERSONAS DE CONTACTO<\/strong><\/p>\n<p style=\"text-align: justify;\">Los datos de contacto del coordinador\/a de cada Universidad, a los que los estudiantes deben enviar sus trabajos para optar el premio, son los siguientes:<\/p>\n<h2 id=\"tablepress-22-name\" class=\"tablepress-table-name tablepress-table-name-id-22\">Contacto premios GIB<\/h2>\n\n<table id=\"tablepress-22\" class=\"tablepress tablepress-id-22 tablepress_left\" aria-labelledby=\"tablepress-22-name\">\n<thead>\n<tr class=\"row-1\">\n\t<th class=\"column-1\">Universidad<\/th><th class=\"column-2\">Coordinador<\/th><th class=\"column-3\">Contacto<\/th>\n<\/tr>\n<\/thead>\n<tbody class=\"row-striping row-hover\">\n<tr class=\"row-2\">\n\t<td class=\"column-1\">Universitat Polit\u00e8cnica de Val\u00e8ncia<\/td><td class=\"column-2\">Javier Saiz<\/td><td class=\"column-3\">jsaiz@ci2b.upv.es<\/td>\n<\/tr>\n<tr class=\"row-3\">\n\t<td class=\"column-1\">Universitat Pompeu Fabra<\/td><td class=\"column-2\">J\u00e9rome Noailly<\/td><td class=\"column-3\">jerome.noailly@upf.edu<\/td>\n<\/tr>\n<tr class=\"row-4\">\n\t<td class=\"column-1\">Universitat Polit\u00e8cnica de Catalunya<\/td><td class=\"column-2\">Daniel Rodr\u00edguez Rius<\/td><td class=\"column-3\">daniel.rodriguez.rius@upc.edu<\/td>\n<\/tr>\n<tr class=\"row-5\">\n\t<td class=\"column-1\">Universidad Carlos III<\/td><td class=\"column-2\">Carlos Le\u00f3n Canseco<\/td><td class=\"column-3\">cleon@ing.uc3m.es<\/td>\n<\/tr>\n<tr class=\"row-6\">\n\t<td class=\"column-1\">Universidad de Barcelona<\/td><td class=\"column-2\">Ramon Farre<\/td><td class=\"column-3\">rfarre@ub.edu<\/td>\n<\/tr>\n<tr class=\"row-7\">\n\t<td class=\"column-1\">Universidad CEU San Pablo<\/td><td class=\"column-2\">Abraham Otero<\/td><td class=\"column-3\">abraham.otero@gmail.com<\/td>\n<\/tr>\n<tr class=\"row-8\">\n\t<td class=\"column-1\">Universidad de Mondrag\u00f3n<\/td><td class=\"column-2\">Maialen Aguinagalde<\/td><td class=\"column-3\">maginagalde@mondragon.edu<\/td>\n<\/tr>\n<tr class=\"row-9\">\n\t<td class=\"column-1\">Universidad Rey Juan Carlos<\/td><td class=\"column-2\">Cristina Soguero<\/td><td class=\"column-3\">cristina.soguero@urjc.es<\/td>\n<\/tr>\n<tr class=\"row-10\">\n\t<td class=\"column-1\">Universidad Europea<\/td><td class=\"column-2\">Silvia Abad<\/td><td class=\"column-3\">SILVIA.ABAD@universidadeuropea.es<\/td>\n<\/tr>\n<tr class=\"row-11\">\n\t<td class=\"column-1\">Universidad Polit\u00e9cnica de Madrid<\/td><td class=\"column-2\">Patricia S\u00e1nchez<\/td><td class=\"column-3\">p.sanchez@upm.es<\/td>\n<\/tr>\n<tr class=\"row-12\">\n\t<td class=\"column-1\">Universidad de Vigo<\/td><td class=\"column-2\">Juan M\u00ba Pou<\/td><td class=\"column-3\">jpou@uvigo.es<\/td>\n<\/tr>\n<tr class=\"row-13\">\n\t<td class=\"column-1\">Universidad de Alicante<\/td><td class=\"column-2\">Daniel Ruiz<\/td><td class=\"column-3\">druiz@dtic.ua.es<\/td>\n<\/tr>\n<tr class=\"row-14\">\n\t<td class=\"column-1\">TECNUN Universidad de Navarra<\/td><td class=\"column-2\">Adam Podhorski<\/td><td class=\"column-3\">apodhorski@tecnun.es<\/td>\n<\/tr>\n<tr class=\"row-15\">\n\t<td class=\"column-1\">Universidad P\u00fablica de Navarra<\/td><td class=\"column-2\">Jes\u00fas Daniel Trigo<\/td><td class=\"column-3\">jesusdaniel.trigo@unavarra.es<\/td>\n<\/tr>\n<tr class=\"row-16\">\n\t<td class=\"column-1\">Universitat Rovira I Virgili<\/td><td class=\"column-2\">Xavier Correig<\/td><td class=\"column-3\">xavier.correig@urv.cat<\/td>\n<\/tr>\n<tr class=\"row-17\">\n\t<td class=\"column-1\">Universitat de Girona<\/td><td class=\"column-2\">Beatriz L\u00f3pez<\/td><td class=\"column-3\">beatriz.lopez@udg.edu<\/td>\n<\/tr>\n<tr class=\"row-18\">\n\t<td class=\"column-1\">Universidad de Valladolid<\/td><td class=\"column-2\">Roberto Hornero<\/td><td class=\"column-3\">robhor@tel.uva.es<\/td>\n<\/tr>\n<tr class=\"row-19\">\n\t<td class=\"column-1\">Universidad Aut\u00f3noma de Madrid<\/td><td class=\"column-2\">Pablo Varona<\/td><td class=\"column-3\">pablo.varona@uam.es<\/td>\n<\/tr>\n<\/tbody>\n<\/table>\n<!-- #tablepress-22 from cache -->\n<p>&nbsp;<\/p>\n","protected":false},"excerpt":{"rendered":"<p>PREMIOS FENIN-SEIB &#8211; COMPETICI\u00d3N DE ESTUDIANTES DE GRADOS DE INGENIER\u00cdA BIOM\u00c9DICA MOTIVACI\u00d3N La Sociedad Espa\u00f1ola de Ingenier\u00eda Biom\u00e9dica (SEIB) y la Federaci\u00f3n Espa\u00f1ola de Empresas de Tecnolog\u00eda Sanitaria (FENIN), coordinadas con los centros espa\u00f1oles en los que se imparten titulaciones de Graduado en Ingenier\u00eda Biom\u00e9dica, convocan los Premios FENIN-SEIB dirigidos\u2026<\/p>\n<p> <a class=\"continue-reading-link\" href=\"https:\/\/caseib.es\/2022\/premios-fenin\/\"><span>VER MAS<\/span><i class=\"crycon-right-dir\"><\/i><\/a> <\/p>\n","protected":false},"author":6,"featured_media":0,"parent":0,"menu_order":0,"comment_status":"closed","ping_status":"open","template":"","meta":{"footnotes":""},"class_list":["post-231","page","type-page","status-publish","hentry"],"_links":{"self":[{"href":"https:\/\/caseib.es\/2022\/wp-json\/wp\/v2\/pages\/231","targetHints":{"allow":["GET"]}}],"collection":[{"href":"https:\/\/caseib.es\/2022\/wp-json\/wp\/v2\/pages"}],"about":[{"href":"https:\/\/caseib.es\/2022\/wp-json\/wp\/v2\/types\/page"}],"author":[{"embeddable":true,"href":"https:\/\/caseib.es\/2022\/wp-json\/wp\/v2\/users\/6"}],"replies":[{"embeddable":true,"href":"https:\/\/caseib.es\/2022\/wp-json\/wp\/v2\/comments?post=231"}],"version-history":[{"count":112,"href":"https:\/\/caseib.es\/2022\/wp-json\/wp\/v2\/pages\/231\/revisions"}],"predecessor-version":[{"id":3330,"href":"https:\/\/caseib.es\/2022\/wp-json\/wp\/v2\/pages\/231\/revisions\/3330"}],"wp:attachment":[{"href":"https:\/\/caseib.es\/2022\/wp-json\/wp\/v2\/media?parent=231"}],"curies":[{"name":"wp","href":"https:\/\/api.w.org\/{rel}","templated":true}]}}