{"id":2634,"date":"2019-07-17T16:00:37","date_gmt":"2019-07-17T15:00:37","guid":{"rendered":"http:\/\/caseib.es\/2020\/?page_id=2634"},"modified":"2019-07-17T16:00:37","modified_gmt":"2019-07-17T15:00:37","slug":"resumen-extendido","status":"publish","type":"page","link":"https:\/\/caseib.es\/2022\/resumen-extendido\/","title":{"rendered":"Resumen extendido"},"content":{"rendered":"<p>Las contribuciones en formato de resumen extendido (opci\u00f3n seleccionable al enviar la publicaci\u00f3n a trav\u00e9s de la plataforma de env\u00edo), aparecer\u00e1n \u00fanicamente en el programa del congreso, no en el libro de actas.<\/p>\n","protected":false},"excerpt":{"rendered":"<p>Las contribuciones en formato de resumen extendido (opci\u00f3n seleccionable al enviar la publicaci\u00f3n a trav\u00e9s de la plataforma de env\u00edo), aparecer\u00e1n \u00fanicamente en el programa del congreso, no en el libro de actas.<\/p>\n<p> <a class=\"continue-reading-link\" href=\"https:\/\/caseib.es\/2022\/resumen-extendido\/\"><span>VER MAS<\/span><i class=\"crycon-right-dir\"><\/i><\/a> <\/p>\n","protected":false},"author":6,"featured_media":0,"parent":0,"menu_order":0,"comment_status":"closed","ping_status":"closed","template":"","meta":{"footnotes":""},"class_list":["post-2634","page","type-page","status-publish","hentry"],"_links":{"self":[{"href":"https:\/\/caseib.es\/2022\/wp-json\/wp\/v2\/pages\/2634","targetHints":{"allow":["GET"]}}],"collection":[{"href":"https:\/\/caseib.es\/2022\/wp-json\/wp\/v2\/pages"}],"about":[{"href":"https:\/\/caseib.es\/2022\/wp-json\/wp\/v2\/types\/page"}],"author":[{"embeddable":true,"href":"https:\/\/caseib.es\/2022\/wp-json\/wp\/v2\/users\/6"}],"replies":[{"embeddable":true,"href":"https:\/\/caseib.es\/2022\/wp-json\/wp\/v2\/comments?post=2634"}],"version-history":[{"count":1,"href":"https:\/\/caseib.es\/2022\/wp-json\/wp\/v2\/pages\/2634\/revisions"}],"predecessor-version":[{"id":2635,"href":"https:\/\/caseib.es\/2022\/wp-json\/wp\/v2\/pages\/2634\/revisions\/2635"}],"wp:attachment":[{"href":"https:\/\/caseib.es\/2022\/wp-json\/wp\/v2\/media?parent=2634"}],"curies":[{"name":"wp","href":"https:\/\/api.w.org\/{rel}","templated":true}]}}