{"id":2636,"date":"2019-07-17T16:01:48","date_gmt":"2019-07-17T15:01:48","guid":{"rendered":"http:\/\/caseib.es\/2020\/?page_id=2636"},"modified":"2019-07-17T16:01:48","modified_gmt":"2019-07-17T15:01:48","slug":"articulo","status":"publish","type":"page","link":"https:\/\/caseib.es\/2022\/articulo\/","title":{"rendered":"Art\u00edculo"},"content":{"rendered":"<p>Las contribuciones en formato habitual de tipo art\u00edculo (opci\u00f3n seleccionable en el proceso de env\u00edo de contribuciones a trav\u00e9s de la plataforma), aparecer\u00e1n en el programa del congreso y ser\u00e1n publicados en el libro de actas con ISBN.<\/p>\n","protected":false},"excerpt":{"rendered":"<p>Las contribuciones en formato habitual de tipo art\u00edculo (opci\u00f3n seleccionable en el proceso de env\u00edo de contribuciones a trav\u00e9s de la plataforma), aparecer\u00e1n en el programa del congreso y ser\u00e1n publicados en el libro de actas con ISBN.<\/p>\n<p> <a class=\"continue-reading-link\" href=\"https:\/\/caseib.es\/2022\/articulo\/\"><span>VER MAS<\/span><i class=\"crycon-right-dir\"><\/i><\/a> <\/p>\n","protected":false},"author":6,"featured_media":0,"parent":0,"menu_order":0,"comment_status":"closed","ping_status":"closed","template":"","meta":{"footnotes":""},"class_list":["post-2636","page","type-page","status-publish","hentry"],"_links":{"self":[{"href":"https:\/\/caseib.es\/2022\/wp-json\/wp\/v2\/pages\/2636","targetHints":{"allow":["GET"]}}],"collection":[{"href":"https:\/\/caseib.es\/2022\/wp-json\/wp\/v2\/pages"}],"about":[{"href":"https:\/\/caseib.es\/2022\/wp-json\/wp\/v2\/types\/page"}],"author":[{"embeddable":true,"href":"https:\/\/caseib.es\/2022\/wp-json\/wp\/v2\/users\/6"}],"replies":[{"embeddable":true,"href":"https:\/\/caseib.es\/2022\/wp-json\/wp\/v2\/comments?post=2636"}],"version-history":[{"count":1,"href":"https:\/\/caseib.es\/2022\/wp-json\/wp\/v2\/pages\/2636\/revisions"}],"predecessor-version":[{"id":2637,"href":"https:\/\/caseib.es\/2022\/wp-json\/wp\/v2\/pages\/2636\/revisions\/2637"}],"wp:attachment":[{"href":"https:\/\/caseib.es\/2022\/wp-json\/wp\/v2\/media?parent=2636"}],"curies":[{"name":"wp","href":"https:\/\/api.w.org\/{rel}","templated":true}]}}