{"id":28,"date":"2015-02-03T19:08:56","date_gmt":"2015-02-03T18:08:56","guid":{"rendered":"http:\/\/localhost\/caseib15\/?page_id=28"},"modified":"2022-11-04T11:33:45","modified_gmt":"2022-11-04T10:33:45","slug":"premio-jose-maria-ferrero-corral","status":"publish","type":"page","link":"https:\/\/caseib.es\/2022\/premio-jose-maria-ferrero-corral\/","title":{"rendered":"Premio Jos\u00e9 Mar\u00eda Ferrero Corral"},"content":{"rendered":"<hr \/>\n<p style=\"text-align: justify;\">El comit\u00e9 organizador del CASEIB organiza, con el soporte de la SEIB, un Concurso de Comunicaciones de <strong>Estudiantes de M\u00e1ster y Doctorado<\/strong>.<\/p>\n<p style=\"text-align: justify;\">De entre todos los trabajos presentados a concurso, ser\u00e1n seleccionados los mejor valorados por los miembros del Comit\u00e9 Cient\u00edfico para su exposici\u00f3n oral en la final del Concurso que tendr\u00e1 lugar en una sesi\u00f3n espec\u00edfica del CASEIB 2022.<\/p>\n<p style=\"text-align: justify;\">Atendiendo a la calidad del trabajo y de la exposici\u00f3n del mismo, el Jurado elegir\u00e1 los tres mejores, que ser\u00e1n dotados con una gratificaci\u00f3n econ\u00f3mica (Primer premio: 600 \u20ac, Segundo premio: 400 \u20ac y Tercer premio: 200 \u20ac). Asimismo, se entregar\u00e1n certificados a los finalistas y premiados.<\/p>\n<hr \/>\n<p><strong>Finalistas del Concurso de Estudiantes \u00abPremio Jos\u00e9 Mar\u00eda Ferrero Corral\u00bb<\/strong><\/p>\n<ul>\n<li>Ander Loidi Yarza <em>et al.<\/em> <em>\u00abAn\u00e1lisis computacional de las caracter\u00edsticas ideales de f\u00e1rmacos en isquemia mioc\u00e1rdica aguda\u00bb<\/em><\/li>\n<li>Marcos Revilla Vallejo <em>et al.<\/em> <em>\u00abAcoplamiento cruzado amplitud-amplitud: un nuevo m\u00e9todo para caracterizar la actividad neuronal y las alteraciones provocadas por la enfermedad de Alzheimer\u00bb<\/em><\/li>\n<li>Alvaro Huerta Herraiz <em>et al.<\/em> <em>\u00abEfecto de la Congelaci\u00f3n de Capas en Redes Neuronales Convolucionales Entrenadas para la Evaluaci\u00f3n de la Calidad del ECG\u00bb<\/em><\/li>\n<li>Juan Miguel Mira Tomas <em>et al.<\/em> <em>\u00abAssessment of common information in surface electromyography recordings with adhesive electrodes and an intravaginal probe\u00bb<\/em><\/li>\n<li>V\u00edctor Guti\u00e9rrez de Pablo <em>et al.<\/em> <em>\u00abAlteraciones patol\u00f3gicas de la estructura neurofisiol\u00f3gica en los diferentes subtipos de migra\u00f1a en mujeres\u00bb<\/em><\/li>\n<li>Carlos Gallardo <em>et al.<\/em> <em>\u00abGlucose prediction based on deep learning models and objective physical activity data\u00bb<\/em><\/li>\n<\/ul>\n<p>Los seis finalistas presentar\u00e1n sus trabajos durante 10 minutos, a los que seguir\u00e1n 5 minutos de debate con el tribunal.<\/p>\n<p><strong>Tribunal<\/strong><\/p>\n<ul>\n<li>Prof. Dr. Enrique J. G\u00f3mez Aguilera, <em>Universidad Polit\u00e9cnica de Madrid<\/em>.<\/li>\n<li>Prof. Dr. Luis Javier Reina Tosina, <em>Universidad de Sevilla<\/em>.<\/li>\n<li>Prof. Dra. Gema Prats Boluda, <em>Universidad Polit\u00e9cnica de Valencia<\/em>.<\/li>\n<\/ul>\n<hr \/>\n<p style=\"text-align: justify;\">Requisitos de los aspirantes:<\/p>\n<ol>\n<li>Los candidatos deben tener formalizada su pertenencia a la SEIB como miembros estudiantes.<\/li>\n<li>Los solicitantes no podr\u00e1n poseer el grado de doctor con antelaci\u00f3n a la fecha de finalizaci\u00f3n del congreso.<\/li>\n<li>Los candidatos deber\u00e1n tener la condici\u00f3n de primer firmante de un trabajo aceptado para presentaci\u00f3n oral en el congreso.<\/li>\n<li>Para poder hacer efectivo el importe de los premios, los candidatos seleccionados deber\u00e1n enviar a la Tesorer\u00eda de la SEIB: fotocopia del carnet de socio o hoja de solicitud de inscripci\u00f3n en la SEIB debidamente cumplimentada y cuenta bancaria para efectuar el ingreso.<\/li>\n<\/ol>\n<hr \/>\n<p>&nbsp;<\/p>\n","protected":false},"excerpt":{"rendered":"<p>El comit\u00e9 organizador del CASEIB organiza, con el soporte de la SEIB, un Concurso de Comunicaciones de Estudiantes de M\u00e1ster y Doctorado. De entre todos los trabajos presentados a concurso, ser\u00e1n seleccionados los mejor valorados por los miembros del Comit\u00e9 Cient\u00edfico para su exposici\u00f3n oral en la final del Concurso\u2026<\/p>\n<p> <a class=\"continue-reading-link\" href=\"https:\/\/caseib.es\/2022\/premio-jose-maria-ferrero-corral\/\"><span>VER MAS<\/span><i class=\"crycon-right-dir\"><\/i><\/a> <\/p>\n","protected":false},"author":6,"featured_media":0,"parent":0,"menu_order":0,"comment_status":"closed","ping_status":"open","template":"","meta":{"footnotes":""},"class_list":["post-28","page","type-page","status-publish","hentry"],"_links":{"self":[{"href":"https:\/\/caseib.es\/2022\/wp-json\/wp\/v2\/pages\/28","targetHints":{"allow":["GET"]}}],"collection":[{"href":"https:\/\/caseib.es\/2022\/wp-json\/wp\/v2\/pages"}],"about":[{"href":"https:\/\/caseib.es\/2022\/wp-json\/wp\/v2\/types\/page"}],"author":[{"embeddable":true,"href":"https:\/\/caseib.es\/2022\/wp-json\/wp\/v2\/users\/6"}],"replies":[{"embeddable":true,"href":"https:\/\/caseib.es\/2022\/wp-json\/wp\/v2\/comments?post=28"}],"version-history":[{"count":41,"href":"https:\/\/caseib.es\/2022\/wp-json\/wp\/v2\/pages\/28\/revisions"}],"predecessor-version":[{"id":3324,"href":"https:\/\/caseib.es\/2022\/wp-json\/wp\/v2\/pages\/28\/revisions\/3324"}],"wp:attachment":[{"href":"https:\/\/caseib.es\/2022\/wp-json\/wp\/v2\/media?parent=28"}],"curies":[{"name":"wp","href":"https:\/\/api.w.org\/{rel}","templated":true}]}}