{"id":2977,"date":"2020-04-24T12:50:23","date_gmt":"2020-04-24T11:50:23","guid":{"rendered":"http:\/\/caseib.es\/2020\/?page_id=2977"},"modified":"2022-11-17T18:22:05","modified_gmt":"2022-11-17T17:22:05","slug":"programa-caseib-2022","status":"publish","type":"page","link":"https:\/\/caseib.es\/2022\/programa-caseib-2022\/","title":{"rendered":"Programa Cient\u00edfico"},"content":{"rendered":"<div class=\"entry-content\">\n<p>El programa cient\u00edfico de CASEIB 2022 se muestra a continuaci\u00f3n en formato resumido. El programa detallado de la conferencia se puede consultar aqu\u00ed: <a href=\"https:\/\/caseib.es\/2022\/wp-content\/uploads\/2022\/11\/ProgramaDetalladoCASEIB2022.pdf\" target=\"_blank\" rel=\"noopener noreferrer\">Programa Detallado CASEIB 2022<\/a>.<\/p>\n<\/div>\n<p>&nbsp;<\/p>\n<p><img loading=\"lazy\" decoding=\"async\" class=\"aligncenter size-full wp-image-3304\" src=\"https:\/\/caseib.es\/2022\/wp-content\/uploads\/2022\/11\/Programa_1_Miercoles_20221102.png\" alt=\"\" width=\"990\" height=\"649\" data-id=\"3304\" srcset=\"https:\/\/caseib.es\/2022\/wp-content\/uploads\/2022\/11\/Programa_1_Miercoles_20221102.png 990w, https:\/\/caseib.es\/2022\/wp-content\/uploads\/2022\/11\/Programa_1_Miercoles_20221102-300x197.png 300w, https:\/\/caseib.es\/2022\/wp-content\/uploads\/2022\/11\/Programa_1_Miercoles_20221102-768x503.png 768w, https:\/\/caseib.es\/2022\/wp-content\/uploads\/2022\/11\/Programa_1_Miercoles_20221102-150x98.png 150w\" sizes=\"auto, (max-width: 990px) 100vw, 990px\" \/><\/p>\n<p>&nbsp;<\/p>\n<p><img loading=\"lazy\" decoding=\"async\" class=\"aligncenter size-full wp-image-3305\" src=\"https:\/\/caseib.es\/2022\/wp-content\/uploads\/2022\/11\/Programa_2_Jueves_20221102.png\" alt=\"\" width=\"988\" height=\"675\" data-id=\"3305\" \/><\/p>\n<p><img loading=\"lazy\" decoding=\"async\" class=\"aligncenter size-full wp-image-3306\" src=\"https:\/\/caseib.es\/2022\/wp-content\/uploads\/2022\/11\/Programa_3_Viernes_20221102.png\" alt=\"\" width=\"989\" height=\"562\" data-id=\"3306\" \/><\/p>\n<p>&nbsp;<\/p>\n","protected":false},"excerpt":{"rendered":"<p>El programa cient\u00edfico de CASEIB 2022 se muestra a continuaci\u00f3n en formato resumido. El programa detallado de la conferencia se puede consultar aqu\u00ed: Programa Detallado CASEIB 2022. &nbsp; &nbsp; &nbsp;<\/p>\n<p> <a class=\"continue-reading-link\" href=\"https:\/\/caseib.es\/2022\/programa-caseib-2022\/\"><span>VER MAS<\/span><i class=\"crycon-right-dir\"><\/i><\/a> <\/p>\n","protected":false},"author":6,"featured_media":0,"parent":0,"menu_order":0,"comment_status":"closed","ping_status":"closed","template":"","meta":{"footnotes":""},"class_list":["post-2977","page","type-page","status-publish","hentry"],"_links":{"self":[{"href":"https:\/\/caseib.es\/2022\/wp-json\/wp\/v2\/pages\/2977","targetHints":{"allow":["GET"]}}],"collection":[{"href":"https:\/\/caseib.es\/2022\/wp-json\/wp\/v2\/pages"}],"about":[{"href":"https:\/\/caseib.es\/2022\/wp-json\/wp\/v2\/types\/page"}],"author":[{"embeddable":true,"href":"https:\/\/caseib.es\/2022\/wp-json\/wp\/v2\/users\/6"}],"replies":[{"embeddable":true,"href":"https:\/\/caseib.es\/2022\/wp-json\/wp\/v2\/comments?post=2977"}],"version-history":[{"count":22,"href":"https:\/\/caseib.es\/2022\/wp-json\/wp\/v2\/pages\/2977\/revisions"}],"predecessor-version":[{"id":3360,"href":"https:\/\/caseib.es\/2022\/wp-json\/wp\/v2\/pages\/2977\/revisions\/3360"}],"wp:attachment":[{"href":"https:\/\/caseib.es\/2022\/wp-json\/wp\/v2\/media?parent=2977"}],"curies":[{"name":"wp","href":"https:\/\/api.w.org\/{rel}","templated":true}]}}