{"id":3175,"date":"2022-06-23T08:45:09","date_gmt":"2022-06-23T07:45:09","guid":{"rendered":"https:\/\/caseib.es\/2022\/?page_id=3175"},"modified":"2022-06-23T11:43:29","modified_gmt":"2022-06-23T10:43:29","slug":"sesion-especial","status":"publish","type":"page","link":"https:\/\/caseib.es\/2022\/sesion-especial\/","title":{"rendered":"Sesi\u00f3n especial"},"content":{"rendered":"<h3><strong>Sesi\u00f3n especial: \u00abNeurotecnolog\u00edas para la asistencia y la rehabilitaci\u00f3n\u00bb<\/strong><\/h3>\n<h4><\/h4>\n<p>Organizadores:<\/p>\n<p><em>Roberto Hornero S\u00e1nchez, Universidad de Valladolid <\/em><a href=\"mailto:roberto.hornero@uva.es\">roberto.hornero@uva.es<\/a><br \/>\n<em>Jos\u00e9 Mar\u00eda Azor\u00edn, Universidad Miguel Hern\u00e1ndez de Elche <\/em><a href=\"mailto:jm.azorin@umh.es\">jm.azorin@umh.es<\/a><br \/>\n<em>Eduardo Rocon, Centro de Autom\u00e1tica y Rob\u00f3tica, CSIC <\/em><a href=\"mailto:e.rocon@csic.es\">e.rocon@csic.es<\/a> <em>\u00a0<\/em><br \/>\n<em>Enrique G\u00f3mez Aguilera, Universidad Polit\u00e9cnica de Madrid <\/em><a href=\"mailto:enriquejavier.gomez@upm.es\"><em>enriquejavier.gomez@upm.es<\/em><\/a><\/p>\n<p style=\"text-align: justify;\">Esta sesi\u00f3n especial es organizada por la SEIB (Sociedad Espa\u00f1ola en Ingenier\u00eda Biom\u00e9dica), AITADIS (Asociaci\u00f3n Iberoamericana de Tecnolog\u00edas de Apoyo a la Discapacidad) y el Grupo de Bioingenier\u00eda de CEA (Comit\u00e9 Espa\u00f1ol de Autom\u00e1tica), y se dedica a trabajos de investigaci\u00f3n, desarrollos y experiencias innovadoras en el \u00e1rea de las neurotecnolog\u00edas para la asistencia y la rehabilitaci\u00f3n con aplicaci\u00f3n al colectivo de personas con trastornos f\u00edsicos\/cognitivos. Entre los diversos temas de inter\u00e9s para esta sesi\u00f3n se pueden incluir:<\/p>\n<ul>\n<li>Exoesqueletos rob\u00f3ticos para la mejora de la manipulaci\u00f3n y de la movilidad.<\/li>\n<li>Desarrollo de pr\u00f3tesis o robots para rehabilitaci\u00f3n, tanto de extremidades superiores como inferiores.<\/li>\n<li>Interfaces multimodales para control de sistemas externos.<\/li>\n<li>Interfaces hombre-m\u00e1quina basadas en se\u00f1ales electrofisiol\u00f3gicas (EMG y EEG).<\/li>\n<li>Control de neuropr\u00f3tesis mediante t\u00e9cnicas de estimulaci\u00f3n el\u00e9ctrica funcional.<\/li>\n<li>Modelado de se\u00f1ales bioel\u00e9ctricas para el dise\u00f1o, seguimiento, predicci\u00f3n de \u00e9xito y aumento de la eficacia de la terapia en rehabilitaci\u00f3n.<\/li>\n<li>Procesamiento de se\u00f1ales fisiol\u00f3gicas para la mejora de la terapia cl\u00ednica en el \u00e1mbito neurol\u00f3gico, y muscular.<\/li>\n<\/ul>\n<p style=\"text-align: left;\">Puede encontrar m\u00e1s informaci\u00f3n en este <strong><a href=\"https:\/\/caseib.es\/2022\/wp-content\/uploads\/2022\/06\/Sesio\u0301n-especial-Neurotecnologi\u0301as.pdf\" target=\"_blank\" rel=\"noopener noreferrer\">enlace<\/a><\/strong>.<\/p>\n<p><img loading=\"lazy\" decoding=\"async\" class=\"wp-image-1024 alignleft\" src=\"https:\/\/caseib.es\/2022\/wp-content\/uploads\/2017\/04\/SEIB-150x150.png\" alt=\"\" width=\"226\" height=\"100\" data-id=\"1024\" srcset=\"https:\/\/caseib.es\/2022\/wp-content\/uploads\/2017\/04\/SEIB-300x132.png 300w, https:\/\/caseib.es\/2022\/wp-content\/uploads\/2017\/04\/SEIB-250x110.png 250w, https:\/\/caseib.es\/2022\/wp-content\/uploads\/2017\/04\/SEIB-150x66.png 150w, https:\/\/caseib.es\/2022\/wp-content\/uploads\/2017\/04\/SEIB.png 496w\" sizes=\"auto, (max-width: 226px) 100vw, 226px\" \/> <img loading=\"lazy\" decoding=\"async\" class=\"alignleft wp-image-3185 size-full\" src=\"https:\/\/caseib.es\/2022\/wp-content\/uploads\/2022\/06\/logo_aitadis.jpg\" alt=\"\" width=\"191\" height=\"78\" data-id=\"3185\" srcset=\"https:\/\/caseib.es\/2022\/wp-content\/uploads\/2022\/06\/logo_aitadis.jpg 191w, https:\/\/caseib.es\/2022\/wp-content\/uploads\/2022\/06\/logo_aitadis-150x61.jpg 150w\" sizes=\"auto, (max-width: 191px) 100vw, 191px\" \/><img loading=\"lazy\" decoding=\"async\" class=\"wp-image-3184 alignleft\" src=\"https:\/\/caseib.es\/2022\/wp-content\/uploads\/2022\/06\/logo_cea_bioing.png\" alt=\"\" width=\"100\" height=\"100\" data-id=\"3184\" \/><\/p>\n<p>&nbsp;<\/p>\n","protected":false},"excerpt":{"rendered":"<p>Sesi\u00f3n especial: \u00abNeurotecnolog\u00edas para la asistencia y la rehabilitaci\u00f3n\u00bb Organizadores: Roberto Hornero S\u00e1nchez, Universidad de Valladolid roberto.hornero@uva.es Jos\u00e9 Mar\u00eda Azor\u00edn, Universidad Miguel Hern\u00e1ndez de Elche jm.azorin@umh.es Eduardo Rocon, Centro de Autom\u00e1tica y Rob\u00f3tica, CSIC e.rocon@csic.es \u00a0 Enrique G\u00f3mez Aguilera, Universidad Polit\u00e9cnica de Madrid enriquejavier.gomez@upm.es Esta sesi\u00f3n especial es organizada por\u2026<\/p>\n<p> <a class=\"continue-reading-link\" href=\"https:\/\/caseib.es\/2022\/sesion-especial\/\"><span>VER MAS<\/span><i class=\"crycon-right-dir\"><\/i><\/a> <\/p>\n","protected":false},"author":6,"featured_media":0,"parent":0,"menu_order":0,"comment_status":"closed","ping_status":"closed","template":"","meta":{"footnotes":""},"class_list":["post-3175","page","type-page","status-publish","hentry"],"_links":{"self":[{"href":"https:\/\/caseib.es\/2022\/wp-json\/wp\/v2\/pages\/3175","targetHints":{"allow":["GET"]}}],"collection":[{"href":"https:\/\/caseib.es\/2022\/wp-json\/wp\/v2\/pages"}],"about":[{"href":"https:\/\/caseib.es\/2022\/wp-json\/wp\/v2\/types\/page"}],"author":[{"embeddable":true,"href":"https:\/\/caseib.es\/2022\/wp-json\/wp\/v2\/users\/6"}],"replies":[{"embeddable":true,"href":"https:\/\/caseib.es\/2022\/wp-json\/wp\/v2\/comments?post=3175"}],"version-history":[{"count":13,"href":"https:\/\/caseib.es\/2022\/wp-json\/wp\/v2\/pages\/3175\/revisions"}],"predecessor-version":[{"id":3198,"href":"https:\/\/caseib.es\/2022\/wp-json\/wp\/v2\/pages\/3175\/revisions\/3198"}],"wp:attachment":[{"href":"https:\/\/caseib.es\/2022\/wp-json\/wp\/v2\/media?parent=3175"}],"curies":[{"name":"wp","href":"https:\/\/api.w.org\/{rel}","templated":true}]}}