{"id":3340,"date":"2022-11-10T12:48:09","date_gmt":"2022-11-10T11:48:09","guid":{"rendered":"https:\/\/caseib.es\/2022\/?page_id=3340"},"modified":"2022-11-10T13:38:13","modified_gmt":"2022-11-10T12:38:13","slug":"acto-de-clausura","status":"publish","type":"page","link":"https:\/\/caseib.es\/2022\/acto-de-clausura\/","title":{"rendered":"Acto de clausura"},"content":{"rendered":"<h4>Viernes\u00a025 de noviembre, 13:00 h \u2013 Aula Magna<\/h4>\n<p>&nbsp;<\/p>\n<p>El XL Congreso Anual de la Sociedad Espa\u00f1ola de Ingenier\u00eda Biom\u00e9dica ser\u00e1 clausurado por los representantes de la Universidad de Valladolid, de la SEIB y del Comit\u00e9 Organizador de CASEIB 2022. Durante la ceremonia de clausura se har\u00e1 entrega del Premio Jos\u00e9 Mar\u00eda Ferrero Corral y de las distinciones de la Competici\u00f3n de Estudiantes de Grado en Ingenier\u00eda Biom\u00e9dica:<\/p>\n<ul>\n<li>Prof. Dr. D. Enrique Baeyens L\u00e1zaro, <em>Sr. Vicerrector de Investigaci\u00f3n de la Universidad de Valladolid<\/em>.<\/li>\n<li>Prof. Dr. D. Enrique J. G\u00f3mez Aguilera. <em>Presidente de la Sociedad Espa\u00f1ola de Ingenier\u00eda Biom\u00e9dica<\/em>.<\/li>\n<li>Dr. D. Jes\u00fas Poza Crespo. <em>Secretario del Comit\u00e9 Organizador de CASEIB 2022<\/em>.<\/li>\n<\/ul>\n<p>&nbsp;<\/p>\n","protected":false},"excerpt":{"rendered":"<p>Viernes\u00a025 de noviembre, 13:00 h \u2013 Aula Magna &nbsp; El XL Congreso Anual de la Sociedad Espa\u00f1ola de Ingenier\u00eda Biom\u00e9dica ser\u00e1 clausurado por los representantes de la Universidad de Valladolid, de la SEIB y del Comit\u00e9 Organizador de CASEIB 2022. Durante la ceremonia de clausura se har\u00e1 entrega del Premio\u2026<\/p>\n<p> <a class=\"continue-reading-link\" href=\"https:\/\/caseib.es\/2022\/acto-de-clausura\/\"><span>VER MAS<\/span><i class=\"crycon-right-dir\"><\/i><\/a> <\/p>\n","protected":false},"author":6,"featured_media":0,"parent":0,"menu_order":0,"comment_status":"closed","ping_status":"closed","template":"","meta":{"footnotes":""},"class_list":["post-3340","page","type-page","status-publish","hentry"],"_links":{"self":[{"href":"https:\/\/caseib.es\/2022\/wp-json\/wp\/v2\/pages\/3340","targetHints":{"allow":["GET"]}}],"collection":[{"href":"https:\/\/caseib.es\/2022\/wp-json\/wp\/v2\/pages"}],"about":[{"href":"https:\/\/caseib.es\/2022\/wp-json\/wp\/v2\/types\/page"}],"author":[{"embeddable":true,"href":"https:\/\/caseib.es\/2022\/wp-json\/wp\/v2\/users\/6"}],"replies":[{"embeddable":true,"href":"https:\/\/caseib.es\/2022\/wp-json\/wp\/v2\/comments?post=3340"}],"version-history":[{"count":4,"href":"https:\/\/caseib.es\/2022\/wp-json\/wp\/v2\/pages\/3340\/revisions"}],"predecessor-version":[{"id":3346,"href":"https:\/\/caseib.es\/2022\/wp-json\/wp\/v2\/pages\/3340\/revisions\/3346"}],"wp:attachment":[{"href":"https:\/\/caseib.es\/2022\/wp-json\/wp\/v2\/media?parent=3340"}],"curies":[{"name":"wp","href":"https:\/\/api.w.org\/{rel}","templated":true}]}}