{"id":3353,"date":"2022-11-16T12:59:22","date_gmt":"2022-11-16T11:59:22","guid":{"rendered":"https:\/\/caseib.es\/2022\/?page_id=3353"},"modified":"2022-11-16T13:04:07","modified_gmt":"2022-11-16T12:04:07","slug":"reconocimiento-de-creditos","status":"publish","type":"page","link":"https:\/\/caseib.es\/2022\/reconocimiento-de-creditos\/","title":{"rendered":"Reconocimiento de cr\u00e9ditos"},"content":{"rendered":"<p>Estimados estudiantes,<\/p>\n<p style=\"text-align: justify;\">Los d\u00edas <strong>23, 24 y 25 de noviembre<\/strong> se celebrar\u00e1 en la Facultad de Medicina de la Universidad de Valladolid el <strong>XL Congreso Anual de la Sociedad Espa\u00f1ola de Ingenier\u00eda Biom\u00e9dica (CASEIB 2022)<\/strong>. En este congreso se re\u00fanen expertos y profesionales de las diferentes ramas cient\u00edficas y t\u00e9cnicas que interact\u00faan en el \u00e1rea de la <strong>Ingenier\u00eda Biom\u00e9dica<\/strong>: el sector sanitario, la industria y la investigaci\u00f3n. Es una excelente oportunidad para conocer c\u00f3mo se desarrollan unas jornadas cient\u00edficas, ver de primera mano la presentaci\u00f3n de los trabajos m\u00e1s recientes de los grupos punteros en Ingenier\u00eda Biom\u00e9dica en Espa\u00f1a, asistir a ponencias de investigadores l\u00edderes internacionales y recibir charlas motivacionales que podr\u00e1n impulsar vuestro desarrollo acad\u00e9mico y dar valor a vuestros trabajos finales a aquellos que est\u00e9is en los \u00faltimos cursos de formaci\u00f3n. En el siguiente enlace podr\u00e9is encontrar el <strong>programa cient\u00edfico del congreso<\/strong>: <a href=\"https:\/\/caseib.es\/2022\/programa-caseib-2022\/\">https:\/\/caseib.es\/2022\/programa-caseib-2022\/<\/a><\/p>\n<p style=\"text-align: justify;\">Esta actividad ha sido <strong>reconocida con 0.5 cr\u00e9ditos<\/strong> en la resoluci\u00f3n provisional de \u201cReconocimiento de cr\u00e9ditos por participaci\u00f3n en actividades culturales, deportivas, de cooperaci\u00f3n y solidarias en estudios de grado\u201d. Es de esperar que la resoluci\u00f3n definitiva corrobore dicho reconocimiento, aunque <strong>los cr\u00e9ditos no se podr\u00e1n solicitar formalmente hasta que la resoluci\u00f3n sea firme<\/strong>. De acuerdo a la normativa de reconocimiento de cr\u00e9ditos, <strong>para poder optar a estos 0.5 cr\u00e9ditos ser\u00e1 necesario<\/strong>:<\/p>\n<ul>\n<li><strong>Inscribirse en la actividad<\/strong>. Para ello, todos aquellos interesados deber\u00e1n <strong>enviar un email <u>antes de las 14:00 del lunes 21<\/u> a la direcci\u00f3n de correo <\/strong><a href=\"mailto:daniel.alvarez.gonzalez@uva.es\"><strong>daniel.alvarez.gonzalez@uva.es<\/strong><\/a>, indicando su inter\u00e9s en asistir al congreso, con el Asunto: CASEIB 2022 Actividad Alumnos UVA.<\/li>\n<li>El n\u00famero de plazas es limitado. <strong><u>SOLO LOS 35 PRIMEROS INSCRITOS<\/u> PODR\u00c1N ASISTIR Y TENER LA OPORTUNIDAD DE ACCEDER AL RECONOCIMIENTO DE CR\u00c9DITOS<\/strong>.<\/li>\n<li>El congreso CASEIB 2022 se desarrolla a lo largo de un total de 20 horas (considerando exclusivamente las sesiones cient\u00edficas, ponencias, mesas redondas y concursos\/premios). <strong>Es necesario asistir a un m\u00ednimo de 12.5 horas para poder optar al reconocimiento de esos 0.5 cr\u00e9ditos<\/strong>.<\/li>\n<li>El control de asistencia a las sesiones se llevar\u00e1 a cabo por los organizadores del congreso. Ser\u00e1 imprescindible <strong>firmar y especificar la hora a la entrada y a la salida de cada sesi\u00f3n<\/strong> para poder contabilizar esas horas. Es <strong>responsabilidad de cada alumno inscrito<\/strong> buscar al encargado de la organizaci\u00f3n (siempre habr\u00e1 uno a la entrada de cada sala) para firmar en el control de asistencia.<\/li>\n<li>De acuerdo a la normativa UVA de Reconocimiento de cr\u00e9ditos, adem\u00e1s del control de asistencia es necesario realizar una <strong>evaluaci\u00f3n de la actividad<\/strong>. Dicha evaluaci\u00f3n consistir\u00e1 en un <strong>cuestionario tipo test<\/strong> que se realizar\u00e1 en una <strong>fecha por determinar entre el 28 de noviembre y el 2 de diciembre de 2022<\/strong>. La evaluaci\u00f3n ser\u00e1 <strong>favorable<\/strong> respondiendo correctamente a al menos el <strong>50% de las cuestiones<\/strong>.<\/li>\n<\/ul>\n<p>&nbsp;<\/p>\n<p style=\"text-align: justify;\">Los estudiantes inscritos a trav\u00e9s de la UVA (email a <a href=\"mailto:daniel.alvarez.gonzalez@uva.es\">daniel.alvarez.gonzalez@uva.es<\/a>, indicando en el asunto \u201cCASEIB 2022 Actividad Alumnos UVA\u201d) tienen una <strong>cuota de inscripci\u00f3n gratuita<\/strong>, no siendo necesario inscribirse en la web del congreso. Dicha inscripci\u00f3n no incluye el material del congreso, comida\/caf\u00e9s o la asistencia a los actos sociales.<\/p>\n<p style=\"text-align: justify;\">Desde el Comit\u00e9 Organizador de CASEIB 2022, compuesto por todos los miembros del Grupo de Ingenier\u00eda Biom\u00e9dica (GIB) de la Universidad de Valladolid, os animamos a uniros a nosotros durante estas jornadas y esperamos que os resulten amenas a la vez que enriquecedoras.<\/p>\n<p>Fdo.: Comit\u00e9 Organizador de CASEIB 2022<\/p>\n","protected":false},"excerpt":{"rendered":"<p>Estimados estudiantes, Los d\u00edas 23, 24 y 25 de noviembre se celebrar\u00e1 en la Facultad de Medicina de la Universidad de Valladolid el XL Congreso Anual de la Sociedad Espa\u00f1ola de Ingenier\u00eda Biom\u00e9dica (CASEIB 2022). En este congreso se re\u00fanen expertos y profesionales de las diferentes ramas cient\u00edficas y t\u00e9cnicas\u2026<\/p>\n<p> <a class=\"continue-reading-link\" href=\"https:\/\/caseib.es\/2022\/reconocimiento-de-creditos\/\"><span>VER MAS<\/span><i class=\"crycon-right-dir\"><\/i><\/a> <\/p>\n","protected":false},"author":6,"featured_media":0,"parent":0,"menu_order":0,"comment_status":"closed","ping_status":"closed","template":"","meta":{"footnotes":""},"class_list":["post-3353","page","type-page","status-publish","hentry"],"_links":{"self":[{"href":"https:\/\/caseib.es\/2022\/wp-json\/wp\/v2\/pages\/3353","targetHints":{"allow":["GET"]}}],"collection":[{"href":"https:\/\/caseib.es\/2022\/wp-json\/wp\/v2\/pages"}],"about":[{"href":"https:\/\/caseib.es\/2022\/wp-json\/wp\/v2\/types\/page"}],"author":[{"embeddable":true,"href":"https:\/\/caseib.es\/2022\/wp-json\/wp\/v2\/users\/6"}],"replies":[{"embeddable":true,"href":"https:\/\/caseib.es\/2022\/wp-json\/wp\/v2\/comments?post=3353"}],"version-history":[{"count":4,"href":"https:\/\/caseib.es\/2022\/wp-json\/wp\/v2\/pages\/3353\/revisions"}],"predecessor-version":[{"id":3358,"href":"https:\/\/caseib.es\/2022\/wp-json\/wp\/v2\/pages\/3353\/revisions\/3358"}],"wp:attachment":[{"href":"https:\/\/caseib.es\/2022\/wp-json\/wp\/v2\/media?parent=3353"}],"curies":[{"name":"wp","href":"https:\/\/api.w.org\/{rel}","templated":true}]}}