{"id":400,"date":"2015-09-09T08:52:22","date_gmt":"2015-09-09T07:52:22","guid":{"rendered":"http:\/\/caseib16.es\/?page_id=400"},"modified":"2022-05-03T09:24:13","modified_gmt":"2022-05-03T08:24:13","slug":"transporte-y-alojamiento","status":"publish","type":"page","link":"https:\/\/caseib.es\/2022\/transporte-y-alojamiento\/","title":{"rendered":"Transporte"},"content":{"rendered":"<h2>Transporte<\/h2>\n<p>&nbsp;<\/p>\n<h3>RENFE<\/h3>\n<p>Descuento del <strong>5% en RENFE<\/strong> para congresistas y acompa\u00f1antes para viajar a Valladolid con motivo del CASEIB 2022.<\/p>\n<p>Para que los asistentes puedan disfrutar del descuento a la hora de comprar sus billetes a trav\u00e9s de <a href=\"https:\/\/www.renfe.com\" target=\"_blank\" rel=\"noopener noreferrer\">www.renfe.com<\/a> deben:<\/p>\n<ol>\n<li>Seleccionar el tren que deseen marcando <strong>en cualquiera de las opciones disponibles (B\u00e1sico, Elige, Elige Confort y Pr\u00e9mium)<\/strong>.<\/li>\n<li>En el desplegable de tarifas seleccionar la tarifa de Congresos\/Eventos.<\/li>\n<li>Introducir el n\u00famero de autorizaci\u00f3n en la casilla que indica <strong>n\u00famero de autorizaci\u00f3n (No v\u00e1lido para casilla c\u00f3digo descuento)<\/strong>.<\/li>\n<\/ol>\n<p>Puede consultar un tutorial detallado <a href=\"https:\/\/www.renfe.com\/es\/es\/viajar\/prepara-tu-viaje\/descuentos\/congresos-y-eventos\/tutorial.html\" target=\"_blank\" rel=\"noopener noreferrer\">aqu\u00ed<\/a>. Para solicitar el c\u00f3digo de autorizaci\u00f3n del descuento es necesario contactar con los organizadores (contacto@caseib.es) antes de comprar los billetes.<\/p>\n<p>&nbsp;<\/p>\n","protected":false},"excerpt":{"rendered":"<p>Transporte &nbsp; RENFE Descuento del 5% en RENFE para congresistas y acompa\u00f1antes para viajar a Valladolid con motivo del CASEIB 2022. Para que los asistentes puedan disfrutar del descuento a la hora de comprar sus billetes a trav\u00e9s de www.renfe.com deben: Seleccionar el tren que deseen marcando en cualquiera de\u2026<\/p>\n<p> <a class=\"continue-reading-link\" href=\"https:\/\/caseib.es\/2022\/transporte-y-alojamiento\/\"><span>VER MAS<\/span><i class=\"crycon-right-dir\"><\/i><\/a> <\/p>\n","protected":false},"author":6,"featured_media":0,"parent":0,"menu_order":0,"comment_status":"closed","ping_status":"open","template":"","meta":{"footnotes":""},"class_list":["post-400","page","type-page","status-publish","hentry"],"_links":{"self":[{"href":"https:\/\/caseib.es\/2022\/wp-json\/wp\/v2\/pages\/400","targetHints":{"allow":["GET"]}}],"collection":[{"href":"https:\/\/caseib.es\/2022\/wp-json\/wp\/v2\/pages"}],"about":[{"href":"https:\/\/caseib.es\/2022\/wp-json\/wp\/v2\/types\/page"}],"author":[{"embeddable":true,"href":"https:\/\/caseib.es\/2022\/wp-json\/wp\/v2\/users\/6"}],"replies":[{"embeddable":true,"href":"https:\/\/caseib.es\/2022\/wp-json\/wp\/v2\/comments?post=400"}],"version-history":[{"count":54,"href":"https:\/\/caseib.es\/2022\/wp-json\/wp\/v2\/pages\/400\/revisions"}],"predecessor-version":[{"id":3147,"href":"https:\/\/caseib.es\/2022\/wp-json\/wp\/v2\/pages\/400\/revisions\/3147"}],"wp:attachment":[{"href":"https:\/\/caseib.es\/2022\/wp-json\/wp\/v2\/media?parent=400"}],"curies":[{"name":"wp","href":"https:\/\/api.w.org\/{rel}","templated":true}]}}