{"id":497,"date":"2015-10-23T12:58:44","date_gmt":"2015-10-23T11:58:44","guid":{"rendered":"http:\/\/caseib16.es\/?page_id=497"},"modified":"2022-11-10T13:55:54","modified_gmt":"2022-11-10T12:55:54","slug":"acto-inaugural","status":"publish","type":"page","link":"https:\/\/caseib.es\/2022\/acto-inaugural\/","title":{"rendered":"Acto inaugural"},"content":{"rendered":"<h4>Mi\u00e9rcoles 23 de noviembre, 13:00 h &#8211; Aula Magna<\/h4>\n<p>&nbsp;<\/p>\n<p>La XL edici\u00f3n del Congreso Anual de la Sociedad Espa\u00f1ola de Ingenier\u00eda Biom\u00e9dica (CASEIB 2022) contar\u00e1 en su inauguraci\u00f3n con la presencia de las siguientes autoridades, en representaci\u00f3n de, la Universidad de Valladolid, la Sociedad Espa\u00f1ola de Ingenier\u00eda Biom\u00e9dica y el Comit\u00e9 Organizador de CASEIB 2022:<\/p>\n<ul>\n<li>Prof. Dr. D. Antonio Largo Cabrerizo, <em>Excmo. Sr. Rector Magn\u00edfico de la Universidad de Valladolid<\/em>.<\/li>\n<li>Prof. Dr. D. Jos\u00e9 Mar\u00eda Fidel Fern\u00e1ndez G\u00f3mez, <em>Sr. Decano de la Facultad de Medicina de la Universidad de Valladolid<\/em>.<\/li>\n<li>Prof. Dr. D. Enrique J. G\u00f3mez Aguilera, <em>Presidente de la Sociedad Espa\u00f1ola de Ingenier\u00eda Biom\u00e9dica<\/em>.<\/li>\n<li>Prof. Dr. D. Roberto Hornero S\u00e1nchez, <em>Presidente del Comit\u00e9 Organizador del XL Congreso Anual de la Sociedad Espa\u00f1ola de Ingenier\u00eda Biom\u00e9dica (CASEIB 2022)<\/em>.<\/li>\n<\/ul>\n<p>&nbsp;<\/p>\n","protected":false},"excerpt":{"rendered":"<p>Mi\u00e9rcoles 23 de noviembre, 13:00 h &#8211; Aula Magna &nbsp; La XL edici\u00f3n del Congreso Anual de la Sociedad Espa\u00f1ola de Ingenier\u00eda Biom\u00e9dica (CASEIB 2022) contar\u00e1 en su inauguraci\u00f3n con la presencia de las siguientes autoridades, en representaci\u00f3n de, la Universidad de Valladolid, la Sociedad Espa\u00f1ola de Ingenier\u00eda Biom\u00e9dica y\u2026<\/p>\n<p> <a class=\"continue-reading-link\" href=\"https:\/\/caseib.es\/2022\/acto-inaugural\/\"><span>VER MAS<\/span><i class=\"crycon-right-dir\"><\/i><\/a> <\/p>\n","protected":false},"author":6,"featured_media":0,"parent":0,"menu_order":0,"comment_status":"closed","ping_status":"open","template":"","meta":{"footnotes":""},"class_list":["post-497","page","type-page","status-publish","hentry"],"_links":{"self":[{"href":"https:\/\/caseib.es\/2022\/wp-json\/wp\/v2\/pages\/497","targetHints":{"allow":["GET"]}}],"collection":[{"href":"https:\/\/caseib.es\/2022\/wp-json\/wp\/v2\/pages"}],"about":[{"href":"https:\/\/caseib.es\/2022\/wp-json\/wp\/v2\/types\/page"}],"author":[{"embeddable":true,"href":"https:\/\/caseib.es\/2022\/wp-json\/wp\/v2\/users\/6"}],"replies":[{"embeddable":true,"href":"https:\/\/caseib.es\/2022\/wp-json\/wp\/v2\/comments?post=497"}],"version-history":[{"count":29,"href":"https:\/\/caseib.es\/2022\/wp-json\/wp\/v2\/pages\/497\/revisions"}],"predecessor-version":[{"id":3349,"href":"https:\/\/caseib.es\/2022\/wp-json\/wp\/v2\/pages\/497\/revisions\/3349"}],"wp:attachment":[{"href":"https:\/\/caseib.es\/2022\/wp-json\/wp\/v2\/media?parent=497"}],"curies":[{"name":"wp","href":"https:\/\/api.w.org\/{rel}","templated":true}]}}