{"id":652,"date":"2016-06-15T10:34:57","date_gmt":"2016-06-15T09:34:57","guid":{"rendered":"http:\/\/caseib16.es\/?page_id=652"},"modified":"2022-11-02T10:14:36","modified_gmt":"2022-11-02T09:14:36","slug":"comite-cientifico-2","status":"publish","type":"page","link":"https:\/\/caseib.es\/2022\/comite-cientifico-2\/","title":{"rendered":"Comit\u00e9 Cient\u00edfico"},"content":{"rendered":"<hr \/>\n<p><strong>Presidente:<\/strong> Enrique J. G\u00f3mez Aguilera, <em>Universidad Polit\u00e9cnica de Madrid<\/em>.<\/p>\n<p><strong>Secretarios:<\/strong> Jes\u00fas Poza Crespo y Carlos G\u00f3mez Pe\u00f1a, <em>Universidad de Valladolid<\/em>.<\/p>\n<p><strong>Vocales<\/strong><\/p>\n<ul>\n<li>Bego\u00f1a Acha Pi\u00f1ero, <em>Universidad de Sevilla<\/em>.<\/li>\n<li>Ra\u00fal Alcaraz Mart\u00ednez, <em>Universidad de Castilla la Mancha<\/em>.<\/li>\n<li>Erik Alonso, <em>Universidad del Pa\u00eds Vasco<\/em>.<\/li>\n<li>Daniel \u00c1lvarez Gonz\u00e1lez, <em>Universidad de Valladolid<\/em>.<\/li>\n<li>Juan Carlos Antony, <em>GE Healthcare<\/em>.<\/li>\n<li>Elisabete Aramendi Ecenarro, <em>Universidad del Pa\u00eds Vasco<\/em>.<\/li>\n<li>Jos\u00e9 Luis Arce Diego, <em>Universidad de Cantabri<\/em>a.<\/li>\n<li>M\u00aa Gloria Bueno Garc\u00eda, <em>Universidad de Castilla la Mancha<\/em>.<\/li>\n<li>Ana de los Reyes Guzm\u00e1n, <em>Servicio de Salud de Castilla la Mancha<\/em>.<\/li>\n<li>F\u00e9lix del Campo Mat\u00edas, <em>Universidad de Valladolid<\/em>.<\/li>\n<li>Manuel Desco Men\u00e9ndez, <em>Universidad Carlos III de Madrid<\/em>.<\/li>\n<li>F\u00e9lix Fanjul V\u00e9lez, <em>Universidad de Cantabria<\/em>.<\/li>\n<li>Javier Garc\u00eda Casado, <em>Universidad Polit\u00e9cnica de Valencia<\/em>.<\/li>\n<li>Mar\u00eda Garc\u00eda Gada\u00f1\u00f3n, <em>Universidad de Valladolid<\/em>.<\/li>\n<li>Beatriz F. Giraldo Giraldo, <em>Universidad Polit\u00e9cnica de Catalu\u00f1a<\/em>.<\/li>\n<li>Javier G\u00f3mez Pilar, <em>Universidad de Valladolid<\/em>.<\/li>\n<li>Gonzalo C\u00e9sar Guti\u00e9rrez Tobal, <em>Universidad de Valladolid<\/em>.<\/li>\n<li>Mar\u00eda Elena Hernando P\u00e9rez, <em>Universidad Polit\u00e9cnica de Madrid<\/em>.<\/li>\n<li>Roberto Hornero S\u00e1nchez, <em>Universidad de Valladolid<\/em>.<\/li>\n<li>Raimon Jan\u00e9 Campos, <em>Universidad Polit\u00e9cnica de Catalu\u00f1a<\/em>.<\/li>\n<li>Pablo Laguna Lasaosa, <em>Universidad de Zaragoza<\/em>.<\/li>\n<li>Mar\u00eda Isabel L\u00f3pez G\u00e1lvez, <em>Hospital Cl\u00ednico Universitario de Valladolid<\/em>.<\/li>\n<li>V\u00edctor Mart\u00ednez Cagigal, <em>Universidad de Valladolid<\/em>.<\/li>\n<li>Gema Prats Boluda, <em>Universidad Polit\u00e9cnica de Valencia<\/em>.<\/li>\n<li>Javier Reina Tosina, <em>Universidad de Sevilla<\/em>.<\/li>\n<li>Jos\u00e9 Joaqu\u00edn Rieta Ib\u00e1\u00f1ez, <em>Universidad Polit\u00e9cnica de Valencia<\/em>.<\/li>\n<li>Isabel Rom\u00e1n Mart\u00ednez, <em>Universidad de Sevilla<\/em>.<\/li>\n<li>Francisco Javier Saiz Rodr\u00edguez, <em>Universidad Polit\u00e9cnica de Valencia<\/em>.<\/li>\n<li>Patricia S\u00e1nchez Gonz\u00e1lez, <em>Universidad Polit\u00e9cnica de Madrid<\/em>.<\/li>\n<li>Daniel S\u00e1nchez Morillo, <em>Universidad de C\u00e1diz<\/em>.<\/li>\n<li>Andr\u00e9s Santos Lle\u00f3, <em>Universidad Polit\u00e9cnica de Madrid<\/em>.<\/li>\n<li>Carmen Serrano Gotarredona, <em>Universidad de Sevilla<\/em>.<\/li>\n<li>Ruth Solana Gracia, <em>Hospital Universitario Infanta Leonor<\/em>.<\/li>\n<li>Abel Torres Cebri\u00e1n, <em>Universidad Polit\u00e9cnica de Catalu\u00f1a<\/em>.<\/li>\n<li>Fernando Vaquerizo Villar, <em>Universidad de Valladolid<\/em>.<\/li>\n<\/ul>\n<p>&nbsp;<\/p>\n","protected":false},"excerpt":{"rendered":"<p>Presidente: Enrique J. G\u00f3mez Aguilera, Universidad Polit\u00e9cnica de Madrid. Secretarios: Jes\u00fas Poza Crespo y Carlos G\u00f3mez Pe\u00f1a, Universidad de Valladolid. Vocales Bego\u00f1a Acha Pi\u00f1ero, Universidad de Sevilla. Ra\u00fal Alcaraz Mart\u00ednez, Universidad de Castilla la Mancha. Erik Alonso, Universidad del Pa\u00eds Vasco. Daniel \u00c1lvarez Gonz\u00e1lez, Universidad de Valladolid. Juan Carlos Antony,\u2026<\/p>\n<p> <a class=\"continue-reading-link\" href=\"https:\/\/caseib.es\/2022\/comite-cientifico-2\/\"><span>VER MAS<\/span><i class=\"crycon-right-dir\"><\/i><\/a> <\/p>\n","protected":false},"author":6,"featured_media":0,"parent":0,"menu_order":0,"comment_status":"closed","ping_status":"open","template":"","meta":{"footnotes":""},"class_list":["post-652","page","type-page","status-publish","hentry"],"_links":{"self":[{"href":"https:\/\/caseib.es\/2022\/wp-json\/wp\/v2\/pages\/652","targetHints":{"allow":["GET"]}}],"collection":[{"href":"https:\/\/caseib.es\/2022\/wp-json\/wp\/v2\/pages"}],"about":[{"href":"https:\/\/caseib.es\/2022\/wp-json\/wp\/v2\/types\/page"}],"author":[{"embeddable":true,"href":"https:\/\/caseib.es\/2022\/wp-json\/wp\/v2\/users\/6"}],"replies":[{"embeddable":true,"href":"https:\/\/caseib.es\/2022\/wp-json\/wp\/v2\/comments?post=652"}],"version-history":[{"count":55,"href":"https:\/\/caseib.es\/2022\/wp-json\/wp\/v2\/pages\/652\/revisions"}],"predecessor-version":[{"id":3311,"href":"https:\/\/caseib.es\/2022\/wp-json\/wp\/v2\/pages\/652\/revisions\/3311"}],"wp:attachment":[{"href":"https:\/\/caseib.es\/2022\/wp-json\/wp\/v2\/media?parent=652"}],"curies":[{"name":"wp","href":"https:\/\/api.w.org\/{rel}","templated":true}]}}