{"id":661,"date":"2016-06-15T10:59:14","date_gmt":"2016-06-15T09:59:14","guid":{"rendered":"http:\/\/caseib16.es\/?page_id=661"},"modified":"2022-11-02T10:18:36","modified_gmt":"2022-11-02T09:18:36","slug":"inscripcion-2","status":"publish","type":"page","link":"https:\/\/caseib.es\/2022\/inscripcion-2\/","title":{"rendered":"Inscripci\u00f3n"},"content":{"rendered":"<hr \/>\n<h4>Enlace a la plataforma de inscripciones: <a href=\"http:\/\/eventos.uva.es\/go\/caseib2022\" target=\"_blank\" rel=\"noopener noreferrer\">http:\/\/eventos.uva.es\/go\/caseib2022<\/a><\/h4>\n<p>Los datos de facturaci\u00f3n de la Universidad de Valladolid son:<\/p>\n<p style=\"padding-left: 40px;\">UNIVERSIDAD DE VALLADOLID<br \/>\nPlaza del Colegio de Santa Cruz 8<br \/>\n47002 VALLADOLID<br \/>\nCIF Q4718001C<\/p>\n<hr \/>\n<p><strong>CUOTAS CASEIB 2022<\/strong><\/p>\n\n<table id=\"tablepress-4\" class=\"tablepress tablepress-id-4\">\n<tbody class=\"row-striping row-hover\">\n<tr class=\"row-1\">\n\t<td class=\"column-1\"><\/td><td class=\"column-2\"><\/td><td class=\"column-3\"><strong>Anticipada<br \/>\nHasta el 31\/10\/2022<\/strong><em><\/td><td class=\"column-4\"><strong>Tard\u00eda<br \/>\nDesde el 01\/11\/2022<\/strong><\/em><\/td>\n<\/tr>\n<tr class=\"row-2\">\n\t<td class=\"column-1\">No miembro de SEIB<\/td><td class=\"column-2\">NO Estudiante<br \/>\nEstudiante <sup>(1)<\/sup><\/td><td class=\"column-3\">420\u20ac<br \/>\n280\u20ac<\/td><td class=\"column-4\">500\u20ac<br \/>\n360\u20ac<\/td>\n<\/tr>\n<tr class=\"row-3\">\n\t<td class=\"column-1\">Miembro SEIB <sup>(2)<\/sup><\/td><td class=\"column-2\">NO Estudiante<br \/>\nEstudiante <sup>(1)<\/sup><\/td><td class=\"column-3\">340\u20ac<br \/>\n200\u20ac<\/td><td class=\"column-4\">420\u20ac<br \/>\n280\u20ac<\/td>\n<\/tr>\n<tr class=\"row-4\">\n\t<td class=\"column-1\">Comunicaci\u00f3n adicional <sup>(3)<\/sup><\/td><td class=\"column-2\"><\/td><td class=\"column-3\">80\u20ac<\/td><td class=\"column-4\">100\u20ac<\/td>\n<\/tr>\n<tr class=\"row-5\">\n\t<td class=\"column-1\">Acompa\u00f1ante <sup>(4)<\/sup><\/td><td class=\"column-2\"><\/td><td class=\"column-3\">120\u20ac<\/td><td class=\"column-4\">120\u20ac<\/td>\n<\/tr>\n<\/tbody>\n<\/table>\n<!-- #tablepress-4 from cache -->\n<p><sup>(1)<\/sup>\u00a0Los estudiantes deber\u00e1n aportar un documento acreditativo de su condici\u00f3n en el momento de formalizar su inscripci\u00f3n.<\/p>\n<p><sup>(2)<\/sup> Se aplicar\u00e1 a los socios de la SEIB y las Sociedades Cient\u00edficas que tienen convenio con la SEIB: <a href=\"https:\/\/seib.org.es\/sobre-la-seib\/convenios-con-otras-sociedades\/\" target=\"_blank\" rel=\"noopener noreferrer\">https:\/\/seib.org.es\/sobre-la-seib\/convenios-con-otras-sociedades\/<\/a><br \/>\n<sup>(3)<\/sup>\u00a0La inscripci\u00f3n da derecho a una sola comunicaci\u00f3n. Cada comunicaci\u00f3n adicional conlleva un incremento de 80 \u20ac en la cuota de inscripci\u00f3n.<br \/>\n<sup>(4)<\/sup> En la cuota de acompa\u00f1ante se incluye exclusivamente la cena de gala.<\/p>\n<p>NOTA: La cuota de inscripci\u00f3n incluye la documentaci\u00f3n, los caf\u00e9s, las comidas, cena de gala y el c\u00f3ctel de inauguraci\u00f3n.<\/p>\n","protected":false},"excerpt":{"rendered":"<p>Enlace a la plataforma de inscripciones: http:\/\/eventos.uva.es\/go\/caseib2022 Los datos de facturaci\u00f3n de la Universidad de Valladolid son: UNIVERSIDAD DE VALLADOLID Plaza del Colegio de Santa Cruz 8 47002 VALLADOLID CIF Q4718001C CUOTAS CASEIB 2022 (1)\u00a0Los estudiantes deber\u00e1n aportar un documento acreditativo de su condici\u00f3n en el momento de formalizar su\u2026<\/p>\n<p> <a class=\"continue-reading-link\" href=\"https:\/\/caseib.es\/2022\/inscripcion-2\/\"><span>VER MAS<\/span><i class=\"crycon-right-dir\"><\/i><\/a> <\/p>\n","protected":false},"author":6,"featured_media":0,"parent":0,"menu_order":0,"comment_status":"closed","ping_status":"open","template":"","meta":{"footnotes":""},"class_list":["post-661","page","type-page","status-publish","hentry"],"_links":{"self":[{"href":"https:\/\/caseib.es\/2022\/wp-json\/wp\/v2\/pages\/661","targetHints":{"allow":["GET"]}}],"collection":[{"href":"https:\/\/caseib.es\/2022\/wp-json\/wp\/v2\/pages"}],"about":[{"href":"https:\/\/caseib.es\/2022\/wp-json\/wp\/v2\/types\/page"}],"author":[{"embeddable":true,"href":"https:\/\/caseib.es\/2022\/wp-json\/wp\/v2\/users\/6"}],"replies":[{"embeddable":true,"href":"https:\/\/caseib.es\/2022\/wp-json\/wp\/v2\/comments?post=661"}],"version-history":[{"count":124,"href":"https:\/\/caseib.es\/2022\/wp-json\/wp\/v2\/pages\/661\/revisions"}],"predecessor-version":[{"id":3313,"href":"https:\/\/caseib.es\/2022\/wp-json\/wp\/v2\/pages\/661\/revisions\/3313"}],"wp:attachment":[{"href":"https:\/\/caseib.es\/2022\/wp-json\/wp\/v2\/media?parent=661"}],"curies":[{"name":"wp","href":"https:\/\/api.w.org\/{rel}","templated":true}]}}