{"id":9,"date":"2015-02-03T18:58:26","date_gmt":"2015-02-03T17:58:26","guid":{"rendered":"http:\/\/localhost\/caseib15\/?page_id=9"},"modified":"2022-11-10T12:49:59","modified_gmt":"2022-11-10T11:49:59","slug":"comite-organizador","status":"publish","type":"page","link":"https:\/\/caseib.es\/2022\/comite-organizador\/","title":{"rendered":"Comit\u00e9 Organizador"},"content":{"rendered":"<p>Tenemos el placer de invitaros al XL Congreso de la Sociedad Espa\u00f1ola de Ingenier\u00eda Biom\u00e9dica CASEIB 2022 que se celebrar\u00e1 los d\u00edas 23, 24 y 25 de noviembre en la Universidad de Valladolid (UVa), organizado por el Grupo de Ingenier\u00eda Biom\u00e9dica (GIB) y la Sociedad Espa\u00f1ola de Ingenier\u00eda Biom\u00e9dica (SEIB).<\/p>\n<p><strong>Presidente<\/strong><\/p>\n<ul>\n<li>Roberto Hornero S\u00e1nchez<\/li>\n<\/ul>\n<p><strong>Secretarios:<\/strong><\/p>\n<ul>\n<li>Jes\u00fas Poza Crespo<\/li>\n<li>Carlos G\u00f3mez Pe\u00f1a<\/li>\n<\/ul>\n<p><strong>Vocales:<\/strong><\/p>\n<ul>\n<li>Mar\u00eda Garc\u00eda Gada\u00f1\u00f3n<\/li>\n<li>Daniel \u00c1lvarez Gonz\u00e1lez<\/li>\n<li>Gonzalo C. Guti\u00e9rrez Tobal<\/li>\n<li>Javier G\u00f3mez Pilar<\/li>\n<li>V\u00edctor Mart\u00ednez Cagigal<\/li>\n<li>Fernando Vaquerizo Villar<\/li>\n<\/ul>\n<p><strong>Colaboradores:<\/strong><\/p>\n<ul>\n<li>Ver\u00f3nica Barroso Garc\u00eda<\/li>\n<li>Roberto Romero Ora\u00e1<\/li>\n<li>Eduardo Santamar\u00eda V\u00e1zquez<\/li>\n<li>Jorge Jim\u00e9nez Garc\u00eda<\/li>\n<li>Adri\u00e1n Mart\u00edn Montero<\/li>\n<li>V\u00edctor Rodr\u00edguez Gonz\u00e1lez<\/li>\n<li>Aar\u00f3n Maturana Candelas<\/li>\n<li>V\u00edctor Guti\u00e9rrez de Pablo<\/li>\n<li>Marcos Revilla Vallejo<\/li>\n<li>Sergio P\u00e9rez Velasco<\/li>\n<li>Diego Marcos Mart\u00ednez<\/li>\n<li>Selene Moreno Calder\u00f3n<\/li>\n<li>Enrique Gurdiel Gonz\u00e1lez<\/li>\n<li>Clara Garc\u00eda Vicente<\/li>\n<li>Mar\u00eda Herrero Tudela<\/li>\n<\/ul>\n<p>&nbsp;<\/p>\n","protected":false},"excerpt":{"rendered":"<p>Tenemos el placer de invitaros al XL Congreso de la Sociedad Espa\u00f1ola de Ingenier\u00eda Biom\u00e9dica CASEIB 2022 que se celebrar\u00e1 los d\u00edas 23, 24 y 25 de noviembre en la Universidad de Valladolid (UVa), organizado por el Grupo de Ingenier\u00eda Biom\u00e9dica (GIB) y la Sociedad Espa\u00f1ola de Ingenier\u00eda Biom\u00e9dica (SEIB).\u2026<\/p>\n<p> <a class=\"continue-reading-link\" href=\"https:\/\/caseib.es\/2022\/comite-organizador\/\"><span>VER MAS<\/span><i class=\"crycon-right-dir\"><\/i><\/a> <\/p>\n","protected":false},"author":6,"featured_media":0,"parent":0,"menu_order":0,"comment_status":"closed","ping_status":"open","template":"","meta":{"footnotes":""},"class_list":["post-9","page","type-page","status-publish","hentry"],"_links":{"self":[{"href":"https:\/\/caseib.es\/2022\/wp-json\/wp\/v2\/pages\/9","targetHints":{"allow":["GET"]}}],"collection":[{"href":"https:\/\/caseib.es\/2022\/wp-json\/wp\/v2\/pages"}],"about":[{"href":"https:\/\/caseib.es\/2022\/wp-json\/wp\/v2\/types\/page"}],"author":[{"embeddable":true,"href":"https:\/\/caseib.es\/2022\/wp-json\/wp\/v2\/users\/6"}],"replies":[{"embeddable":true,"href":"https:\/\/caseib.es\/2022\/wp-json\/wp\/v2\/comments?post=9"}],"version-history":[{"count":63,"href":"https:\/\/caseib.es\/2022\/wp-json\/wp\/v2\/pages\/9\/revisions"}],"predecessor-version":[{"id":3342,"href":"https:\/\/caseib.es\/2022\/wp-json\/wp\/v2\/pages\/9\/revisions\/3342"}],"wp:attachment":[{"href":"https:\/\/caseib.es\/2022\/wp-json\/wp\/v2\/media?parent=9"}],"curies":[{"name":"wp","href":"https:\/\/api.w.org\/{rel}","templated":true}]}}