{"id":3390,"date":"2023-04-13T11:58:58","date_gmt":"2023-04-13T10:58:58","guid":{"rendered":"https:\/\/caseib.es\/2023\/?page_id=3390"},"modified":"2023-12-19T14:33:27","modified_gmt":"2023-12-19T13:33:27","slug":"bienvenida","status":"publish","type":"page","link":"https:\/\/caseib.es\/2023\/","title":{"rendered":"BIENVENIDA"},"content":{"rendered":"<p><a href=\"https:\/\/caseib.es\/2023\/wp-content\/uploads\/2023\/12\/CASEIB2023_LIBRO_DE_ACTAS_FINAL_COMP.pdf\"><img loading=\"lazy\" decoding=\"async\" class=\"alignleft size-medium wp-image-4087\" src=\"https:\/\/caseib.es\/2023\/wp-content\/uploads\/2023\/12\/CASEIB_LIBRO_DE_ACTAS-214x300.png\" alt=\"\" width=\"214\" height=\"300\" data-id=\"4087\" srcset=\"https:\/\/caseib.es\/2023\/wp-content\/uploads\/2023\/12\/CASEIB_LIBRO_DE_ACTAS-214x300.png 214w, https:\/\/caseib.es\/2023\/wp-content\/uploads\/2023\/12\/CASEIB_LIBRO_DE_ACTAS-107x150.png 107w, https:\/\/caseib.es\/2023\/wp-content\/uploads\/2023\/12\/CASEIB_LIBRO_DE_ACTAS.png 660w\" sizes=\"auto, (max-width: 214px) 100vw, 214px\" \/><\/a><\/p>\n<hr \/>\n<p>En nombre del Comit\u00e9 Organizador, nos complace presentar el XLI Congreso Anual de la Sociedad Espa\u00f1ola de Ingenier\u00eda Biom\u00e9dica (CASEIB 2023), que tendr\u00e1 lugar en Cartagena los d\u00edas 22, 23 y 24 de noviembre de 2023.<\/p>\n<p>Esta nueva edici\u00f3n del Congreso estar\u00e1 organizada por la <a href=\"https:\/\/www.upct.es\/\">Universidad Polit\u00e9cnica de Cartagena<\/a> y la <a href=\"https:\/\/seib.org.es\/\">Sociedad Espa\u00f1ola de Ingenier\u00eda Biom\u00e9dica (SEIB)<\/a>, con la colaboraci\u00f3n de la <a href=\"https:\/\/www.fenin.es\/\">Federaci\u00f3n de Empresas de Tecnolog\u00edas Sanitarias (FENIN)<\/a> y el nodo espa\u00f1ol del <a href=\"https:\/\/eithealth.eu\/in-your-region\/spain\/\">European Institute of Innovation &amp; Technology in Health (EIT Health Spain).<\/a><\/p>\n<p>Como en ediciones anteriores, en el CASEIB 2023 se dar\u00e1n a conocer los \u00faltimos avances en investigaci\u00f3n en las diferentes \u00e1reas que engloba la Ingenier\u00eda Biom\u00e9dica. Esperamos que esta edici\u00f3n del congreso permita establecer nuevos lazos de colaboraci\u00f3n entre grupos de investigaci\u00f3n, empresas y profesionales cl\u00ednicos. Para ello, se ha dise\u00f1ado un programa cient\u00edfico de calidad, con dos conferencias plenarias,\u00a0 dos mesas redondas, 15 sesiones orales y 3 de p\u00f3ster, incluyendo 3 sesiones especiales centradas en \u00e1reas espec\u00edficas y emergentes dentro de la SEIB como son los biomatriales, la nanomedicina y la neurotecnolog\u00eda. Por supuesto, no nos olvidamos de las competiciones destinadas a estudiantes de Grado, M\u00e1ster y Doctorado (premios SEIB-FENIN, SEIB-EIT Health Spain y Jos\u00e9 Mar\u00eda Ferrero Corral), con las que pretendemos fomentar la excelencia entre las nuevas generaciones de ingenier@s biom\u00e9dic@s.<\/p>\n<p>Cartagena ser\u00e1, durante tres d\u00edas, el marco en el que compartir nuestras experiencias y enriquecernos con los nuevos avances en Ingenier\u00eda Biom\u00e9dica.\u00a0Capital de la Hispania romana, en la actualidad la ciudad goza de una intensa vida cultural, con eventos tan importantes como el <a href=\"https:\/\/jazz.cartagena.es\/\">Cartagena Jazz Festival, <\/a><a href=\"https:\/\/lamardemusicas.cartagena.es\/\">La Mar de M\u00fasicas<\/a> , las <a href=\"https:\/\/cartaginesesyromanos.es\/\">Fiestas de Cartagineses y Romanos<\/a> y la <a href=\"https:\/\/semanasanta.cartagena.es\/\">Semana Santa<\/a>, ambas de Inter\u00e9s Tur\u00edstico Internacional. Ciudad orgullosa de su historia y de su patrimonio, cuenta con m\u00faltiples museos como el del <a href=\"https:\/\/teatroromano.cartagena.es\/\">Teatro Romano<\/a>, el <a href=\"https:\/\/puertodeculturas.cartagena.es\/ficha_barrio_foro.asp\">Museo del Foro Romano<\/a>, el <a href=\"https:\/\/www.culturaydeporte.gob.es\/mnarqua\/home.html\">Museo Nacional de Arqueolog\u00eda Subacu\u00e1tica &#8211; ARQVA<\/a>\u00a0 (donde se custodia el Tesoro de Las Mercedes) y el <a href=\"https:\/\/www.fundacionmuseonaval.com\/museonavalcartagena.html\">Museo Naval<\/a> (donde se conserva el prototipo original del submarino desarrollado por Isaac Peral).<\/p>\n<p>Esperamos que todas estas razones os animen a participar en el <strong>CASEIB 2023<\/strong>.<\/p>\n<p>\u00a1Nos vemos en Cartagena!<\/p>\n<p style=\"text-align: right;\">El Comit\u00e9 Organizador del CASEIB 2023<\/p>\n<p>&nbsp;<\/p>\n<p>&nbsp;<\/p>\n<p><span style=\"color: #999999;\">Ya se encuentra habilitada la <a style=\"color: #999999;\" href=\"https:\/\/caseib.es\/2023\/envio-de-trabajos\/\">plataforma para enviar las comunicaciones y los res\u00famenes extendidos<\/a>. Todas las noticias e informaci\u00f3n del congreso se ir\u00e1n actualizando tanto en la web como en nuestro perfil de Twitter (@CASEIB2023). A continuaci\u00f3n, se resumen las fechas a tener en cuenta para enviar las comunicaciones y los res\u00famenes extendidos:<\/span><\/p>\n<p><span style=\"color: #999999;\">Env\u00edo de comunicaciones y res\u00famenes extendidos: hasta el 17 de septiembre de 2023 (FECHA FINAL)<\/span><br \/>\n<span style=\"color: #999999;\">Notificaci\u00f3n de aceptaci\u00f3n: 15 de octubre de 2023<\/span><br \/>\n<span style=\"color: #999999;\">Inscripci\u00f3n reducida: hasta el 31 de octubre de 2023<\/span><\/p>\n","protected":false},"excerpt":{"rendered":"<p>En nombre del Comit\u00e9 Organizador, nos complace presentar el XLI Congreso Anual de la Sociedad Espa\u00f1ola de Ingenier\u00eda Biom\u00e9dica (CASEIB 2023), que tendr\u00e1 lugar en Cartagena los d\u00edas 22, 23 y 24 de noviembre de 2023. Esta nueva edici\u00f3n del Congreso estar\u00e1 organizada por la Universidad Polit\u00e9cnica de Cartagena y\u2026<\/p>\n<p> <a class=\"continue-reading-link\" href=\"https:\/\/caseib.es\/2023\/\"><span>VER MAS<\/span><i class=\"crycon-right-dir\"><\/i><\/a> <\/p>\n","protected":false},"author":7,"featured_media":0,"parent":0,"menu_order":0,"comment_status":"closed","ping_status":"closed","template":"","meta":{"footnotes":""},"class_list":["post-3390","page","type-page","status-publish","hentry"],"_links":{"self":[{"href":"https:\/\/caseib.es\/2023\/wp-json\/wp\/v2\/pages\/3390","targetHints":{"allow":["GET"]}}],"collection":[{"href":"https:\/\/caseib.es\/2023\/wp-json\/wp\/v2\/pages"}],"about":[{"href":"https:\/\/caseib.es\/2023\/wp-json\/wp\/v2\/types\/page"}],"author":[{"embeddable":true,"href":"https:\/\/caseib.es\/2023\/wp-json\/wp\/v2\/users\/7"}],"replies":[{"embeddable":true,"href":"https:\/\/caseib.es\/2023\/wp-json\/wp\/v2\/comments?post=3390"}],"version-history":[{"count":24,"href":"https:\/\/caseib.es\/2023\/wp-json\/wp\/v2\/pages\/3390\/revisions"}],"predecessor-version":[{"id":4089,"href":"https:\/\/caseib.es\/2023\/wp-json\/wp\/v2\/pages\/3390\/revisions\/4089"}],"wp:attachment":[{"href":"https:\/\/caseib.es\/2023\/wp-json\/wp\/v2\/media?parent=3390"}],"curies":[{"name":"wp","href":"https:\/\/api.w.org\/{rel}","templated":true}]}}