{"id":3479,"date":"2023-04-13T22:50:57","date_gmt":"2023-04-13T21:50:57","guid":{"rendered":"https:\/\/caseib.es\/2023\/?page_id=3479"},"modified":"2023-04-13T22:54:45","modified_gmt":"2023-04-13T21:54:45","slug":"seib","status":"publish","type":"page","link":"https:\/\/caseib.es\/2023\/seib\/","title":{"rendered":"SEIB"},"content":{"rendered":"<p>La <a href=\"https:\/\/seib.org.es\">Sociedad Espa\u00f1ola de Ingenier\u00eda Biom\u00e9dica (SEIB)<\/a>\u00a0se cre\u00f3 formalmente en 1981 con el nombre de Asociaci\u00f3n Espa\u00f1ola de Bioingenier\u00eda (AEB), y su nombre fue cambiado en 1995 por el actual, siguiendo la tendencia internacional. Desde su creaci\u00f3n, la sociedad ha estado dirigida por siete presidentes (Gabriel Ferrat\u00e9, F. Fern\u00e1ndez, Jos\u00e9 Luis Monteagudo, Jos\u00e9 Mar\u00eda Ferrero, Laura Roa, Raimon Jan\u00e9 y Enrique G\u00f3mez-Aguilera).<\/p>\n<p><strong>\u00a0<\/strong>La SEIB tiene como finalidad principal promover la colaboraci\u00f3n entre investigadores, profesionales y estudiantes que desarrollan su actividad en el campo de la Ingenier\u00eda Biom\u00e9dica. Entre sus actividades m\u00e1s relevantes, destaca la organizaci\u00f3n del Congreso Anual de la Sociedad Espa\u00f1ola de Ingenier\u00eda Biom\u00e9dica (CASEIB), el impulso de la educaci\u00f3n en Ingenier\u00eda Biom\u00e9dica (Grado, M\u00e1ster y Doctorado), el fomento de la investigaci\u00f3n cient\u00edfica y la innovaci\u00f3n, y la colaboraci\u00f3n con otras Sociedades T\u00e9cnicas, M\u00e9dicas e Industriales. La SEIB est\u00e1 afiliada a la <a href=\"https:\/\/ifmbe.org\/\">International Federation for Medical and Biological Engineering (IFMBE)<\/a>, a la <a href=\"https:\/\/eambes.org\/\">European Alliance for Medical and Biological Engineering and Science (EAMBES)<\/a> y a la <a href=\"https:\/\/cosce.org\/\">Confederaci\u00f3n de Sociedades Cient\u00edficas de Espa\u00f1a (COSCE)<\/a>.<\/p>\n<p>Adem\u00e1s, la SEIB mantiene convenios establecidos con las siguientes sociedades:<\/p>\n<ul>\n<li><a href=\"http:\/\/cesvima.upm.es\">Cap\u00edtulo Espa\u00f1ol<\/a> de la <a href=\"http:\/\/esbiomech.org\">S<\/a><a href=\"http:\/\/esbiomech.org\">ociedad Europea en Biomec\u00e1nica<\/a><\/li>\n<li><a href=\"http:\/\/www.ciber-bbn.es\">Centro de Investigaci\u00f3n Biom\u00e9dica en Red en Bioingenier\u00eda, Biomateriales y Nanomedicina<\/a> (CIBER-BBN)<\/li>\n<li><a href=\"http:\/\/ceeibis.com\">Consejo Estatal de Estudiantes de Ingenier\u00eda Biom\u00e9dica e Ingenier\u00eda de la Salud<\/a> (CEEIBIS)<\/li>\n<li><a href=\"http:\/\/www.fenin.es\">Federaci\u00f3n Espa\u00f1ola de Empresas de Tecnolog\u00eda Sanitaria<\/a> (FENIN)<\/li>\n<li><a href=\"http:\/\/itemas.org\">Plataforma de Innovaci\u00f3n en Tecnolog\u00edas M\u00e9dicas y Sanitarias<\/a> (ITEMAS)<\/li>\n<li><a href=\"https:\/\/www.sedar.es\">Sociedad Espa\u00f1ola de Anestesiolog\u00eda, Reanimaci\u00f3n y Terap\u00e9utica del Dolor<\/a> (SEDAR)<\/li>\n<li><a href=\"https:\/\/secardiologia.es\">Sociedad Espa\u00f1ola de Cardiolog\u00eda<\/a> (SEC)<\/li>\n<li><a href=\"http:\/\/https\/\/www.seclaendosurgery.com\">Sociedad Espa\u00f1ola de Cirug\u00eda Laparosc\u00f3pica y Rob\u00f3tica<\/a> (SECLA)<\/li>\n<li><a href=\"https:\/\/sedisa.net\">Sociedad Espa\u00f1ola de Directivos de la Salud<\/a> (SEDISA)<\/li>\n<li><a href=\"http:\/\/www.seis.es\">Sociedad Espa\u00f1ola de Inform\u00e1tica de la Salud<\/a> (SEIS)<\/li>\n<li><a href=\"http:\/\/www.oc.lm.ehu.es\/seiq\">Sociedad Espa\u00f1ola de Investigaciones Quir\u00fargicas<\/a> (SEIQ)<\/li>\n<li><a href=\"https:\/\/www.separ.es\">Sociedad Espa\u00f1ola de Neumolog\u00eda y Cirug\u00eda Tor\u00e1cica<\/a> (SEPAR)<\/li>\n<li><a href=\"http:\/\/seram.es\">Sociedad Espa\u00f1ola de Radiolog\u00eda M\u00e9dica<\/a> (SERAM)<\/li>\n<li><a href=\"http:\/\/www.ses.org.es\">Sociedad Espa\u00f1ola de Sue\u00f1o<\/a> (SES)<\/li>\n<li><a href=\"http:\/\/www.seidrob.es\">Sociedad Espa\u00f1ola para la Investigaci\u00f3n y Desarrollo en Rob\u00f3tica<\/a> (SEIDROB)<\/li>\n<li><a href=\"https:\/\/sruk.org.uk\">Society of Spanish Researchers in the United Kingdom<\/a> (SRUK\/CERU)<\/li>\n<\/ul>\n","protected":false},"excerpt":{"rendered":"<p>La Sociedad Espa\u00f1ola de Ingenier\u00eda Biom\u00e9dica (SEIB)\u00a0se cre\u00f3 formalmente en 1981 con el nombre de Asociaci\u00f3n Espa\u00f1ola de Bioingenier\u00eda (AEB), y su nombre fue cambiado en 1995 por el actual, siguiendo la tendencia internacional. Desde su creaci\u00f3n, la sociedad ha estado dirigida por siete presidentes (Gabriel Ferrat\u00e9, F. Fern\u00e1ndez, Jos\u00e9\u2026<\/p>\n<p> <a class=\"continue-reading-link\" href=\"https:\/\/caseib.es\/2023\/seib\/\"><span>VER MAS<\/span><i class=\"crycon-right-dir\"><\/i><\/a> <\/p>\n","protected":false},"author":7,"featured_media":0,"parent":0,"menu_order":0,"comment_status":"closed","ping_status":"closed","template":"","meta":{"footnotes":""},"class_list":["post-3479","page","type-page","status-publish","hentry"],"_links":{"self":[{"href":"https:\/\/caseib.es\/2023\/wp-json\/wp\/v2\/pages\/3479","targetHints":{"allow":["GET"]}}],"collection":[{"href":"https:\/\/caseib.es\/2023\/wp-json\/wp\/v2\/pages"}],"about":[{"href":"https:\/\/caseib.es\/2023\/wp-json\/wp\/v2\/types\/page"}],"author":[{"embeddable":true,"href":"https:\/\/caseib.es\/2023\/wp-json\/wp\/v2\/users\/7"}],"replies":[{"embeddable":true,"href":"https:\/\/caseib.es\/2023\/wp-json\/wp\/v2\/comments?post=3479"}],"version-history":[{"count":3,"href":"https:\/\/caseib.es\/2023\/wp-json\/wp\/v2\/pages\/3479\/revisions"}],"predecessor-version":[{"id":3484,"href":"https:\/\/caseib.es\/2023\/wp-json\/wp\/v2\/pages\/3479\/revisions\/3484"}],"wp:attachment":[{"href":"https:\/\/caseib.es\/2023\/wp-json\/wp\/v2\/media?parent=3479"}],"curies":[{"name":"wp","href":"https:\/\/api.w.org\/{rel}","templated":true}]}}