{"id":3508,"date":"2023-05-18T17:37:29","date_gmt":"2023-05-18T16:37:29","guid":{"rendered":"https:\/\/caseib.es\/2023\/?page_id=3508"},"modified":"2023-06-05T19:44:12","modified_gmt":"2023-06-05T18:44:12","slug":"hoteles-organizacion","status":"publish","type":"page","link":"https:\/\/caseib.es\/2023\/hoteles-organizacion\/","title":{"rendered":"Hoteles Comit\u00e9 Local"},"content":{"rendered":"<p>A continuaci\u00f3n se refieren los hoteles con convenio para el congreso por parte del comit\u00e9 local con habitaciones bloqueadas para congresistas con la referencia \u00abXLI Congreso Anual de la Sociedad Espa\u00f1ola de Ingenier\u00eda Biom\u00e9dica\u00bb. Estos hoteles est\u00e1n situados pr\u00f3ximos a la sede del congreso, o bien pasan l\u00edneas de transporte urbano frecuentes hacia el lugar del congreso. Los precios indicados incluyen IVA.<\/p>\n\n<table id=\"tablepress-33\" class=\"tablepress tablepress-id-33\">\n<tbody>\n<tr class=\"row-1\">\n\t<td class=\"column-1\"><p align=\"left\"><strong>HOTEL HABANEROS ***<\/strong><br \/>\n<a href=\"https:\/\/www.hotelhabaneroscartagena.com\">https:\/\/www.hotelhabaneroscartagena.com <\/a><br \/>\n<br \/>\n C. San Diego, 60, 30202 Cartagena, Murcia<br \/>\n600 m \u2013 8 min<br \/>\n<a href=\"https:\/\/goo.gl\/maps\/9DividmT1kfHSC259\">https:\/\/goo.gl\/maps\/9DividmT1kfHSC259 <\/a><br \/>\n968 50 52 50<\/p><br \/>\n<\/td><td class=\"column-2\"><p align=\"left\">Habitaci\u00f3n doble uso individual: 65 Euros <br \/>\nHabitaci\u00f3n doble uso doble: 75 Euros <br \/>\nPrecios por noche y habitaci\u00f3n<br \/>\nIncluye desayuno<br \/>\n<br \/>\nC\u00f3digo promocional: CASEIB23<br \/>\nTel\u00e9fono: 968 50 52 50<br \/>\ne-mail: <a href=\"mailto:info@hotelhabaneros.com\">info@hotelhabaneros.com<\/a><\/p><\/td>\n<\/tr>\n<tr class=\"row-2\">\n\t<td class=\"column-1\"><p align=\"left\"><strong>SERCOTEL ALFONSO XIII  ****<\/strong><br \/>\n<a href=\"https:\/\/www.sercotelhoteles.com\/es\/hotel-alfonso-xiii\">https:\/\/www.sercotelhoteles.com\/es\/hotel-alfonso-xiii<\/a><br \/>\n<br \/>\nP.\u00ba Alfonso XIII, 40, 30203 Cartagena, Murcia <br \/>\n1600 m \u2013 16 min<br \/>\n<a href=\"https:\/\/goo.gl\/maps\/TByfj9BqAMZqRMca7\">https:\/\/goo.gl\/maps\/TByfj9BqAMZqRMca7 <\/a><br \/>\n968 52 00 00<br \/>\n<\/p><\/td><td class=\"column-2\"><p align=\"left\"><br \/>\nHabitaci\u00f3n doble uso individual: 94 Euros <br \/>\nHabitaci\u00f3n doble uso doble: 102 Euros <br \/>\nPrecios por noche y habitaci\u00f3n<br \/>\nIncluye desayuno<br \/>\n<br \/>\nC\u00f3digo promocional: BIOMEDICA<br \/>\nTel\u00e9fono: 968 52 00 00<br \/>\nP\u00e1gina web: <a href=\"https:\/\/www.hotelalfonsoxiii.com\">https:\/\/www.hotelalfonsoxiii.com<\/a> <br \/>\ne-mail: <a href=\"mailto:reservas@hotelalfonsoxiii.com\">reservas@hotelalfonsoxiii.com<\/a><br \/>\n<\/p><\/td>\n<\/tr>\n<tr class=\"row-3\">\n\t<td class=\"column-1\"><p align=\"left\"><strong>SERCOTEL CARLOS III *** <\/strong><br \/>\n<a href=\"https:\/\/www.carlosiiihotel.com\">https:\/\/www.carlosiiihotel.com<\/a><br \/>\n<br \/>\nC. Carlos III, 49, 30203 Cartagena, Murcia <br \/>\n1600 m \u2013 16 min<br \/>\n<a href=\"https:\/\/goo.gl\/maps\/qWRJvu3WASFDa14J8\">https:\/\/goo.gl\/maps\/qWRJvu3WASFDa14J8<\/a>  <br \/>\nTel\u00e9fono: 968 52 00 32<\/p><\/td><td class=\"column-2\"><p align=\"left\"><br \/>\nHabitaci\u00f3n doble uso individual: 84 Euros <br \/>\nHabitaci\u00f3n doble uso doble: 92 Euros <br \/>\nPrecios por noche y habitaci\u00f3n<br \/>\nIncluye desayuno<br \/>\n<br \/>\nC\u00f3digo promocional: BIOMEDICA<br \/>\nTel\u00e9fono: 968 52 00 32<br \/>\nP\u00e1gina web: <a href=\"https:\/\/www.carlosiiihotel.com\">https:\/\/www.carlosiiihotel.com<\/a><br \/>\ne-mail: <a href=\"mailto:reservas@carlosiiihotel.com\">reservas@carlosiiihotel.com<\/a> <\/p><\/td>\n<\/tr>\n<tr class=\"row-4\">\n\t<td class=\"column-1\"><p align=\"left\"><strong>HOSTEL LOOP INN <\/strong><br \/>\n<a href=\"https:\/\/loopinnhostels.com\">https:\/\/loopinnhostels.com<\/a><br \/>\nPerfecto para estudiantes <br \/>\n<br \/>\nC. San Crisp\u00edn, 34, 30202 Cartagena, Murcia <br \/>\n600 m \u2013 8 min<br \/>\n<a href=\"https:\/\/goo.gl\/maps\/dwbd9wX4ofwpQnLK8\">https:\/\/goo.gl\/maps\/dwbd9wX4ofwpQnLK8<\/a>  <br \/>\nTel\u00e9fono: 868 45 17 60<\/p><\/td><td class=\"column-2\"><p align=\"left\"><br \/>\nHabs. Individuales<br \/>\nHabs. Dobles superior 2 camas juntas<br \/>\nHabs. Matrimonio superior <br \/>\nHabs. Matrimonio est\u00e1ndar <br \/>\nHabs. Familiares <br \/>\nHabs. Doble Litera<br \/>\n12% de descuento sobre la tarifa en vigor<br \/>\n<br \/>\nC\u00f3digo promocional: CASEIB23<br \/>\nP\u00e1gina web: <a href=\"https:\/\/loopinnhostels.com\">https:\/\/loopinnhostels.com<\/a><br \/>\nTel\u00e9fono: 868 45 17 60 <br \/>\nWhatsApp: 868451758 <br \/>\ne-mail: <a href=\"mailto:reservas@loopinnhostels.com\">reservas@loopinnhostels.com<\/a><\/p><\/td>\n<\/tr>\n<\/tbody>\n<\/table>\n<!-- #tablepress-33 from cache -->\n<p>&nbsp;<\/p>\n","protected":false},"excerpt":{"rendered":"<p>A continuaci\u00f3n se refieren los hoteles con convenio para el congreso por parte del comit\u00e9 local con habitaciones bloqueadas para congresistas con la referencia \u00abXLI Congreso Anual de la Sociedad Espa\u00f1ola de Ingenier\u00eda Biom\u00e9dica\u00bb. Estos hoteles est\u00e1n situados pr\u00f3ximos a la sede del congreso, o bien pasan l\u00edneas de transporte\u2026<\/p>\n<p> <a class=\"continue-reading-link\" href=\"https:\/\/caseib.es\/2023\/hoteles-organizacion\/\"><span>VER MAS<\/span><i class=\"crycon-right-dir\"><\/i><\/a> <\/p>\n","protected":false},"author":7,"featured_media":0,"parent":0,"menu_order":0,"comment_status":"closed","ping_status":"closed","template":"","meta":{"footnotes":""},"class_list":["post-3508","page","type-page","status-publish","hentry"],"_links":{"self":[{"href":"https:\/\/caseib.es\/2023\/wp-json\/wp\/v2\/pages\/3508","targetHints":{"allow":["GET"]}}],"collection":[{"href":"https:\/\/caseib.es\/2023\/wp-json\/wp\/v2\/pages"}],"about":[{"href":"https:\/\/caseib.es\/2023\/wp-json\/wp\/v2\/types\/page"}],"author":[{"embeddable":true,"href":"https:\/\/caseib.es\/2023\/wp-json\/wp\/v2\/users\/7"}],"replies":[{"embeddable":true,"href":"https:\/\/caseib.es\/2023\/wp-json\/wp\/v2\/comments?post=3508"}],"version-history":[{"count":10,"href":"https:\/\/caseib.es\/2023\/wp-json\/wp\/v2\/pages\/3508\/revisions"}],"predecessor-version":[{"id":3592,"href":"https:\/\/caseib.es\/2023\/wp-json\/wp\/v2\/pages\/3508\/revisions\/3592"}],"wp:attachment":[{"href":"https:\/\/caseib.es\/2023\/wp-json\/wp\/v2\/media?parent=3508"}],"curies":[{"name":"wp","href":"https:\/\/api.w.org\/{rel}","templated":true}]}}