{"id":3595,"date":"2023-06-05T19:49:04","date_gmt":"2023-06-05T18:49:04","guid":{"rendered":"https:\/\/caseib.es\/2023\/?page_id=3595"},"modified":"2023-09-08T16:26:25","modified_gmt":"2023-09-08T15:26:25","slug":"envio-de-trabajos","status":"publish","type":"page","link":"https:\/\/caseib.es\/2023\/envio-de-trabajos\/","title":{"rendered":"ENV\u00cdO DE TRABAJOS"},"content":{"rendered":"<p>Las contribuciones deben enviarse a trav\u00e9s de la plataforma Softconf (son v\u00e1lidas las credenciales de ediciones anteriores del CASEIB; en caso de no disponer de acceso previo, simplemente debe crearse una cuenta nueva).<\/p>\n<p><strong>Enlace a la plataforma Softconf: <a href=\"https:\/\/softconf.com\/n\/caseib2023\/\">https:\/\/softconf.com\/n\/caseib2023\/<\/a><\/strong><\/p>\n<p>Las normas de env\u00edo de trabajos son las siguientes:<\/p>\n<p>Existen dos modalidades de env\u00edo de trabajo: art\u00edculo (4 caras) o resumen extendido (1 cara). Las diferencias entre los dos tipos de contribuci\u00f3n son:<\/p>\n<ul>\n<li><strong>Art\u00edculo:<\/strong> presentaci\u00f3n oral o p\u00f3ster, se incluye en el libro de actas. La extensi\u00f3n m\u00e1xima es de 4 caras siguiendo las normas de estilo definidas en la plantilla (<a href=\"https:\/\/caseib.es\/2023\/wp-content\/uploads\/2023\/06\/Plantilla-CASEIB-2023.doc\">Plantilla-CASEIB-2023.doc<\/a> <a href=\"https:\/\/caseib.es\/2023\/wp-content\/uploads\/2023\/06\/Plantilla-CASEIB-2023.docx\">Plantilla CASEIB 2023.docx<\/a>; <a href=\"https:\/\/caseib.es\/2023\/wp-content\/uploads\/2023\/06\/PlantillaCASEIB_2023.zip\">Plantilla LaTeX CASEIB 2023.zip<\/a>).<\/li>\n<li><strong>Resumen extendido:<\/strong> presentaci\u00f3n preferentemente en formato p\u00f3ster, se incluir\u00e1 en el programa del congreso, pero no se incluir\u00e1 en el libro de actas. La extensi\u00f3n m\u00e1xima es de 1 cara siguiendo las normas de estilo definidas en la plantilla (<a href=\"https:\/\/caseib.es\/2023\/wp-content\/uploads\/2023\/09\/Plantilla-CASEIB-RESUMEN-2023_1p.docx\">Plantilla-CASEIB-RESUMEN-2023_1p.docx<\/a>; <a href=\"https:\/\/caseib.es\/2023\/wp-content\/uploads\/2023\/09\/Plantilla-CASEIB-RESUMEN-2023_1p.doc\">Plantilla-CASEIB-RESUMEN-2023_1p.doc<\/a>; <a href=\"https:\/\/caseib.es\/2023\/wp-content\/uploads\/2023\/06\/PlantillaCASEIB-_Resumen_2023.zip\">Plantilla LaTeX CASEIB RESUMEN 2023.zip<\/a>).<\/li>\n<\/ul>\n<p>Las comunicaciones se pueden enviar en castellano o ingl\u00e9s.<\/p>\n<p>La longitud m\u00e1xima de la secci\u00f3n del resumen en el art\u00edculo debe ser de 250 palabras.<\/p>\n<p><strong>En el primer env\u00edo el texto de la comunicaci\u00f3n no debe contener ning\u00fan tipo de informaci\u00f3n que identifique a los autores<\/strong>, los datos de los autores ser\u00e1n introducidos en la plataforma. Es necesario subir el documento PDF con la versi\u00f3n inicial de la comunicaci\u00f3n o el resumen extendido, no basta con completar el resumen en el formulario de la aplicaci\u00f3n.<\/p>\n<p>Los autores se introducir\u00e1n en la versi\u00f3n definitiva del texto de la comunicaci\u00f3n junto con los posibles modificaciones tras los resultados de la revisi\u00f3n de trabajos.<\/p>\n<p>Una vez revisados, se especificar\u00e1 una fecha l\u00edmite para el env\u00edo de la versi\u00f3n definitiva. Se deber\u00e1 subir a la aplicaci\u00f3n <strong>un fichero con el art\u00edculo\/resumen final (PDF)<\/strong> y el <a href=\"https:\/\/caseib.es\/2023\/wp-content\/uploads\/2023\/06\/DECLARACION_CESION_DERECHOS_CASEIB2023.doc\">documento de cesi\u00f3n de derechos rellenado y firmado (PDF)<\/a>.<\/p>\n<p>Para cualquier consulta o incidencia con la plataforma de env\u00edo de trabajos contactar con <a href=\"mailto:envios@caseib.es\">envios@caseib.es<\/a><\/p>\n<p><strong>Env\u00edo de comunicaciones y res\u00famenes extendidos: <span style=\"color: #ff0000;\">hasta el 17 de septiembre de 2023 (FECHA FINAL)<\/span><\/strong><\/p>\n","protected":false},"excerpt":{"rendered":"<p>Las contribuciones deben enviarse a trav\u00e9s de la plataforma Softconf (son v\u00e1lidas las credenciales de ediciones anteriores del CASEIB; en caso de no disponer de acceso previo, simplemente debe crearse una cuenta nueva). Enlace a la plataforma Softconf: https:\/\/softconf.com\/n\/caseib2023\/ Las normas de env\u00edo de trabajos son las siguientes: Existen dos\u2026<\/p>\n<p> <a class=\"continue-reading-link\" href=\"https:\/\/caseib.es\/2023\/envio-de-trabajos\/\"><span>VER MAS<\/span><i class=\"crycon-right-dir\"><\/i><\/a> <\/p>\n","protected":false},"author":7,"featured_media":0,"parent":0,"menu_order":0,"comment_status":"closed","ping_status":"closed","template":"","meta":{"footnotes":""},"class_list":["post-3595","page","type-page","status-publish","hentry"],"_links":{"self":[{"href":"https:\/\/caseib.es\/2023\/wp-json\/wp\/v2\/pages\/3595","targetHints":{"allow":["GET"]}}],"collection":[{"href":"https:\/\/caseib.es\/2023\/wp-json\/wp\/v2\/pages"}],"about":[{"href":"https:\/\/caseib.es\/2023\/wp-json\/wp\/v2\/types\/page"}],"author":[{"embeddable":true,"href":"https:\/\/caseib.es\/2023\/wp-json\/wp\/v2\/users\/7"}],"replies":[{"embeddable":true,"href":"https:\/\/caseib.es\/2023\/wp-json\/wp\/v2\/comments?post=3595"}],"version-history":[{"count":23,"href":"https:\/\/caseib.es\/2023\/wp-json\/wp\/v2\/pages\/3595\/revisions"}],"predecessor-version":[{"id":3960,"href":"https:\/\/caseib.es\/2023\/wp-json\/wp\/v2\/pages\/3595\/revisions\/3960"}],"wp:attachment":[{"href":"https:\/\/caseib.es\/2023\/wp-json\/wp\/v2\/media?parent=3595"}],"curies":[{"name":"wp","href":"https:\/\/api.w.org\/{rel}","templated":true}]}}