{"id":3627,"date":"2023-06-08T09:22:50","date_gmt":"2023-06-08T08:22:50","guid":{"rendered":"https:\/\/caseib.es\/2023\/?page_id=3627"},"modified":"2023-11-04T13:51:12","modified_gmt":"2023-11-04T12:51:12","slug":"presentacion-de-trabajos","status":"publish","type":"page","link":"https:\/\/caseib.es\/2023\/presentacion-de-trabajos\/","title":{"rendered":"PRESENTACI\u00d3N DE TRABAJOS"},"content":{"rendered":"<p><strong>PRESENTACI\u00d3N ORAL<\/strong><\/p>\n<p>El tiempo asignado para la realizaci\u00f3n de las presentaciones orales ser\u00e1:<\/p>\n<ul>\n<li><strong>Sesiones paralelas ordinarias:<\/strong>\u00a010 minutos de presentaci\u00f3n, seguido por 5 minutos para discusi\u00f3n y preguntas.<\/li>\n<li><strong>Sesi\u00f3n Premio Jos\u00e9 Mar\u00eda Ferrero Corral:<\/strong>\u00a010 minutos de presentaci\u00f3n, seguido por 5 minutos para discusi\u00f3n y preguntas.<\/li>\n<li><strong>Sesi\u00f3n Premios FENIN-SEIB:<\/strong>\u00a07 minutos de presentaci\u00f3n, seguido por 3 minutos para preguntas.<\/li>\n<\/ul>\n<p>Los ponentes deben ce\u00f1irse estrictamente al tiempo asignado, con el apoyo de los moderadores de cada sesi\u00f3n, para asegurar que cada participante pueda exponer su trabajo adecuadamente.<\/p>\n<ul>\n<li>Los ponentes deben cargar sus presentaciones en los ordenadores de las salas\u00a0<u>15 minutos<\/u>\u00a0antes del comienzo de su sesi\u00f3n.<\/li>\n<li>Todos los ordenadores de las salas cuentan con sistema operativo Windows 10,\u00a0<u>Microsoft PowerPoint<\/u>\u00a0y\u00a0<u>Adobe Acrobat PDF<\/u>.<\/li>\n<\/ul>\n<hr \/>\n<p><strong>P\u00d3STER<\/strong><\/p>\n<p>Los autores que presenten el p\u00f3ster deben estar presentes delante de su p\u00f3ster durante todo el tiempo que dure la sesi\u00f3n de p\u00f3steres asignada para discutir su trabajo con los asistentes.<\/p>\n<p>Estas sesiones se han ubicado en las franjas horarias reservadas para la pausa caf\u00e9, de forma que no se solapen con las sesiones para de presentaci\u00f3n oral .<\/p>\n<p>Los p\u00f3steres deben colgarse en los paneles habilitados al inicio de la ma\u00f1ana, con anterioridad al inicio de la primera sesi\u00f3n, debiendo retirarse al finalizar la jornada.<\/p>\n<p>Los p\u00f3steres deben ajustarse a las siguientes directrices:<\/p>\n<ul>\n<li>Orientaci\u00f3n vertical<\/li>\n<li>Tama\u00f1o m\u00e1ximo: A1, 59,4 cm (ancho) x 84,1 cm (alto)<\/li>\n<\/ul>\n<p>Cada panel tendr\u00e1 indicado el ID del trabajo.La secretar\u00eda del congreso dispondr\u00e1 del material necesario para colgar los p\u00f3steres.<\/p>\n<p>Los p\u00f3sters no retirados al final de la jornada ser\u00e1n destruidos.<\/p>\n<p>Si necesitan servicios de impresi\u00f3n, pueden contactar con los siguientes proveedores locales:<\/p>\n<p><strong>Novopaper<\/strong><br \/>\nDirecci\u00f3n: C. Duque, 11, 30202 Cartagena, Murcia<br \/>\nTel\u00e9fono: 968 52 92 50<br \/>\n<a href=\"https:\/\/g.co\/kgs\/rq8FFU\">https:\/\/g.co\/kgs\/rq8FFU<\/a><\/p>\n<p><strong>Fotocopias Carlos III<\/strong><br \/>\nDirecci\u00f3n: C\/ Tirso de Molina, 8, 30203 Cartagena, Murcia<br \/>\nTel\u00e9fono: 968 52 92 93<br \/>\n<a href=\"https:\/\/g.co\/kgs\/8chZsC\">https:\/\/g.co\/kgs\/8chZsC<\/a><\/p>\n<p><strong>Morpi s.l<\/strong><br \/>\nDirecci\u00f3n: C. Tierno Galv\u00e1n, 11, 30203 Cartagena, Murcia<br \/>\nTel\u00e9fono: 968 52 52 00<br \/>\n<a href=\"https:\/\/g.co\/kgs\/AZS1GC\">https:\/\/g.co\/kgs\/AZS1GC<\/a><\/p>\n","protected":false},"excerpt":{"rendered":"<p>PRESENTACI\u00d3N ORAL El tiempo asignado para la realizaci\u00f3n de las presentaciones orales ser\u00e1: Sesiones paralelas ordinarias:\u00a010 minutos de presentaci\u00f3n, seguido por 5 minutos para discusi\u00f3n y preguntas. Sesi\u00f3n Premio Jos\u00e9 Mar\u00eda Ferrero Corral:\u00a010 minutos de presentaci\u00f3n, seguido por 5 minutos para discusi\u00f3n y preguntas. Sesi\u00f3n Premios FENIN-SEIB:\u00a07 minutos de presentaci\u00f3n,\u2026<\/p>\n<p> <a class=\"continue-reading-link\" href=\"https:\/\/caseib.es\/2023\/presentacion-de-trabajos\/\"><span>VER MAS<\/span><i class=\"crycon-right-dir\"><\/i><\/a> <\/p>\n","protected":false},"author":7,"featured_media":0,"parent":0,"menu_order":0,"comment_status":"closed","ping_status":"closed","template":"","meta":{"footnotes":""},"class_list":["post-3627","page","type-page","status-publish","hentry"],"_links":{"self":[{"href":"https:\/\/caseib.es\/2023\/wp-json\/wp\/v2\/pages\/3627","targetHints":{"allow":["GET"]}}],"collection":[{"href":"https:\/\/caseib.es\/2023\/wp-json\/wp\/v2\/pages"}],"about":[{"href":"https:\/\/caseib.es\/2023\/wp-json\/wp\/v2\/types\/page"}],"author":[{"embeddable":true,"href":"https:\/\/caseib.es\/2023\/wp-json\/wp\/v2\/users\/7"}],"replies":[{"embeddable":true,"href":"https:\/\/caseib.es\/2023\/wp-json\/wp\/v2\/comments?post=3627"}],"version-history":[{"count":4,"href":"https:\/\/caseib.es\/2023\/wp-json\/wp\/v2\/pages\/3627\/revisions"}],"predecessor-version":[{"id":3982,"href":"https:\/\/caseib.es\/2023\/wp-json\/wp\/v2\/pages\/3627\/revisions\/3982"}],"wp:attachment":[{"href":"https:\/\/caseib.es\/2023\/wp-json\/wp\/v2\/media?parent=3627"}],"curies":[{"name":"wp","href":"https:\/\/api.w.org\/{rel}","templated":true}]}}