{"id":3651,"date":"2023-06-10T10:09:56","date_gmt":"2023-06-10T09:09:56","guid":{"rendered":"https:\/\/caseib.es\/2023\/?page_id=3651"},"modified":"2023-06-12T10:32:14","modified_gmt":"2023-06-12T09:32:14","slug":"como-llegar","status":"publish","type":"page","link":"https:\/\/caseib.es\/2023\/como-llegar\/","title":{"rendered":"COMO LLEGAR"},"content":{"rendered":"<p>&nbsp;<\/p>\n\n<table id=\"tablepress-37\" class=\"tablepress tablepress-id-37\">\n<tbody>\n<tr class=\"row-1\">\n\t<td class=\"column-1\"><strong>Carretera<\/strong><br \/>\n<a href=\"https:\/\/goo.gl\/maps\/C45yM9PbHseWtEsH7\"><img loading=\"lazy\" decoding=\"async\" data-id=\"3654\"  src=\"https:\/\/caseib.es\/2023\/wp-content\/uploads\/2023\/06\/mapa-localizacion-300x290.png\" alt=\"\" width=\"300\" height=\"290\" class=\"aligncenter size-medium wp-image-3654\" srcset=\"https:\/\/caseib.es\/2023\/wp-content\/uploads\/2023\/06\/mapa-localizacion-300x290.png 300w, https:\/\/caseib.es\/2023\/wp-content\/uploads\/2023\/06\/mapa-localizacion-150x145.png 150w, https:\/\/caseib.es\/2023\/wp-content\/uploads\/2023\/06\/mapa-localizacion.png 483w\" sizes=\"auto, (max-width: 300px) 100vw, 300px\" \/><\/a><\/td><td class=\"column-2\">Desde la Meseta: Carretera Madrid-Cartagena, A-30 (Autov\u00eda en la Regi\u00f3n de Murcia)<br \/>\n<br \/>\nDesde el Sur: Autopista del Mediterr\u00e1neo, AP-7 enlaza Almer\u00eda por la A-7<br \/>\n<br \/>\nDesde el Este: Autopista del Mediterr\u00e1neo, A-7 \/ AP-7<br \/>\n<br \/>\nDesde el Oeste: Autov\u00eda A-91,Sevilla v\u00eda Granada, enlazando con la Autov\u00eda Cartagena-La Manga-Alicante. N-332<\/td>\n<\/tr>\n<tr class=\"row-2\">\n\t<td class=\"column-1\"><strong>Aeropuerto de Alicante-Elche <\/strong><br \/>\n03195 L'Altet, Alicante<br \/>\n<a href=\"https:\/\/goo.gl\/maps\/iuNoy88kXBTDUAtT9\">https:\/\/goo.gl\/maps\/iuNoy88kXBTDUAtT9<\/a><br \/>\n<a href=\"https:\/\/www.aeropuerto-alicante-elche.es\/p\/lista-de-destinos.html#:~:text=Verano-,Espa%C3%B1a,-Destino\">Conexiones<\/a> <br \/>\n<a href=\"https:\/\/www.busbam.com\/horarios\/cartagena-alicante\/\">Autob\u00fas Cartagena<\/a> <br \/>\n<a href=\"https:\/\/www.alsa.es\/documents\/21643679\/21664634\/Mupy_Aeropuerto_Alicante_Murcia_Enero_2023+%281%29.pdf\/fe24a18d-975c-50ed-0248-24bf6c6414d5?t=1689935201401\">Autob\u00fas Murcia<\/a><\/td><td class=\"column-2\"><strong>Estaci\u00f3n AVE Alicante<\/strong><br \/>\nAv. Salamanca, 03006 Alicante<br \/>\n<a href=\"https:\/\/goo.gl\/maps\/nbRpvNCjTszrdnJP7\">https:\/\/goo.gl\/maps\/nbRpvNCjTszrdnJP7<\/a><br \/>\n<a href=\"https:\/\/www.adif.es\/w\/60911-alacant-terminal\">Informaci\u00f3n<\/a> <br \/>\n<a href=\"https:\/\/www.busbam.com\/horarios\/cartagena-alicante\/\">Autob\u00fas Cartagena<\/a> <br \/>\n<a href=\"https:\/\/www.alsa.es\/ruta\/murcia-alicante\/\">Autob\u00fas Murcia<\/a> <\/td>\n<\/tr>\n<tr class=\"row-3\">\n\t<td class=\"column-1\"><strong>Estaci\u00f3n AVE Murcia<\/strong><br \/>\nPlaza de la Industria, s\/n 30002 Murcia<br \/>\n<a href=\"https:\/\/goo.gl\/maps\/eZUdtpnzwyZe5fnS6\">https:\/\/goo.gl\/maps\/eZUdtpnzwyZe5fnS6<\/a><br \/>\n<a href=\"https:\/\/www.adif.es\/w\/61200-murcia-carmen\">Informaci\u00f3n<\/a><\/td><td class=\"column-2\"><strong>Estaci\u00f3n de Autobuses Murcia<\/strong><br \/>\nC. Sierra Pila, 30005 Murcia<br \/>\n<a href=\"https:\/\/goo.gl\/maps\/Ut8orTBxt4jNjC4C7\">https:\/\/goo.gl\/maps\/Ut8orTBxt4jNjC4C7<\/a><br \/>\n<a href=\"https:\/\/estaciondeautobusesmurcia.es\/cartagena\/\">Autob\u00fas<\/a><\/td>\n<\/tr>\n<tr class=\"row-4\">\n\t<td class=\"column-1\"><strong>Estaci\u00f3n RENFE Cartagena<\/strong><br \/>\n Plaza de M\u00e9xico, 2 30201 Cartagena<br \/>\n<a href=\"https:\/\/goo.gl\/maps\/cmvDiJVJ6z9T22nz8\">https:\/\/goo.gl\/maps\/cmvDiJVJ6z9T22nz8<\/a><br \/>\n<a href=\"https:\/\/www.adif.es\/w\/61307-cartagena?p_l_back_url=%2Fsearch%3Fq%3Dcartagena\">Informaci\u00f3n<\/a> <a href=\"https:\/\/www.renfe.com\/es\/es\/grupo-renfe\/comunicacion\/renfe-al-dia\/avisos\/nuevo-plan-alternativo-transporte-segunda-fase-obras-region-murcia\">Enlaces BUS Renfe<\/a><\/td><td class=\"column-2\"><strong>Estaci\u00f3n Autobuses Cartagena<\/strong><br \/>\nAv. Trovero Mar\u00edn, s\/n, 30202 Cartagena<br \/>\n<a href=\"https:\/\/goo.gl\/maps\/2NjWLCLWdzpajkRH7\">https:\/\/goo.gl\/maps\/2NjWLCLWdzpajkRH7<\/a><br \/>\n<a href=\"https:\/\/www.alsa.es\/destino\/cartagena\">Alsa<\/a><\/td>\n<\/tr>\n<\/tbody>\n<\/table>\n<!-- #tablepress-37 from cache -->\n<p>Informaci\u00f3n sobre servicios concertados para el traslado de viajeros<\/p>\n\n<table id=\"tablepress-36\" class=\"tablepress tablepress-id-36\">\n<tbody>\n<tr class=\"row-1\">\n\t<td class=\"column-1\"><a href=\"https:\/\/caseib.es\/2023\/wp-content\/uploads\/2023\/06\/l_f5f95096075c5d6fcf7171991c3de6f7.jpg\"><img loading=\"lazy\" decoding=\"async\" data-id=\"3643\"  src=\"https:\/\/caseib.es\/2023\/wp-content\/uploads\/2023\/06\/l_f5f95096075c5d6fcf7171991c3de6f7-300x300.jpg\" alt=\"Richi autos\" width=\"300\" height=\"300\" class=\"aligncenter size-medium wp-image-3643\" srcset=\"https:\/\/caseib.es\/2023\/wp-content\/uploads\/2023\/06\/l_f5f95096075c5d6fcf7171991c3de6f7-300x300.jpg 300w, https:\/\/caseib.es\/2023\/wp-content\/uploads\/2023\/06\/l_f5f95096075c5d6fcf7171991c3de6f7-150x150.jpg 150w, https:\/\/caseib.es\/2023\/wp-content\/uploads\/2023\/06\/l_f5f95096075c5d6fcf7171991c3de6f7.jpg 380w\" sizes=\"auto, (max-width: 300px) 100vw, 300px\" \/><\/a><\/td><td class=\"column-2\"><strong>Aeropuerto Alicante <> Cartagena<\/strong><br \/>\nSed\u00e1n ( max. 4 Pax) 130\u20ac (+10% IVA)<br \/>\nMinivan ( max. 7 Pax). 175\u20ac (+10% IVA)<br \/>\n<br \/>\n<strong>Alicante (Estaci\u00f3n AVE) <> Cartagena<\/strong><br \/>\nSed\u00e1n ( max. 4 Pax) 140\u20ac (+10% IVA)<br \/>\nMinivan ( max. 7 Pax). 200\u20ac (+10% IVA)<br \/>\n<br \/>\n<strong>Murcia (Estaci\u00f3n AVE) <> Cartagena<\/strong><br \/>\nSed\u00e1n ( max. 4 Pax) 60\u20ac (+10% IVA)<br \/>\nMinivan ( max. 7 Pax). 90\u20ac (+10% IVA)<\/td>\n<\/tr>\n<tr class=\"row-2\">\n\t<td class=\"column-1\">Pedro A. Diaz Martinez<br \/>\nRichi Autos Elegance S.L.<br \/>\nAlquiler de veh\u00edculos con ch\u00f3fer<br \/>\nTel: +34 609610707\t\t <br \/>\n<a href=\"mailto:info@richiautos.com\">info@richiautos.com<\/a><br \/>\n<a href=\"http:\/\/richiautos.com\">richiautos.com<\/a><br \/>\n<\/td><td class=\"column-2\"><\/td>\n<\/tr>\n<tr class=\"row-3\">\n\t<td class=\"column-1\"><a href=\"https:\/\/caseib.es\/2023\/wp-content\/uploads\/2023\/06\/La_Manga_Rent-a-Car.png\"><img loading=\"lazy\" decoding=\"async\" data-id=\"3644\"  src=\"https:\/\/caseib.es\/2023\/wp-content\/uploads\/2023\/06\/La_Manga_Rent-a-Car.png\" alt=\"La Manga Rent a Car\" width=\"225\" height=\"225\" class=\"aligncenter size-full wp-image-3644\" srcset=\"https:\/\/caseib.es\/2023\/wp-content\/uploads\/2023\/06\/La_Manga_Rent-a-Car.png 225w, https:\/\/caseib.es\/2023\/wp-content\/uploads\/2023\/06\/La_Manga_Rent-a-Car-150x150.png 150w\" sizes=\"auto, (max-width: 225px) 100vw, 225px\" \/><\/a><\/td><td class=\"column-2\"><strong>Aeropuerto Alicante <> Cartagena<\/strong><br \/>\nTaxi ( max. 4 Pax) 140\u20ac (IVA Incluido)<br \/>\nMinibus ( max. 8 Pax). 190\u20ac (IVA Incluido)<br \/>\n<br \/>\n<strong>Alicante (Estaci\u00f3n AVE)  <> Cartagena<\/strong><br \/>\nTaxi ( max. 4 Pax) 150\u20ac (IVA Incluido)<br \/>\nMinibus ( max. 8 Pax). 200\u20ac (IVA Incluido)<br \/>\n<br \/>\n<strong>Murcia ( Estaci\u00f3n AVE)  <> Cartagena<\/strong><br \/>\nTaxi ( max. 4 Pax) 70\u20ac (IVA Incluido)<br \/>\nMinibus ( max. 8 Pax). 110\u20ac (IVA Incluido)<br \/>\n<\/td>\n<\/tr>\n<tr class=\"row-4\">\n\t<td class=\"column-1\">Esperanza Navarro<br \/>\nLa Manga Rent a Car S.L.<br \/>\nCar Hire | Taxi | Airport Transfers |\u267f<br \/>\nTel: +34 968 564362   Fax: +34 868 227052<br \/>\n<a href=\"mailto:taxi@lamangarentacar.com\">taxi@lamangarentacar.com<\/a><br \/>\n<a href=\"http:\/\/www.lamangarentacar.com\">www.lamangarentacar.com<\/a><br \/>\n <br \/>\n<\/td><td class=\"column-2\"><\/td>\n<\/tr>\n<\/tbody>\n<\/table>\n<!-- #tablepress-36 from cache -->\n","protected":false},"excerpt":{"rendered":"<p>&nbsp; Informaci\u00f3n sobre servicios concertados para el traslado de viajeros<\/p>\n<p> <a class=\"continue-reading-link\" href=\"https:\/\/caseib.es\/2023\/como-llegar\/\"><span>VER MAS<\/span><i class=\"crycon-right-dir\"><\/i><\/a> <\/p>\n","protected":false},"author":7,"featured_media":0,"parent":0,"menu_order":0,"comment_status":"closed","ping_status":"closed","template":"","meta":{"footnotes":""},"class_list":["post-3651","page","type-page","status-publish","hentry"],"_links":{"self":[{"href":"https:\/\/caseib.es\/2023\/wp-json\/wp\/v2\/pages\/3651","targetHints":{"allow":["GET"]}}],"collection":[{"href":"https:\/\/caseib.es\/2023\/wp-json\/wp\/v2\/pages"}],"about":[{"href":"https:\/\/caseib.es\/2023\/wp-json\/wp\/v2\/types\/page"}],"author":[{"embeddable":true,"href":"https:\/\/caseib.es\/2023\/wp-json\/wp\/v2\/users\/7"}],"replies":[{"embeddable":true,"href":"https:\/\/caseib.es\/2023\/wp-json\/wp\/v2\/comments?post=3651"}],"version-history":[{"count":3,"href":"https:\/\/caseib.es\/2023\/wp-json\/wp\/v2\/pages\/3651\/revisions"}],"predecessor-version":[{"id":3668,"href":"https:\/\/caseib.es\/2023\/wp-json\/wp\/v2\/pages\/3651\/revisions\/3668"}],"wp:attachment":[{"href":"https:\/\/caseib.es\/2023\/wp-json\/wp\/v2\/media?parent=3651"}],"curies":[{"name":"wp","href":"https:\/\/api.w.org\/{rel}","templated":true}]}}