{"id":37,"date":"2015-02-03T19:11:14","date_gmt":"2015-02-03T18:11:14","guid":{"rendered":"http:\/\/localhost\/caseib15\/?page_id=37"},"modified":"2023-11-20T04:06:41","modified_gmt":"2023-11-20T03:06:41","slug":"sede","status":"publish","type":"page","link":"https:\/\/caseib.es\/2023\/sede\/","title":{"rendered":"SEDE"},"content":{"rendered":"<hr \/>\n<p>El congreso se celebrar\u00e1 en el Antiguo Hospital Real de Marina, sede de la <a href=\"https:\/\/etsii.upct.es\/\">Escuela T\u00e9cnica Superior de Ingenier\u00eda Industrial<\/a> de la <a href=\"https:\/\/www.upct.es\/\">Universidad de Polit\u00e9cnica de Cartagena<\/a> situado en el Campus de la Muralla del Mar, Calle Doctor Fleming, s\/n, 30202 Cartagena, Murcia.<\/p>\n<p><a href=\"https:\/\/caseib.es\/2023\/wp-content\/uploads\/2023\/11\/CASEIB_2023_Planos.pdf\">Plano del centro con la ubicaci\u00f3n de las salas<\/a><\/p>\n<p><a href=\"https:\/\/caseib.es\/2023\/wp-content\/uploads\/2023\/04\/6ff5d8b0-c578-4e69-aba6-96df626b9f03_16-9-aspect-ratio_default_0.jpg\"><img loading=\"lazy\" decoding=\"async\" class=\"aligncenter wp-image-3410 size-full\" src=\"https:\/\/caseib.es\/2023\/wp-content\/uploads\/2023\/04\/6ff5d8b0-c578-4e69-aba6-96df626b9f03_16-9-aspect-ratio_default_0.jpg\" alt=\"Escuela T\u00e9cnica Superior de Ingenier\u00eda Industrial\" width=\"880\" height=\"495\" data-id=\"3410\" srcset=\"https:\/\/caseib.es\/2023\/wp-content\/uploads\/2023\/04\/6ff5d8b0-c578-4e69-aba6-96df626b9f03_16-9-aspect-ratio_default_0.jpg 880w, https:\/\/caseib.es\/2023\/wp-content\/uploads\/2023\/04\/6ff5d8b0-c578-4e69-aba6-96df626b9f03_16-9-aspect-ratio_default_0-300x169.jpg 300w, https:\/\/caseib.es\/2023\/wp-content\/uploads\/2023\/04\/6ff5d8b0-c578-4e69-aba6-96df626b9f03_16-9-aspect-ratio_default_0-768x432.jpg 768w, https:\/\/caseib.es\/2023\/wp-content\/uploads\/2023\/04\/6ff5d8b0-c578-4e69-aba6-96df626b9f03_16-9-aspect-ratio_default_0-150x84.jpg 150w\" sizes=\"auto, (max-width: 880px) 100vw, 880px\" \/><\/a><\/p>\n<p>&nbsp;<\/p>\n<p><iframe loading=\"lazy\" style=\"border: 0;\" src=\"https:\/\/www.google.com\/maps\/embed?pb=!1m14!1m8!1m3!1d12644.43777153723!2d-0.9789493!3d37.5995832!3m2!1i1024!2i768!4f13.1!3m3!1m2!1s0xd634186e37ff8f5%3A0x7e199f6489122af2!2sUPCT%20Escuela%20T%C3%A9cnica%20Superior%20de%20Ingenier%C3%ADa%20Industrial!5e0!3m2!1ses!2ses!4v1685440275355!5m2!1ses!2ses\" width=\"600\" height=\"450\" allowfullscreen=\"allowfullscreen\"><\/iframe><\/p>\n<p>&nbsp;<\/p>\n<p><a href=\"https:\/\/www.google.com\/maps\/d\/edit?mid=1AMXpP9TV-1MelgAMTXlqYQcb0h6eOuo&amp;usp=sharing\" target=\"_blank\" rel=\"noopener noreferrer\">Mapa con las ubicaciones relevantes del congreso<\/a><\/p>\n","protected":false},"excerpt":{"rendered":"<p>El congreso se celebrar\u00e1 en el Antiguo Hospital Real de Marina, sede de la Escuela T\u00e9cnica Superior de Ingenier\u00eda Industrial de la Universidad de Polit\u00e9cnica de Cartagena situado en el Campus de la Muralla del Mar, Calle Doctor Fleming, s\/n, 30202 Cartagena, Murcia. Plano del centro con la ubicaci\u00f3n de\u2026<\/p>\n<p> <a class=\"continue-reading-link\" href=\"https:\/\/caseib.es\/2023\/sede\/\"><span>VER MAS<\/span><i class=\"crycon-right-dir\"><\/i><\/a> <\/p>\n","protected":false},"author":6,"featured_media":0,"parent":0,"menu_order":0,"comment_status":"closed","ping_status":"open","template":"","meta":{"footnotes":""},"class_list":["post-37","page","type-page","status-publish","hentry"],"_links":{"self":[{"href":"https:\/\/caseib.es\/2023\/wp-json\/wp\/v2\/pages\/37","targetHints":{"allow":["GET"]}}],"collection":[{"href":"https:\/\/caseib.es\/2023\/wp-json\/wp\/v2\/pages"}],"about":[{"href":"https:\/\/caseib.es\/2023\/wp-json\/wp\/v2\/types\/page"}],"author":[{"embeddable":true,"href":"https:\/\/caseib.es\/2023\/wp-json\/wp\/v2\/users\/6"}],"replies":[{"embeddable":true,"href":"https:\/\/caseib.es\/2023\/wp-json\/wp\/v2\/comments?post=37"}],"version-history":[{"count":72,"href":"https:\/\/caseib.es\/2023\/wp-json\/wp\/v2\/pages\/37\/revisions"}],"predecessor-version":[{"id":4056,"href":"https:\/\/caseib.es\/2023\/wp-json\/wp\/v2\/pages\/37\/revisions\/4056"}],"wp:attachment":[{"href":"https:\/\/caseib.es\/2023\/wp-json\/wp\/v2\/media?parent=37"}],"curies":[{"name":"wp","href":"https:\/\/api.w.org\/{rel}","templated":true}]}}