{"id":3702,"date":"2023-06-12T10:08:27","date_gmt":"2023-06-12T09:08:27","guid":{"rendered":"https:\/\/caseib.es\/2023\/?page_id=3702"},"modified":"2023-06-12T10:27:15","modified_gmt":"2023-06-12T09:27:15","slug":"sesion-especial-biomateriales","status":"publish","type":"page","link":"https:\/\/caseib.es\/2023\/sesion-especial-biomateriales\/","title":{"rendered":"SESI\u00d3N ESPECIAL BIOMATERIALES"},"content":{"rendered":"<p><strong>Organizadores <\/strong><\/p>\n<p>Gustavo V\u00edctor Guinea Tortuero, Universidad Polit\u00e9cnica de Madrid, <a href=\"mailto:gustavovictor.guinea@ctb.upm.es\">gustavovictor.guinea@ctb.upm.es<\/a><br \/>\nJoaqu\u00edn Arias Pardilla, Universidad Polit\u00e9cnica de Cartagena, <a href=\"mailto:joaquin.arias@upct.es\">joaquin.arias@upct.es<\/a><br \/>\nEnrique Javier G\u00f3mez Aguilera, Universidad Polit\u00e9cnica de Madrid, <a href=\"mailto:enriquejavier.gomez@upm.es\">enriquejavier.gomez@upm.es<\/a><\/p>\n<p>En los \u00faltimos a\u00f1os, el incremento notable en la esperanza de vida ha tenido como consecuencia un aumento en la necesidad de proveer de nuevas aproximaciones diagn\u00f3sticas y terap\u00e9uticas con las que hacer frente a las enfermedades y discapacidades, en especial a las asociadas al envejecimiento y degeneraci\u00f3n de los tejidos y \u00f3rganos del cuerpo humano.<\/p>\n<p>En este sentido, y en relaci\u00f3n con la reparaci\u00f3n y sustituci\u00f3n de tejidos y \u00f3rganos, es conocido que nuestro pa\u00eds es l\u00edder mundial en trasplantes, pero, incluso bajo estas circunstancias favorables, el constante incremento de la poblaci\u00f3n y su envejecimiento obliga a buscar caminos alternativos al trasplante que pasan, necesariamente, por el desarrollo de biomateriales compatibles que suplan el tejido da\u00f1ado y\/o su funci\u00f3n, o bien propicien la regeneraci\u00f3n y creaci\u00f3n de nuevo tejido funcional a partir de tejido y c\u00e9lulas del propio paciente o elementos biol\u00f3gicos externos.<\/p>\n<p>Los avances realizados desde el principio de este siglo han puesto de manifiesto que el campo de los biomateriales ocupa una posici\u00f3n central dentro de esas nuevas estrategias. Si bien es cierto que el uso de biomateriales es una t\u00e9cnica relativamente com\u00fan en el \u00e1mbito biom\u00e9dico, no es menos cierto que a\u00fan quedan muchos retos por resolver desde la adecuada estimulaci\u00f3n de tejidos y c\u00e9lulas, mediante se\u00f1ales fisicoqu\u00edmicas, biol\u00f3gicas, el\u00e9ctricas o mec\u00e1nicas o la duraci\u00f3n de las pr\u00f3tesis (cadera, rodilla, v\u00e1lvulas card\u00edacas, etc<span style=\"text-decoration: line-through;\">.<\/span>.) a la regeneraci\u00f3n de tejido funcional (cerebro, piel, m\u00fasculo, cart\u00edlago, etc.) y la creaci\u00f3n de nuevos \u00f3rganos (ojo, p\u00e1ncreas, h\u00edgado, etc.).<\/p>\n<p>Esta sesi\u00f3n especial est\u00e1 organizada por la <a href=\"https:\/\/seib.org.es\/\">SEIB (Sociedad Espa\u00f1ola en Ingenier\u00eda Biom\u00e9dica)<\/a> y por el <a href=\"http:\/\/www.ctb.upm.es\/\">Centro de Tecnolog\u00eda Biom\u00e9dica de la Universidad Polit\u00e9cnica de Madrid (CTB-UPM)<\/a> y tiene como objetivo la presentaci\u00f3n de trabajos de investigaci\u00f3n, desarrollos y experiencias innovadoras en el \u00e1rea de los biomateriales. Entre los temas de inter\u00e9s para esta sesi\u00f3n \u2013sin ser exhaustivos\u2013 se incluyen:<\/p>\n<ul>\n<li>Biomateriales cer\u00e1micos, met\u00e1licos, pol\u00edmeros y biol\u00f3gicos.<\/li>\n<li>Biomateriales bioinspirados.<\/li>\n<li>Preparaci\u00f3n y caracterizaci\u00f3n de biomateriales.<\/li>\n<li>Interacci\u00f3n biomaterial-hu\u00e9sped.<\/li>\n<li>Biomateriales portadores de est\u00edmulos: diferenciaci\u00f3n, mecano-regulaci\u00f3n, liberaci\u00f3n de f\u00e1rmacos, etc.<\/li>\n<li>Biomateriales para funciones espec\u00edficas: c\u00e1ncer, vascularizaci\u00f3n, biomineralizaci\u00f3n, etc.<\/li>\n<li>Otros biomateriales y tecnolog\u00edas asociadas: inteligencia artificial, simulaci\u00f3n, etc.<\/li>\n<\/ul>\n<p><a href=\"https:\/\/caseib.es\/2023\/wp-content\/uploads\/2023\/06\/Sesion-especial-Biomateriales_CASEIB2023_DEF.pdf\">CASEIB 2023 Sesi\u00f3n Especial en Biomateriales<\/a><\/p>\n","protected":false},"excerpt":{"rendered":"<p>Organizadores Gustavo V\u00edctor Guinea Tortuero, Universidad Polit\u00e9cnica de Madrid, gustavovictor.guinea@ctb.upm.es Joaqu\u00edn Arias Pardilla, Universidad Polit\u00e9cnica de Cartagena, joaquin.arias@upct.es Enrique Javier G\u00f3mez Aguilera, Universidad Polit\u00e9cnica de Madrid, enriquejavier.gomez@upm.es En los \u00faltimos a\u00f1os, el incremento notable en la esperanza de vida ha tenido como consecuencia un aumento en la necesidad de proveer\u2026<\/p>\n<p> <a class=\"continue-reading-link\" href=\"https:\/\/caseib.es\/2023\/sesion-especial-biomateriales\/\"><span>VER MAS<\/span><i class=\"crycon-right-dir\"><\/i><\/a> <\/p>\n","protected":false},"author":7,"featured_media":0,"parent":0,"menu_order":0,"comment_status":"closed","ping_status":"closed","template":"","meta":{"footnotes":""},"class_list":["post-3702","page","type-page","status-publish","hentry"],"_links":{"self":[{"href":"https:\/\/caseib.es\/2023\/wp-json\/wp\/v2\/pages\/3702","targetHints":{"allow":["GET"]}}],"collection":[{"href":"https:\/\/caseib.es\/2023\/wp-json\/wp\/v2\/pages"}],"about":[{"href":"https:\/\/caseib.es\/2023\/wp-json\/wp\/v2\/types\/page"}],"author":[{"embeddable":true,"href":"https:\/\/caseib.es\/2023\/wp-json\/wp\/v2\/users\/7"}],"replies":[{"embeddable":true,"href":"https:\/\/caseib.es\/2023\/wp-json\/wp\/v2\/comments?post=3702"}],"version-history":[{"count":7,"href":"https:\/\/caseib.es\/2023\/wp-json\/wp\/v2\/pages\/3702\/revisions"}],"predecessor-version":[{"id":3721,"href":"https:\/\/caseib.es\/2023\/wp-json\/wp\/v2\/pages\/3702\/revisions\/3721"}],"wp:attachment":[{"href":"https:\/\/caseib.es\/2023\/wp-json\/wp\/v2\/media?parent=3702"}],"curies":[{"name":"wp","href":"https:\/\/api.w.org\/{rel}","templated":true}]}}