{"id":3703,"date":"2023-06-12T10:08:27","date_gmt":"2023-06-12T09:08:27","guid":{"rendered":"https:\/\/caseib.es\/2023\/?page_id=3703"},"modified":"2023-06-12T10:29:33","modified_gmt":"2023-06-12T09:29:33","slug":"sesion-especial-neurotecnologias","status":"publish","type":"page","link":"https:\/\/caseib.es\/2023\/sesion-especial-neurotecnologias\/","title":{"rendered":"SESI\u00d3N ESPECIAL NEUROTECNOLOG\u00cdAS"},"content":{"rendered":"<p><strong>Organizadores<\/strong><br \/>\nRoberto Hornero S\u00e1nchez, Universidad de Valladolid, <a href=\"mailto:roberto.hornero@uva.es\">roberto.hornero@uva.es<\/a><br \/>\nMario Ortiz, Universidad Miguel Hern\u00e1ndez de Elche, <a href=\"mailto:mortiz@umh.es\">mortiz@umh.es<\/a><br \/>\nAntonio J. del Ama, Universidad Rey Juan Carlos, <a href=\"mailto:antonio.delama@urjc.es\">antonio.delama@urjc.es<\/a><br \/>\nJos\u00e9 M. Ferr\u00e1ndez, Universidad Polit\u00e9cnica de Cartagena, <a href=\"mailto:jm.ferrandez@upct.es\">jm.ferrandez@upct.es<\/a><\/p>\n<p>En los \u00faltimos a\u00f1os, el inter\u00e9s en solucionar y reducir las limitaciones provocadas por problemas motores y cognitivos ha estado acompa\u00f1ado por desarrollos de neurotecnolog\u00edas para asistencia y rehabilitaci\u00f3n que permitan mejorar la calidad de vida de personas con trastornos motores y neurol\u00f3gicos, tales como interfaces cerebro-computador, robots para la asistencia al movimiento -exoesqueletos y entrenadores rob\u00f3ticos-, neuropr\u00f3tesis motoras y sensoriales, interfaces basadas en se\u00f1ales musculares y cerebrales, etc.<\/p>\n<p>El objetivo de estas neurotecnolog\u00edas es, por una parte, potenciar las terapias de rehabilitaci\u00f3n en aquellos pacientes que pueden recuperar o mejorar la movilidad perdida o la capacidad cognitiva, y por otra, proporcionarles herramientas asistenciales cuando no hay posibilidad de rehabilitaci\u00f3n. La autom\u00e1tica, en sus diferentes aspectos de percepci\u00f3n, modelado, control, monitorizaci\u00f3n, actuaci\u00f3n, interacci\u00f3n, etc., puede ofrecer soluciones activas, para paliar en cierto grado las limitaciones f\u00edsicas, sensoriales o cognitivas en el desarrollo de tareas muy diversas y en la mejora de los procesos de rehabilitaci\u00f3n.<\/p>\n<p>Esta sesi\u00f3n especial es organizada por la <a href=\"https:\/\/seib.org.es\/\">SEIB (Sociedad Espa\u00f1ola en Ingenier\u00eda Biom\u00e9dica)<\/a>, <a href=\"https:\/\/www.aitadis.org\/wp\/\">AITADIS (Asociaci\u00f3n Iberoamericana de Tecnolog\u00edas de Apoyo a la Discapacidad)<\/a> y el <a href=\"https:\/\/www.ceautomatica.es\/bioingenieria\/\">Grupo de Bioingenier\u00eda de CEA (Comit\u00e9 Espa\u00f1ol de Autom\u00e1tica)<\/a>, y se dedica a trabajos de investigaci\u00f3n, desarrollos y experiencias innovadoras en el \u00e1rea de las neurotecnolog\u00edas para la asistencia y la rehabilitaci\u00f3n con aplicaci\u00f3n al colectivo de personas con trastornos f\u00edsicos\/cognitivos. Entre los diversos temas de inter\u00e9s para esta sesi\u00f3n se pueden incluir:<\/p>\n<ul>\n<li>Exoesqueletos rob\u00f3ticos para la mejora de la manipulaci\u00f3n y de la movilidad.<\/li>\n<li>Desarrollo de pr\u00f3tesis o robots para rehabilitaci\u00f3n, tanto de extremidades superiores como inferiores.<\/li>\n<li>Interfaces multimodales para control de sistemas externos.<\/li>\n<li>Interfaces hombre-m\u00e1quina basadas en se\u00f1ales electrofisiol\u00f3gicas (EMG, fNIRS y EEG).<\/li>\n<li>Control de neuropr\u00f3tesis mediante t\u00e9cnicas de estimulaci\u00f3n el\u00e9ctrica funcional.<\/li>\n<li>Empleo de estrategias de neuroestimulaci\u00f3n para la mejora del desempe\u00f1o de interfaces cerebro-computador (tDCS, tACS y TMS)<\/li>\n<li>Adaptaci\u00f3n y personalizaci\u00f3n de neurotecnolog\u00edas.<\/li>\n<li>Modelado de se\u00f1ales bioel\u00e9ctricas para el dise\u00f1o, seguimiento, predicci\u00f3n de \u00e9xito y aumento de la eficacia de la terapia en rehabilitaci\u00f3n.<\/li>\n<li>Procesamiento de se\u00f1ales fisiol\u00f3gicas para la mejora de la terapia cl\u00ednica en el \u00e1mbito neurol\u00f3gico, y muscular.<\/li>\n<li>Tecnolog\u00edas emocionales<\/li>\n<\/ul>\n<p><a href=\"https:\/\/caseib.es\/2023\/wp-content\/uploads\/2023\/06\/Sesio\u0301n-especial-Neurotecnologi\u0301as_CASEIB2023_DEF.pdf\">CASEIB2023 Sesi\u00f3n Especial en Neurotecnolog\u00edas<\/a><\/p>\n","protected":false},"excerpt":{"rendered":"<p>Organizadores Roberto Hornero S\u00e1nchez, Universidad de Valladolid, roberto.hornero@uva.es Mario Ortiz, Universidad Miguel Hern\u00e1ndez de Elche, mortiz@umh.es Antonio J. del Ama, Universidad Rey Juan Carlos, antonio.delama@urjc.es Jos\u00e9 M. Ferr\u00e1ndez, Universidad Polit\u00e9cnica de Cartagena, jm.ferrandez@upct.es En los \u00faltimos a\u00f1os, el inter\u00e9s en solucionar y reducir las limitaciones provocadas por problemas motores y\u2026<\/p>\n<p> <a class=\"continue-reading-link\" href=\"https:\/\/caseib.es\/2023\/sesion-especial-neurotecnologias\/\"><span>VER MAS<\/span><i class=\"crycon-right-dir\"><\/i><\/a> <\/p>\n","protected":false},"author":7,"featured_media":0,"parent":0,"menu_order":0,"comment_status":"closed","ping_status":"closed","template":"","meta":{"footnotes":""},"class_list":["post-3703","page","type-page","status-publish","hentry"],"_links":{"self":[{"href":"https:\/\/caseib.es\/2023\/wp-json\/wp\/v2\/pages\/3703","targetHints":{"allow":["GET"]}}],"collection":[{"href":"https:\/\/caseib.es\/2023\/wp-json\/wp\/v2\/pages"}],"about":[{"href":"https:\/\/caseib.es\/2023\/wp-json\/wp\/v2\/types\/page"}],"author":[{"embeddable":true,"href":"https:\/\/caseib.es\/2023\/wp-json\/wp\/v2\/users\/7"}],"replies":[{"embeddable":true,"href":"https:\/\/caseib.es\/2023\/wp-json\/wp\/v2\/comments?post=3703"}],"version-history":[{"count":5,"href":"https:\/\/caseib.es\/2023\/wp-json\/wp\/v2\/pages\/3703\/revisions"}],"predecessor-version":[{"id":3724,"href":"https:\/\/caseib.es\/2023\/wp-json\/wp\/v2\/pages\/3703\/revisions\/3724"}],"wp:attachment":[{"href":"https:\/\/caseib.es\/2023\/wp-json\/wp\/v2\/media?parent=3703"}],"curies":[{"name":"wp","href":"https:\/\/api.w.org\/{rel}","templated":true}]}}