{"id":3758,"date":"2023-06-19T17:16:16","date_gmt":"2023-06-19T16:16:16","guid":{"rendered":"https:\/\/caseib.es\/2023\/?page_id=3758"},"modified":"2023-09-08T16:54:16","modified_gmt":"2023-09-08T15:54:16","slug":"comite-organizador","status":"publish","type":"page","link":"https:\/\/caseib.es\/2023\/comite-organizador\/","title":{"rendered":"COMIT\u00c9 ORGANIZADOR"},"content":{"rendered":"<p>Tenemos el placer de invitaros al XLI Congreso de la Sociedad Espa\u00f1ola de Ingenier\u00eda Biom\u00e9dica CASEIB 2023 que se celebrar\u00e1 los d\u00edas 22, 23 y 24 de noviembre en la <a href=\"https:\/\/www.upct.es\/\">Universidad de Polit\u00e9nica de Cartagena<\/a> (UPCT), organizado por la <a href=\"https:\/\/seib.org.es\/\">Sociedad Espa\u00f1ola de Ingenier\u00eda Biom\u00e9dica <\/a>(SEIB).<\/p>\n<p><strong>Presidente<\/strong><\/p>\n<ul>\n<li><a href=\"https:\/\/personas.upct.es\/perfil\/jroca.gonzalez\">Joaqu\u00edn Roca Gonz\u00e1lez<\/a><\/li>\n<\/ul>\n<p><strong>Secretaria<\/strong><\/p>\n<ul>\n<li><a href=\"https:\/\/personas.upct.es\/perfil\/lola.ojados\">Dolores Ojados Gonz\u00e1lez<\/a><\/li>\n<\/ul>\n<p><strong>Vocales<\/strong><\/p>\n<ul>\n<li><a href=\"https:\/\/personas.upct.es\/perfil\/joaquin.arias\">Joaqu\u00edn Arias Pardilla<\/a><\/li>\n<li><a href=\"https:\/\/personas.upct.es\/perfil\/mdolores.aviles\">M\u00aa Dolores Avil\u00e9s Gonz\u00e1lez<\/a><\/li>\n<li><a href=\"https:\/\/personas.upct.es\/perfil\/manuel.burgos\">Manuel Burgos Olmos<\/a><\/li>\n<li><a href=\"https:\/\/personas.upct.es\/perfil\/francisco.cavas\">Francisco Cavas Mart\u00ednez<\/a><\/li>\n<li><a href=\"https:\/\/personas.upct.es\/perfil\/fernando.cerdan\">Jos\u00e9 Fernando Cerd\u00e1n Cartagena<\/a><\/li>\n<li><a href=\"https:\/\/personas.upct.es\/perfil\/javier.cerrillo\">Javier Cerrillo Moreno<\/a><\/li>\n<li><a href=\"https:\/\/personas.upct.es\/perfil\/oscar.defrancisco\">Oscar de Francisco Ortiz<\/a><\/li>\n<li><a href=\"https:\/\/personas.upct.es\/perfil\/marcos.egea\">Marcos Egea Guti\u00e9rrez-Cortines<\/a><\/li>\n<li><a href=\"https:\/\/personas.upct.es\/perfil\/jm.ferrandez\">Jos\u00e9 Manuel Ferr\u00e1ndez Vicente<\/a><\/li>\n<li><a href=\"https:\/\/personas.upct.es\/perfil\/javier.garrigos\">Francisco Javier Garrig\u00f3s Guerrero<\/a><\/li>\n<li><a href=\"https:\/\/www.um.es\/web\/iuie\/instituto\/consejo-direccion\/maria-trinidad-herrero-ezquerro\">M\u00aa Trinidad Herrero Ezquerro<\/a><\/li>\n<li><a href=\"https:\/\/personas.upct.es\/perfil\/jorge.larrey\">Jorge Larrey Ruiz<\/a><\/li>\n<li><a href=\"https:\/\/personas.upct.es\/perfil\/jesus.martinez\">Jes\u00fas Mart\u00ednez Frutos<\/a><\/li>\n<li><a href=\"https:\/\/personas.upct.es\/perfil\/juan.morales\">Juan Morales S\u00e1nchez<\/a><\/li>\n<li><a href=\"https:\/\/personas.upct.es\/perfil\/stella.moreno\">Stella Moreno Grau<\/a><\/li>\n<li><a href=\"https:\/\/personas.upct.es\/perfil\/francisco.ortiz\">Francisco Jos\u00e9 Ortiz Zaragoza<\/a><\/li>\n<li><a href=\"https:\/\/personas.upct.es\/perfil\/dolores.parras\">M\u00aa Dolores Parras Burgos<\/a><\/li>\n<li><a href=\"https:\/\/personas.upct.es\/perfil\/nieves.pavon\">Nieves Pav\u00f3n Pulido<\/a><\/li>\n<li><a href=\"https:\/\/curie.um.es\/curie\/servlet\/um.curie.ginvest.ControlGrinvest?accion=fichainvestigador&amp;dept_codigo=E094&amp;grin_codigo=04&amp;grin_nombre=REGULACION%20A%20LARGO%20PLAZO%20DE%20LA%20FUNCION%20RENAL%20Y%20PRESION%20ARTERIAL&amp;d=FBA95F5B27056CCF4DBFB56601524ACC\">Virginia Reverte Rib\u00f3<\/a><\/li>\n<li><a href=\"https:\/\/personas.upct.es\/perfil\/josel.sancho\">Jos\u00e9 Luis Sancho G\u00f3mez<\/a><\/li>\n<li><a href=\"https:\/\/personas.upct.es\/perfil\/juan.suardiaz\">Juan Suard\u00edaz Muro<\/a><\/li>\n<li><a href=\"https:\/\/personas.upct.es\/perfil\/rafael.verdu\">Rafael Verd\u00fa Monedero<\/a><\/li>\n<li><a href=\"https:\/\/personas.upct.es\/perfil\/rosendo.zamora\">Rosendo Zamora Pedre\u00f1o <\/a><\/li>\n<\/ul>\n","protected":false},"excerpt":{"rendered":"<p>Tenemos el placer de invitaros al XLI Congreso de la Sociedad Espa\u00f1ola de Ingenier\u00eda Biom\u00e9dica CASEIB 2023 que se celebrar\u00e1 los d\u00edas 22, 23 y 24 de noviembre en la Universidad de Polit\u00e9nica de Cartagena (UPCT), organizado por la Sociedad Espa\u00f1ola de Ingenier\u00eda Biom\u00e9dica (SEIB). Presidente Joaqu\u00edn Roca Gonz\u00e1lez Secretaria\u2026<\/p>\n<p> <a class=\"continue-reading-link\" href=\"https:\/\/caseib.es\/2023\/comite-organizador\/\"><span>VER MAS<\/span><i class=\"crycon-right-dir\"><\/i><\/a> <\/p>\n","protected":false},"author":7,"featured_media":0,"parent":0,"menu_order":0,"comment_status":"closed","ping_status":"closed","template":"","meta":{"footnotes":""},"class_list":["post-3758","page","type-page","status-publish","hentry"],"_links":{"self":[{"href":"https:\/\/caseib.es\/2023\/wp-json\/wp\/v2\/pages\/3758","targetHints":{"allow":["GET"]}}],"collection":[{"href":"https:\/\/caseib.es\/2023\/wp-json\/wp\/v2\/pages"}],"about":[{"href":"https:\/\/caseib.es\/2023\/wp-json\/wp\/v2\/types\/page"}],"author":[{"embeddable":true,"href":"https:\/\/caseib.es\/2023\/wp-json\/wp\/v2\/users\/7"}],"replies":[{"embeddable":true,"href":"https:\/\/caseib.es\/2023\/wp-json\/wp\/v2\/comments?post=3758"}],"version-history":[{"count":8,"href":"https:\/\/caseib.es\/2023\/wp-json\/wp\/v2\/pages\/3758\/revisions"}],"predecessor-version":[{"id":3961,"href":"https:\/\/caseib.es\/2023\/wp-json\/wp\/v2\/pages\/3758\/revisions\/3961"}],"wp:attachment":[{"href":"https:\/\/caseib.es\/2023\/wp-json\/wp\/v2\/media?parent=3758"}],"curies":[{"name":"wp","href":"https:\/\/api.w.org\/{rel}","templated":true}]}}