{"id":3788,"date":"2023-06-21T17:06:44","date_gmt":"2023-06-21T16:06:44","guid":{"rendered":"https:\/\/caseib.es\/2023\/?page_id=3788"},"modified":"2023-06-21T20:11:12","modified_gmt":"2023-06-21T19:11:12","slug":"sesion-especial-nanomedicina","status":"publish","type":"page","link":"https:\/\/caseib.es\/2023\/sesion-especial-nanomedicina\/","title":{"rendered":"SESI\u00d3N ESPECIAL NANOMEDICINA"},"content":{"rendered":"<p><strong>Organizadores<\/strong><\/p>\n<p>Ar\u00e1nzazu Villasante, Instituto de Bioingenier\u00eda de Catalu\u00f1a (IBEC), <a href=\"mailto:avillasante@ibecbarcelona.eu\">avillasante@ibecbarcelona.eu<\/a><br \/>\nJavier Reina, Universidad de Sevilla, <a href=\"mailto:jreina@us.es\">jreina@us.es<\/a><br \/>\nOscar Casta\u00f1o, Universidad de Barcelona, <a href=\"mailto:oscar.castano@ub.edu\">oscar.castano@ub.edu<\/a><\/p>\n<p>La nanomedicina se enfoca en la aplicaci\u00f3n de nanomateriales y dispositivos a escala molecular para el diagn\u00f3stico, tratamiento y prevenci\u00f3n de enfermedades. En los \u00faltimos a\u00f1os, el campo de la nanomedicina ha despertado un creciente inter\u00e9s en la comunidad cient\u00edfica y m\u00e9dica. La capacidad de manipular y controlar la materia a nivel nanom\u00e9trico ha abierto nuevas posibilidades, permitiendo avances significativos en la administraci\u00f3n de f\u00e1rmacos, terapia g\u00e9nica, tratamientos para el c\u00e1ncer y la regeneraci\u00f3n de tejidos, entre otros. Adem\u00e1s, la b\u00fasqueda de soluciones innovadoras para superar las limitaciones de los trastornos y enfermedades ha llevado al desarrollo de tecnolog\u00edas revolucionarias para el diagn\u00f3stico y la medicina personalizada.<\/p>\n<p>En esta sesi\u00f3n especial de nanomedicina, nos reuniremos para explorar las fronteras de esta emocionante disciplina y discutir los \u00faltimos avances en investigaci\u00f3n y desarrollo. Cient\u00edficos, ingenieros y profesionales de la salud tendr\u00e1n la oportunidad de compartir conocimientos, presentar resultados innovadores y establecer colaboraciones para impulsar a\u00fan m\u00e1s el campo de la nanomedicina.<\/p>\n<p>Abordaremos una amplia gama de temas, incluyendo:<\/p>\n<ul>\n<li>Fabricaci\u00f3n y funcionalizaci\u00f3n de nanomateriales.<\/li>\n<li>Nanotecnolog\u00eda en el dise\u00f1o de materiales biomim\u00e9ticos.<\/li>\n<li>T\u00e9cnicas avanzadas de caracterizaci\u00f3n en nanomedicina.<\/li>\n<li>Nanomateriales para la ingenier\u00eda de sistemas de liberaci\u00f3n de f\u00e1rmacos.<\/li>\n<li>Nanocarriers para la administraci\u00f3n de \u00e1cidos nucleicos.<\/li>\n<li>Teran\u00f3stica: nanomedicina para diagn\u00f3stico y tratamiento combinados.<\/li>\n<li>Terapias basadas en nanotecnolog\u00eda para el tratamiento de enfermedades.<\/li>\n<li>Nanoelectr\u00f3nica y biosensores para aplicaciones m\u00e9dicas.<\/li>\n<li>Nanotecnolog\u00eda en medicina personalizada.<\/li>\n<li>Nanotecnolog\u00eda para la modulaci\u00f3n de la respuesta inmunitaria.<\/li>\n<li>Nanotecnolog\u00eda para el desarrollo de vacunas innovadoras.<\/li>\n<li>Ingenier\u00eda de tejidos y regeneraci\u00f3n utilizando nanomateriales.<\/li>\n<\/ul>\n<p>Esta sesi\u00f3n representa una plataforma \u00fanica para promover la interdisciplinariedad y la sinergia entre la ingenier\u00eda biom\u00e9dica, la medicina y la nanotecnolog\u00eda. Esperamos contar con su participaci\u00f3n y contribuciones para impulsar a\u00fan m\u00e1s los avances en el campo de la nanomedicina y mejorar la salud y el bienestar de las personas.<\/p>\n<p><a href=\"https:\/\/caseib.es\/2023\/wp-content\/uploads\/2023\/06\/Sesio\u0301n-especial-Nanomedicina_CASEIB2023_DEF.pdf\">CASEIB 2023 Sesi\u00f3n Especial en Nanomedicina<\/a><\/p>\n","protected":false},"excerpt":{"rendered":"<p>Organizadores Ar\u00e1nzazu Villasante, Instituto de Bioingenier\u00eda de Catalu\u00f1a (IBEC), avillasante@ibecbarcelona.eu Javier Reina, Universidad de Sevilla, jreina@us.es Oscar Casta\u00f1o, Universidad de Barcelona, oscar.castano@ub.edu La nanomedicina se enfoca en la aplicaci\u00f3n de nanomateriales y dispositivos a escala molecular para el diagn\u00f3stico, tratamiento y prevenci\u00f3n de enfermedades. En los \u00faltimos a\u00f1os, el campo\u2026<\/p>\n<p> <a class=\"continue-reading-link\" href=\"https:\/\/caseib.es\/2023\/sesion-especial-nanomedicina\/\"><span>VER MAS<\/span><i class=\"crycon-right-dir\"><\/i><\/a> <\/p>\n","protected":false},"author":7,"featured_media":0,"parent":0,"menu_order":0,"comment_status":"closed","ping_status":"closed","template":"","meta":{"footnotes":""},"class_list":["post-3788","page","type-page","status-publish","hentry"],"_links":{"self":[{"href":"https:\/\/caseib.es\/2023\/wp-json\/wp\/v2\/pages\/3788","targetHints":{"allow":["GET"]}}],"collection":[{"href":"https:\/\/caseib.es\/2023\/wp-json\/wp\/v2\/pages"}],"about":[{"href":"https:\/\/caseib.es\/2023\/wp-json\/wp\/v2\/types\/page"}],"author":[{"embeddable":true,"href":"https:\/\/caseib.es\/2023\/wp-json\/wp\/v2\/users\/7"}],"replies":[{"embeddable":true,"href":"https:\/\/caseib.es\/2023\/wp-json\/wp\/v2\/comments?post=3788"}],"version-history":[{"count":5,"href":"https:\/\/caseib.es\/2023\/wp-json\/wp\/v2\/pages\/3788\/revisions"}],"predecessor-version":[{"id":3836,"href":"https:\/\/caseib.es\/2023\/wp-json\/wp\/v2\/pages\/3788\/revisions\/3836"}],"wp:attachment":[{"href":"https:\/\/caseib.es\/2023\/wp-json\/wp\/v2\/media?parent=3788"}],"curies":[{"name":"wp","href":"https:\/\/api.w.org\/{rel}","templated":true}]}}