{"id":3798,"date":"2023-06-21T17:14:37","date_gmt":"2023-06-21T16:14:37","guid":{"rendered":"https:\/\/caseib.es\/2023\/?page_id=3798"},"modified":"2023-06-21T17:17:04","modified_gmt":"2023-06-21T16:17:04","slug":"premio-jose-maria-ferrero-corral","status":"publish","type":"page","link":"https:\/\/caseib.es\/2023\/premio-jose-maria-ferrero-corral\/","title":{"rendered":"PREMIO JOS\u00c9 MAR\u00cdA FERRERO CORRAL"},"content":{"rendered":"<p>El comit\u00e9 organizador del CASEIB organiza, con el soporte de la SEIB, un <strong>Concurso de Comunicaciones de Estudiantes de M\u00e1ster y Doctorado<\/strong>.<br \/>\nDe entre todos los trabajos presentados a concurso, ser\u00e1n seleccionados los mejor valorados por los miembros del Comit\u00e9 Cient\u00edfico para su exposici\u00f3n oral en la final del Concurso que tendr\u00e1 lugar en una sesi\u00f3n espec\u00edfica del CASEIB 2023.<br \/>\nAtendiendo a la calidad del trabajo y de la exposici\u00f3n del mismo, el Jurado elegir\u00e1 los tres mejores, que ser\u00e1n dotados con una gratificaci\u00f3n econ\u00f3mica (Primer premio: 600 \u20ac, Segundo premio: 400 \u20ac y Tercer premio: 200 \u20ac). Asimismo, se entregar\u00e1n certificados a los finalistas y premiados.<\/p>\n","protected":false},"excerpt":{"rendered":"<p>El comit\u00e9 organizador del CASEIB organiza, con el soporte de la SEIB, un Concurso de Comunicaciones de Estudiantes de M\u00e1ster y Doctorado. De entre todos los trabajos presentados a concurso, ser\u00e1n seleccionados los mejor valorados por los miembros del Comit\u00e9 Cient\u00edfico para su exposici\u00f3n oral en la final del Concurso\u2026<\/p>\n<p> <a class=\"continue-reading-link\" href=\"https:\/\/caseib.es\/2023\/premio-jose-maria-ferrero-corral\/\"><span>VER MAS<\/span><i class=\"crycon-right-dir\"><\/i><\/a> <\/p>\n","protected":false},"author":7,"featured_media":0,"parent":0,"menu_order":0,"comment_status":"closed","ping_status":"closed","template":"","meta":{"footnotes":""},"class_list":["post-3798","page","type-page","status-publish","hentry"],"_links":{"self":[{"href":"https:\/\/caseib.es\/2023\/wp-json\/wp\/v2\/pages\/3798","targetHints":{"allow":["GET"]}}],"collection":[{"href":"https:\/\/caseib.es\/2023\/wp-json\/wp\/v2\/pages"}],"about":[{"href":"https:\/\/caseib.es\/2023\/wp-json\/wp\/v2\/types\/page"}],"author":[{"embeddable":true,"href":"https:\/\/caseib.es\/2023\/wp-json\/wp\/v2\/users\/7"}],"replies":[{"embeddable":true,"href":"https:\/\/caseib.es\/2023\/wp-json\/wp\/v2\/comments?post=3798"}],"version-history":[{"count":4,"href":"https:\/\/caseib.es\/2023\/wp-json\/wp\/v2\/pages\/3798\/revisions"}],"predecessor-version":[{"id":3976,"href":"https:\/\/caseib.es\/2023\/wp-json\/wp\/v2\/pages\/3798\/revisions\/3976"}],"wp:attachment":[{"href":"https:\/\/caseib.es\/2023\/wp-json\/wp\/v2\/media?parent=3798"}],"curies":[{"name":"wp","href":"https:\/\/api.w.org\/{rel}","templated":true}]}}