{"id":3808,"date":"2023-06-21T17:20:30","date_gmt":"2023-06-21T16:20:30","guid":{"rendered":"https:\/\/caseib.es\/2023\/?page_id=3808"},"modified":"2023-07-19T11:31:18","modified_gmt":"2023-07-19T10:31:18","slug":"premios-fenin-seib","status":"publish","type":"page","link":"https:\/\/caseib.es\/2023\/premios-fenin-seib\/","title":{"rendered":"PREMIOS SEIB-FENIN"},"content":{"rendered":"<p><strong>COMPETICI\u00d3N DE ESTUDIANTES DE GRADOS DE INGENIER\u00cdA BIOM\u00c9DICA<\/strong><\/p>\n<p><strong>MOTIVACI\u00d3N<\/strong><br \/>\nLa <a href=\"https:\/\/seib.org.es\/\">Sociedad Espa\u00f1ola de Ingenier\u00eda Biom\u00e9dica (SEIB)<\/a> y la<a href=\"https:\/\/www.fenin.es\/\"> Federaci\u00f3n Espa\u00f1ola de Empresas de Tecnolog\u00eda Sanitaria (FENIN)<\/a>, coordinadas con los centros espa\u00f1oles en los que se imparten titulaciones de Graduado en Ingenier\u00eda Biom\u00e9dica, convocan los Premios SEIB-FENIN dirigidos a estudiantes Grado en Ingenier\u00eda Biom\u00e9dica.<\/p>\n<p><strong>PREMIOS<\/strong><br \/>\nLos Premios tienen una dotaci\u00f3n en met\u00e1lico de 600\u20ac, 400\u20ac y 200\u20ac para el 1er, 2\u00ba y 3er Premio, respectivamente. La SEIB se hace cargo de los gastos de inscripci\u00f3n al congreso <a href=\"https:\/\/caseib.es\/2023\/\">CASEIB 2023<\/a> de los estudiantes seleccionados y los centros proporcionar\u00e1n una ayuda de viaje para la estancia y el transporte. Todos los seleccionados recibir\u00e1n una inscripci\u00f3n gratuita como miembro estudiante de la SEIB durante un a\u00f1o desde la fecha de celebraci\u00f3n del congreso.<\/p>\n<p><strong>FORMATO Y ENV\u00cdO DE TRABAJOS<\/strong><br \/>\nEl formato de los trabajos es el mismo que el establecido en el congreso<a href=\"https:\/\/caseib.es\/2023\/\"> CASEIB 2023<\/a> para el resto de trabajos, en la modalidad de art\u00edculo de 4 p\u00e1ginas (ver detalles y plantilla en <a href=\"https:\/\/caseib.es\/2023\/envio-de-trabajos\/\">Env\u00edo de trabajos<\/a>).<br \/>\nLa fecha m\u00e1xima de env\u00edo de trabajos de los estudiantes a sus centros ser\u00e1 fijada por cada centro, cuyo coordinador remitir\u00e1 los trabajos seleccionados al Comit\u00e9 Organizador del<a href=\"https:\/\/caseib.es\/2023\/\"> CASEIB 2023<\/a> (<a href=\"mailto:contacto@caseib.es\">contacto@caseib.es<\/a>), antes del 15 de octubre de 2023, para que puedan ser incluidos en las actas del congreso.<\/p>\n<p><strong>\u00bfQUI\u00c9N PUEDE PARTICIPAR?<\/strong><br \/>\nPueden participar todos los estudiantes de Grados en Ingenier\u00eda Biom\u00e9dica en el territorio espa\u00f1ol que hayan realizado un trabajo con resultados relevantes en el campo de la Ingenier\u00eda Biom\u00e9dica, ya sea como parte de su Trabajo Fin de Grado o de trabajos de asignaturas de la titulaci\u00f3n. El estudiante debe figurar como primer autor del trabajo presentado.<br \/>\nEl coordinador del Grado en Ingenier\u00eda Biom\u00e9dica de cada universidad seleccionar\u00e1 un m\u00e1ximo de 1 trabajo entre los recibidos de sus estudiantes. Los estudiantes seleccionados podr\u00e1n asistir al <a href=\"https:\/\/caseib.es\/2023\/\">CASEIB 2023<\/a> para presentar su trabajo de forma oral en la sesi\u00f3n dedicada a los Premios FENIN-SEIB \u2013 Competici\u00f3n de estudiantes de Grado en Ingenier\u00eda Biom\u00e9dica.<\/p>\n<p><strong>CONTACTO COORDINADORES GIB<\/strong><\/p>\n\n<table id=\"tablepress-41\" class=\"tablepress tablepress-id-41\">\n<tbody>\n<tr class=\"row-1\">\n\t<td class=\"column-1\">Universidad Aut\u00f3noma de Madrid<\/td><td class=\"column-2\">Pablo Varona<\/td><td class=\"column-3\"><a href=\"mailto:pablo.varona@uam.es\" rel=\"noopener\" target=\"_blank\">pablo.varona@uam.es<\/a><\/td>\n<\/tr>\n<tr class=\"row-2\">\n\t<td class=\"column-1\">Universidad Carlos III de Madrid<\/td><td class=\"column-2\">Carlos Leon Canseco<\/td><td class=\"column-3\"><a href=\"mailto:cleon@ing.uc3m.es\" rel=\"noopener\" target=\"_blank\">cleon@ing.uc3m.es<\/a><\/td>\n<\/tr>\n<tr class=\"row-3\">\n\t<td class=\"column-1\">Universidad de Alicante<\/td><td class=\"column-2\">Daniel Ruiz<\/td><td class=\"column-3\"><a href=\"mailto:druiz@dtic.ua.es\" rel=\"noopener\" target=\"_blank\">druiz@dtic.ua.es<\/a><\/td>\n<\/tr>\n<tr class=\"row-4\">\n\t<td class=\"column-1\">Universidad de Barcelona<\/td><td class=\"column-2\">Ramon Farre<\/td><td class=\"column-3\"><a href=\"mailto:rfarre@ub.edu\" rel=\"noopener\" target=\"_blank\">rfarre@ub.edu<\/a><\/td>\n<\/tr>\n<tr class=\"row-5\">\n\t<td class=\"column-1\">Universidad de Deusto<\/td><td class=\"column-2\">Bego\u00f1a Garcia-Zapirain<\/td><td class=\"column-3\"><a href=\"mailto:mbgarciazapi@deusto.es\" rel=\"noopener\" target=\"_blank\">mbgarciazapi@deusto.es<\/a><\/td>\n<\/tr>\n<tr class=\"row-6\">\n\t<td class=\"column-1\">Universidad de Girona<\/td><td class=\"column-2\">Maria Teresa Puig Miquel\u00a0<\/td><td class=\"column-3\"><a href=\"mailto:teresa.puig@udg.edu\" rel=\"noopener\" target=\"_blank\">teresa.puig@udg.edu<\/a><\/td>\n<\/tr>\n<tr class=\"row-7\">\n\t<td class=\"column-1\">Universidad de Navarra<\/td><td class=\"column-2\">Podhorski, Adam<\/td><td class=\"column-3\"><a href=\"mailto:apodhorski@tecnun.es\" rel=\"noopener\" target=\"_blank\">apodhorski@tecnun.es<\/a><\/td>\n<\/tr>\n<tr class=\"row-8\">\n\t<td class=\"column-1\">Universidad de Valladolid<\/td><td class=\"column-2\">Jes\u00fas Poza Crespo<\/td><td class=\"column-3\"><a href=\"mailto:jesus.poza@tel.uva.es\" rel=\"noopener\" target=\"_blank\">jesus.poza@tel.uva.es<\/a><\/td>\n<\/tr>\n<tr class=\"row-9\">\n\t<td class=\"column-1\">Universidad de Vigo<\/td><td class=\"column-2\">Juan Pou Saracho<\/td><td class=\"column-3\"><a href=\"mailto:jpou@uvigo.es\" rel=\"noopener\" target=\"_blank\">jpou@uvigo.es<\/a><\/td>\n<\/tr>\n<tr class=\"row-10\">\n\t<td class=\"column-1\">Universidad Europea de Madrid<\/td><td class=\"column-2\">Silvia Abad Valtierra<\/td><td class=\"column-3\"><a href=\"mailto:silvia.abad@universidadeuropea.es\" rel=\"noopener\" target=\"_blank\">silvia.abad@universidadeuropea.es<\/a><\/td>\n<\/tr>\n<tr class=\"row-11\">\n\t<td class=\"column-1\">Universidad Francisco de Vitoria<\/td><td class=\"column-2\">Maria Arroyo Hernandez<\/td><td class=\"column-3\"><a href=\"mailto:m.arroyo.prof@ufv.es\" rel=\"noopener\" target=\"_blank\">m.arroyo.prof@ufv.es<\/a><\/td>\n<\/tr>\n<tr class=\"row-12\">\n\t<td class=\"column-1\">Universidad Mondrag\u00f3n Unibertsitatea<\/td><td class=\"column-2\">Maialen Aginagalde Unanue<\/td><td class=\"column-3\"><a href=\"mailto:maginagalde@mondragon.edu\" rel=\"noopener\" target=\"_blank\">maginagalde@mondragon.edu<\/a><\/td>\n<\/tr>\n<tr class=\"row-13\">\n\t<td class=\"column-1\">Universidad Polit\u00e9cnica de Cartagena<\/td><td class=\"column-2\">Joaqu\u00edn Roca Gonzalez<\/td><td class=\"column-3\"><a href=\"mailto:Jroca.Gonzalez@upct.es\" rel=\"noopener\" target=\"_blank\">Jroca.Gonzalez@upct.es<\/a><\/td>\n<\/tr>\n<tr class=\"row-14\">\n\t<td class=\"column-1\">Universidad Polit\u00e9cnica de Catalunya<\/td><td class=\"column-2\">Daniel Rodriguez Rius<\/td><td class=\"column-3\"><a href=\"mailto:daniel.rodriguez.rius@upc.edu\" rel=\"noopener\" target=\"_blank\">daniel.rodriguez.rius@upc.edu<\/a><\/td>\n<\/tr>\n<tr class=\"row-15\">\n\t<td class=\"column-1\">Universidad Polit\u00e9cnica de Madrid<\/td><td class=\"column-2\">Patricia Sanchez Gonzalez<\/td><td class=\"column-3\"><a href=\"mailto:P.sanchez@upm.es\" rel=\"noopener\" target=\"_blank\">P.sanchez@upm.es<\/a><\/td>\n<\/tr>\n<tr class=\"row-16\">\n\t<td class=\"column-1\">Universidad Polit\u00e9cnica de Val\u00e9ncia<\/td><td class=\"column-2\">Francisco Javier Saiz Rodriguez<\/td><td class=\"column-3\"><a href=\"mailto:jsaiz@ci2b.upv.es\" rel=\"noopener\" target=\"_blank\">jsaiz@ci2b.upv.es<\/a><\/td>\n<\/tr>\n<tr class=\"row-17\">\n\t<td class=\"column-1\">Universidad Pompeu Fabra<\/td><td class=\"column-2\">Antoni Ivorra<\/td><td class=\"column-3\"><a href=\"mailto:antoni.ivorra@upf.edu\" rel=\"noopener\" target=\"_blank\">antoni.ivorra@upf.edu<\/a><\/td>\n<\/tr>\n<tr class=\"row-18\">\n\t<td class=\"column-1\">Universidad P\u00fablica de Navarra<\/td><td class=\"column-2\">Jesus Daniel Trigo Vilaseca<\/td><td class=\"column-3\"><a href=\"mailto:jesusdaniel.trigo@unavarra.es\" rel=\"noopener\" target=\"_blank\">jesusdaniel.trigo@unavarra.es<\/a><\/td>\n<\/tr>\n<tr class=\"row-19\">\n\t<td class=\"column-1\">Universidad Rey Juan Carlos<\/td><td class=\"column-2\">Cristina Soguero Ruiz<\/td><td class=\"column-3\"><a href=\"mailto:cristina.soguero@urjc.es\" rel=\"noopener\" target=\"_blank\">cristina.soguero@urjc.es<\/a><\/td>\n<\/tr>\n<tr class=\"row-20\">\n\t<td class=\"column-1\">Universidad Rovira i Virgili<\/td><td class=\"column-2\">Alfonso Jos\u00e9 Romero Nevado<\/td><td class=\"column-3\"><a href=\"mailto:alfonsojose.romero@urv.cat\" rel=\"noopener\" target=\"_blank\">alfonsojose.romero@urv.cat<\/a><\/td>\n<\/tr>\n<tr class=\"row-21\">\n\t<td class=\"column-1\">Universidad San Pablo-CEU<\/td><td class=\"column-2\">Rafael Raya Lopez<\/td><td class=\"column-3\"><a href=\"mailto:rafael.rayalopez@ceu.es\" rel=\"noopener\" target=\"_blank\">rafael.rayalopez@ceu.es<\/a><\/td>\n<\/tr>\n<\/tbody>\n<\/table>\n<!-- #tablepress-41 from cache -->\n<p><strong>CON LA COLABORACI\u00d3N DE<\/strong><\/p>\n<p><a href=\"https:\/\/www.fenin.es\/\"><img loading=\"lazy\" decoding=\"async\" class=\"alignleft size-full wp-image-1022\" src=\"https:\/\/caseib.es\/2023\/wp-content\/uploads\/2017\/04\/fenin.jpg\" alt=\"\" width=\"236\" height=\"71\" data-id=\"1022\" srcset=\"https:\/\/caseib.es\/2023\/wp-content\/uploads\/2017\/04\/fenin.jpg 236w, https:\/\/caseib.es\/2023\/wp-content\/uploads\/2017\/04\/fenin-150x45.jpg 150w\" sizes=\"auto, (max-width: 236px) 100vw, 236px\" \/><\/a><\/p>\n<p>&nbsp;<\/p>\n<p>&nbsp;<\/p>\n","protected":false},"excerpt":{"rendered":"<p>COMPETICI\u00d3N DE ESTUDIANTES DE GRADOS DE INGENIER\u00cdA BIOM\u00c9DICA MOTIVACI\u00d3N La Sociedad Espa\u00f1ola de Ingenier\u00eda Biom\u00e9dica (SEIB) y la Federaci\u00f3n Espa\u00f1ola de Empresas de Tecnolog\u00eda Sanitaria (FENIN), coordinadas con los centros espa\u00f1oles en los que se imparten titulaciones de Graduado en Ingenier\u00eda Biom\u00e9dica, convocan los Premios SEIB-FENIN dirigidos a estudiantes Grado\u2026<\/p>\n<p> <a class=\"continue-reading-link\" href=\"https:\/\/caseib.es\/2023\/premios-fenin-seib\/\"><span>VER MAS<\/span><i class=\"crycon-right-dir\"><\/i><\/a> <\/p>\n","protected":false},"author":7,"featured_media":0,"parent":0,"menu_order":0,"comment_status":"closed","ping_status":"closed","template":"","meta":{"footnotes":""},"class_list":["post-3808","page","type-page","status-publish","hentry"],"_links":{"self":[{"href":"https:\/\/caseib.es\/2023\/wp-json\/wp\/v2\/pages\/3808","targetHints":{"allow":["GET"]}}],"collection":[{"href":"https:\/\/caseib.es\/2023\/wp-json\/wp\/v2\/pages"}],"about":[{"href":"https:\/\/caseib.es\/2023\/wp-json\/wp\/v2\/types\/page"}],"author":[{"embeddable":true,"href":"https:\/\/caseib.es\/2023\/wp-json\/wp\/v2\/users\/7"}],"replies":[{"embeddable":true,"href":"https:\/\/caseib.es\/2023\/wp-json\/wp\/v2\/comments?post=3808"}],"version-history":[{"count":14,"href":"https:\/\/caseib.es\/2023\/wp-json\/wp\/v2\/pages\/3808\/revisions"}],"predecessor-version":[{"id":3916,"href":"https:\/\/caseib.es\/2023\/wp-json\/wp\/v2\/pages\/3808\/revisions\/3916"}],"wp:attachment":[{"href":"https:\/\/caseib.es\/2023\/wp-json\/wp\/v2\/media?parent=3808"}],"curies":[{"name":"wp","href":"https:\/\/api.w.org\/{rel}","templated":true}]}}