{"id":3864,"date":"2023-06-26T14:25:18","date_gmt":"2023-06-26T13:25:18","guid":{"rendered":"https:\/\/caseib.es\/2023\/?page_id=3864"},"modified":"2023-10-28T10:55:04","modified_gmt":"2023-10-28T09:55:04","slug":"inscripciones","status":"publish","type":"page","link":"https:\/\/caseib.es\/2023\/inscripciones\/","title":{"rendered":"INSCRIPCIONES"},"content":{"rendered":"<p><strong>1) Complete el <a href=\"https:\/\/forms.office.com\/e\/xCvxjJZeWe\">Formulario de inscripci\u00f3n<\/a><\/strong><\/p>\n<p><strong>2) Realice el pago a la Secretar\u00eda T\u00e9cnica (GESTIPOLIS GH SL, C.I.F. B30725709)<\/strong><\/p>\n<ul>\n<li>Pago por transferencia bancaria<\/li>\n<\/ul>\n<p style=\"padding-left: 80px;\">Cuenta: CAJAMAR ES92 3058 0291 1727 2031 3198<\/p>\n<p style=\"padding-left: 80px;\">Concepto: CASEIB2023 NOMBRE APELLIDOS<\/p>\n<ul>\n<li>Pago por tarjeta bancaria<\/li>\n<\/ul>\n\n<table id=\"tablepress-4\" class=\"tablepress tablepress-id-4\">\n<tbody class=\"row-striping\">\n<tr class=\"row-1\">\n\t<td class=\"column-1\"><strong>Enlaces a pasarela de pagos por tarjeta<\/strong><\/td><td class=\"column-2\"><\/td><td class=\"column-3\"><strong>Anticipada<br \/>\nHasta el 31\/10\/2023<\/strong><em><\/td><td class=\"column-4\"><strong>Tard\u00eda<br \/>\nDesde el 01\/11\/2023<\/strong><\/em><\/td>\n<\/tr>\n<tr class=\"row-2\">\n\t<td class=\"column-1\">No Miembro SEIB<\/td><td class=\"column-2\">General<\/td><td class=\"column-3\">420\u20ac<\/td><td class=\"column-4\"><a href=\"https:\/\/gestipoliseventos.es\/checkout\/?add-to-cart=4621\">500\u20ac<\/a><\/td>\n<\/tr>\n<tr class=\"row-3\">\n\t<td class=\"column-1\">No Miembro SEIB<\/td><td class=\"column-2\">Estudiante <sup>(a)<\/sup><\/td><td class=\"column-3\">280\u20ac<\/td><td class=\"column-4\"><a href=\"https:\/\/gestipoliseventos.es\/checkout\/?add-to-cart=4622\">360\u20ac<\/a><\/td>\n<\/tr>\n<tr class=\"row-4\">\n\t<td class=\"column-1\">Miembro SEIB <sup>(b)<\/sup><\/td><td class=\"column-2\">General<\/td><td class=\"column-3\">340\u20ac<\/td><td class=\"column-4\"><a href=\"https:\/\/gestipoliseventos.es\/checkout\/?add-to-cart=4623\">420\u20ac<\/a><\/td>\n<\/tr>\n<tr class=\"row-5\">\n\t<td class=\"column-1\">Miembro SEIB <sup>(b)<\/sup><\/td><td class=\"column-2\">Estudiante <sup>(a)<\/sup><\/td><td class=\"column-3\">200\u20ac<\/td><td class=\"column-4\"><a href=\"https:\/\/gestipoliseventos.es\/checkout\/?add-to-cart=4624\">280\u20ac<\/a><\/td>\n<\/tr>\n<tr class=\"row-6\">\n\t<td class=\"column-1\">Comunicaci\u00f3n adicional <sup>(c)<\/sup><\/td><td class=\"column-2\"><\/td><td class=\"column-3\">80\u20ac<\/td><td class=\"column-4\"><a href=\"https:\/\/gestipoliseventos.es\/checkout\/?add-to-cart=4625\">100\u20ac<\/a><\/td>\n<\/tr>\n<\/tbody>\n<\/table>\n<!-- #tablepress-4 from cache -->\n<p><strong>3) Env\u00ede justificante de pago y documentos acreditativos a <a title=\"Secretar\u00eda CASEIB 2018\" href=\"mailto:%20inscripciones@caseib.es\">inscripciones@caseib.es<\/a><\/strong><\/p>\n<p><sup>(a)<\/sup>\u00a0Los estudiantes deber\u00e1n aportar un documento acreditativo de su condici\u00f3n en el momento de formalizar su inscripci\u00f3n.<\/p>\n<p><sup>(b)<\/sup>\u00a0Se aplicar\u00e1 a los socios de la SEIB y las Sociedades Cient\u00edficas que tienen convenio con la SEIB:\u00a0<a href=\"https:\/\/seib.org.es\/sobre-la-seib\/convenios-con-otras-sociedades\/\" target=\"_blank\" rel=\"noopener noreferrer\">https:\/\/seib.org.es\/sobre-la-seib\/convenios-con-otras-sociedades\/<\/a><br \/>\n<sup>(c)<\/sup> La inscripci\u00f3n da derecho a una sola comunicaci\u00f3n. Cada comunicaci\u00f3n adicional conlleva un incremento de 80\/100 \u20ac en la cuota de inscripci\u00f3n.<\/p>\n<p>NOTA: La cuota de inscripci\u00f3n incluye la documentaci\u00f3n, los caf\u00e9s, las comidas, acto de inauguraci\u00f3n y cena de clausura<\/p>\n","protected":false},"excerpt":{"rendered":"<p>1) Complete el Formulario de inscripci\u00f3n 2) Realice el pago a la Secretar\u00eda T\u00e9cnica (GESTIPOLIS GH SL, C.I.F. B30725709) Pago por transferencia bancaria Cuenta: CAJAMAR ES92 3058 0291 1727 2031 3198 Concepto: CASEIB2023 NOMBRE APELLIDOS Pago por tarjeta bancaria 3) Env\u00ede justificante de pago y documentos acreditativos a inscripciones@caseib.es (a)\u00a0Los\u2026<\/p>\n<p> <a class=\"continue-reading-link\" href=\"https:\/\/caseib.es\/2023\/inscripciones\/\"><span>VER MAS<\/span><i class=\"crycon-right-dir\"><\/i><\/a> <\/p>\n","protected":false},"author":7,"featured_media":0,"parent":0,"menu_order":0,"comment_status":"closed","ping_status":"closed","template":"","meta":{"footnotes":""},"class_list":["post-3864","page","type-page","status-publish","hentry"],"_links":{"self":[{"href":"https:\/\/caseib.es\/2023\/wp-json\/wp\/v2\/pages\/3864","targetHints":{"allow":["GET"]}}],"collection":[{"href":"https:\/\/caseib.es\/2023\/wp-json\/wp\/v2\/pages"}],"about":[{"href":"https:\/\/caseib.es\/2023\/wp-json\/wp\/v2\/types\/page"}],"author":[{"embeddable":true,"href":"https:\/\/caseib.es\/2023\/wp-json\/wp\/v2\/users\/7"}],"replies":[{"embeddable":true,"href":"https:\/\/caseib.es\/2023\/wp-json\/wp\/v2\/comments?post=3864"}],"version-history":[{"count":7,"href":"https:\/\/caseib.es\/2023\/wp-json\/wp\/v2\/pages\/3864\/revisions"}],"predecessor-version":[{"id":3975,"href":"https:\/\/caseib.es\/2023\/wp-json\/wp\/v2\/pages\/3864\/revisions\/3975"}],"wp:attachment":[{"href":"https:\/\/caseib.es\/2023\/wp-json\/wp\/v2\/media?parent=3864"}],"curies":[{"name":"wp","href":"https:\/\/api.w.org\/{rel}","templated":true}]}}