{"id":3983,"date":"2023-11-09T01:28:59","date_gmt":"2023-11-09T00:28:59","guid":{"rendered":"https:\/\/caseib.es\/2023\/?page_id=3983"},"modified":"2023-12-19T13:56:32","modified_gmt":"2023-12-19T12:56:32","slug":"programa","status":"publish","type":"page","link":"https:\/\/caseib.es\/2023\/programa\/","title":{"rendered":"PROGRAMA CIENT\u00cdFICO"},"content":{"rendered":"<p>El programa cient\u00edfico de CASEIB 2022 se muestra a continuaci\u00f3n en formato resumido. El programa detallado de la conferencia se puede consultar en\u00a0 <a href=\"https:\/\/caseib.es\/2023\/wp-content\/uploads\/2023\/11\/CASEIB-2023-Programa-Final-Res\u00famenes.pdf\">CASEIB 2023 Programa Final Res\u00famenes<\/a>\u00a0y la ubicaci\u00f3n de las salas, aqu\u00ed <a href=\"https:\/\/caseib.es\/2023\/wp-content\/uploads\/2023\/11\/CASEIB_2023_Planos.pdf\">Plano del centro con la ubicaci\u00f3n de las salas<\/a>.<\/p>\n<p><a href=\"https:\/\/caseib.es\/2023\/wp-content\/uploads\/2023\/12\/Programa_Completo.png\"><img loading=\"lazy\" decoding=\"async\" class=\"alignleft size-large wp-image-4073\" src=\"https:\/\/caseib.es\/2023\/wp-content\/uploads\/2023\/12\/Programa_Completo-830x1024.png\" alt=\"Programa CASEIB2023\" width=\"830\" height=\"1024\" data-id=\"4073\" srcset=\"https:\/\/caseib.es\/2023\/wp-content\/uploads\/2023\/12\/Programa_Completo-830x1024.png 830w, https:\/\/caseib.es\/2023\/wp-content\/uploads\/2023\/12\/Programa_Completo-243x300.png 243w, https:\/\/caseib.es\/2023\/wp-content\/uploads\/2023\/12\/Programa_Completo-768x947.png 768w, https:\/\/caseib.es\/2023\/wp-content\/uploads\/2023\/12\/Programa_Completo-122x150.png 122w, https:\/\/caseib.es\/2023\/wp-content\/uploads\/2023\/12\/Programa_Completo.png 1427w\" sizes=\"auto, (max-width: 830px) 100vw, 830px\" \/><\/a><\/p>\n","protected":false},"excerpt":{"rendered":"<p>El programa cient\u00edfico de CASEIB 2022 se muestra a continuaci\u00f3n en formato resumido. El programa detallado de la conferencia se puede consultar en\u00a0 CASEIB 2023 Programa Final Res\u00famenes\u00a0y la ubicaci\u00f3n de las salas, aqu\u00ed Plano del centro con la ubicaci\u00f3n de las salas.<\/p>\n<p> <a class=\"continue-reading-link\" href=\"https:\/\/caseib.es\/2023\/programa\/\"><span>VER MAS<\/span><i class=\"crycon-right-dir\"><\/i><\/a> <\/p>\n","protected":false},"author":7,"featured_media":0,"parent":0,"menu_order":0,"comment_status":"closed","ping_status":"closed","template":"","meta":{"footnotes":""},"class_list":["post-3983","page","type-page","status-publish","hentry"],"_links":{"self":[{"href":"https:\/\/caseib.es\/2023\/wp-json\/wp\/v2\/pages\/3983","targetHints":{"allow":["GET"]}}],"collection":[{"href":"https:\/\/caseib.es\/2023\/wp-json\/wp\/v2\/pages"}],"about":[{"href":"https:\/\/caseib.es\/2023\/wp-json\/wp\/v2\/types\/page"}],"author":[{"embeddable":true,"href":"https:\/\/caseib.es\/2023\/wp-json\/wp\/v2\/users\/7"}],"replies":[{"embeddable":true,"href":"https:\/\/caseib.es\/2023\/wp-json\/wp\/v2\/comments?post=3983"}],"version-history":[{"count":14,"href":"https:\/\/caseib.es\/2023\/wp-json\/wp\/v2\/pages\/3983\/revisions"}],"predecessor-version":[{"id":4074,"href":"https:\/\/caseib.es\/2023\/wp-json\/wp\/v2\/pages\/3983\/revisions\/4074"}],"wp:attachment":[{"href":"https:\/\/caseib.es\/2023\/wp-json\/wp\/v2\/media?parent=3983"}],"curies":[{"name":"wp","href":"https:\/\/api.w.org\/{rel}","templated":true}]}}