{"id":4016,"date":"2023-11-09T02:02:33","date_gmt":"2023-11-09T01:02:33","guid":{"rendered":"https:\/\/caseib.es\/2023\/?page_id=4016"},"modified":"2023-11-20T16:21:29","modified_gmt":"2023-11-20T15:21:29","slug":"mesas-redondas","status":"publish","type":"page","link":"https:\/\/caseib.es\/2023\/mesas-redondas\/","title":{"rendered":"MESAS REDONDAS"},"content":{"rendered":"<p><strong>Mesa Redonda (I) <\/strong><br \/>\n<a href=\"https:\/\/caseib.es\/2023\/wp-content\/uploads\/2023\/11\/CASEIB-2023-Mesa-I.pdf\">Aceleraci\u00f3n de empresas en Ingenier\u00eda Biom\u00e9dica en el contexto de la Salud Basada en Valor<\/a><br \/>\nJueves 23 11:00 &#8211; 12:00<br \/>\nParaninfo<\/p>\n<p><strong>Moderadores<\/strong><\/p>\n<ul>\n<li><strong>Dr. Juan Carlos Antony<\/strong>, Iberia Regional Executive Manager PCS at GE HealthCare, Vicepresidente de la Fundaci\u00f3n Tecnolog\u00eda y Salud de FENIN, Vocal de Industria, emprendimiento y transferencia tecnol\u00f3gica en salud SEIB.<\/li>\n<li><strong>Dr. Joaqu\u00edn Roca Gonz\u00e1lez<\/strong>, Coordinador del Grado en Ingenier\u00eda Biom\u00e9dica de la UPCT, Presidente del Comit\u00e9 Organizador del CASEIB 2023.<\/li>\n<\/ul>\n<p><strong>Ponentes<\/strong><\/p>\n<ul>\n<li><strong>Dr. Sergio Mu\u00f1oz Lezcano<\/strong>, Director de Innovaci\u00f3n, Salud Digital y Tecnolog\u00edas Emergentes en Fenin (Federaci\u00f3n Espa\u00f1ola de Empresas de Tecnolog\u00eda Sanitaria).<\/li>\n<li><strong>Dr. Izabel Alfany<\/strong>, Directora General de EIT Health Spain<\/li>\n<li><strong>Dr. Carlos Hurtado Mengual<\/strong>, Director del Centro Europeo de Empresas e Innovaci\u00f3n de Cartagena y responsable del programa \u201cCreceStartUp Health\u201d. Experto en creaci\u00f3n y promoci\u00f3n de startups y EBTs, y sistematizaci\u00f3n de la innovaci\u00f3n en pymes<\/li>\n<li><strong>Dr. Gorka S\u00e1nchez Nanclares<\/strong>, Responsable de Innovaci\u00f3n del Servicio Murciano de Salud. Experto en Co-creaci\u00f3n desde la Demanda y Compra P\u00fablica Innovadora.<\/li>\n<\/ul>\n<p><strong>Empresas invitadas<\/strong><\/p>\n<ul>\n<li><strong>Dr. Manuel A. Burgos<\/strong>, CEO en Flowgy (<a href=\"http:\/\/www.flowgy.com\">flowgy.com<\/a>). Modelado y simulaci\u00f3n digital para diagn\u00f3stico y planificaci\u00f3n quir\u00fargica de la v\u00eda a\u00e9rea.<\/li>\n<li><strong>Mar\u00eda Jos\u00e9 Mart\u00ednez Madrid<\/strong>, CEO en Kronohealth (<a href=\"http:\/\/kronohealth.com\">kronohealth.com<\/a>). Asesor\u00eda circadiana orientada a mejorar tu descanso y resolver problemas de sue\u00f1o.<\/li>\n<li><strong>Rafael Valverde<\/strong>, CEO en Inbentus (<a href=\"http:\/\/www.inbentus.com\">inbentus.com<\/a>) Ventiladores mec\u00e1nicos de altas prestaciones basados en tecnolog\u00eda de turbina.<\/li>\n<li><strong>Miguel Rodr\u00edguez,<\/strong> CTO en Cella Medical Solutions (<a href=\"http:\/\/www.cellams.com\">cellams.com<\/a>). Soluciones tecnol\u00f3gicas 3D a medida para cirug\u00edas complejas.<\/li>\n<\/ul>\n<p>&nbsp;<\/p>\n<p><strong>Mesa Redonda (II) <\/strong><br \/>\n<a href=\"https:\/\/caseib.es\/2023\/wp-content\/uploads\/2023\/11\/CASEIB-2023-Mesa-II.pdf\">El ingeniero biom\u00e9dico y el profesional sanitario: aliados en el uso de la IA en el cuidado de la salud<\/a><br \/>\nViernes 24 11:00 &#8211; 12:15<br \/>\nParaninfo<\/p>\n<p><strong>Moderadores<\/strong><strong>\u00a0<\/strong><\/p>\n<ul>\n<li><strong>Dr. Enrique J. G\u00f3mez Aguilera<\/strong>, Catedr\u00e1tico de la UPM y Presidente de la Sociedad Espa\u00f1ola de Ingenier\u00eda Biom\u00e9dica (SEIB)<\/li>\n<li><strong> Dra. Ruth Solana<\/strong>, Facultativo del Hospital Universitario Infanta Leonor y Vocal de Sociedades M\u00e9dicas SEIB<\/li>\n<\/ul>\n<p><strong>Ponentes<\/strong><\/p>\n<ul>\n<li><strong> Dr. Carlos Almonacid S\u00e1nchez<\/strong>, Jefe de Servicio de Neumolog\u00eda Hospital Universitario Puerta de Hierro Majadahonda, Vicepresidente Neum\u00f3logo de la Sociedad Espa\u00f1ola de Neumolog\u00eda (SEPAR), Vocal de la Junta Directiva de la Federaci\u00f3n de Asociaciones Cient\u00edfico M\u00e9dicas de Espa\u00f1a (FACME).<\/li>\n<li><strong> Dr. Jos\u00e9 Mar\u00eda de la Torre Hern\u00e1ndez<\/strong>, Jefe de la Unidad de Cardiolog\u00eda Intervencionista en el Hospital Universitario Marqu\u00e9s de Valdecilla, Santander. Vicepresidente electo de la Sociedad Espa\u00f1ola de Cardiolog\u00eda (SEC).<\/li>\n<li><strong>Dr. Luis Concepci\u00f3n Aramend\u00eda<\/strong>, Jefe Servicio Radiodiagn\u00f3stico Hospital General Universitario Dr. Balmis de Alicante, Responsable de Asuntos Profesionales en Junta Directiva de la Sociedad Espa\u00f1ola de Radiolog\u00eda M\u00e9dica (SERAM).<\/li>\n<li><strong>Dr. Francisco Soto Bonel<\/strong>, Presidente de la Sociedad Espa\u00f1ola de Directivos de la Salud (SEDISA)<\/li>\n<\/ul>\n","protected":false},"excerpt":{"rendered":"<p>Mesa Redonda (I) Aceleraci\u00f3n de empresas en Ingenier\u00eda Biom\u00e9dica en el contexto de la Salud Basada en Valor Jueves 23 11:00 &#8211; 12:00 Paraninfo Moderadores Dr. Juan Carlos Antony, Iberia Regional Executive Manager PCS at GE HealthCare, Vicepresidente de la Fundaci\u00f3n Tecnolog\u00eda y Salud de FENIN, Vocal de Industria, emprendimiento\u2026<\/p>\n<p> <a class=\"continue-reading-link\" href=\"https:\/\/caseib.es\/2023\/mesas-redondas\/\"><span>VER MAS<\/span><i class=\"crycon-right-dir\"><\/i><\/a> <\/p>\n","protected":false},"author":7,"featured_media":0,"parent":0,"menu_order":0,"comment_status":"closed","ping_status":"closed","template":"","meta":{"footnotes":""},"class_list":["post-4016","page","type-page","status-publish","hentry"],"_links":{"self":[{"href":"https:\/\/caseib.es\/2023\/wp-json\/wp\/v2\/pages\/4016","targetHints":{"allow":["GET"]}}],"collection":[{"href":"https:\/\/caseib.es\/2023\/wp-json\/wp\/v2\/pages"}],"about":[{"href":"https:\/\/caseib.es\/2023\/wp-json\/wp\/v2\/types\/page"}],"author":[{"embeddable":true,"href":"https:\/\/caseib.es\/2023\/wp-json\/wp\/v2\/users\/7"}],"replies":[{"embeddable":true,"href":"https:\/\/caseib.es\/2023\/wp-json\/wp\/v2\/comments?post=4016"}],"version-history":[{"count":10,"href":"https:\/\/caseib.es\/2023\/wp-json\/wp\/v2\/pages\/4016\/revisions"}],"predecessor-version":[{"id":4061,"href":"https:\/\/caseib.es\/2023\/wp-json\/wp\/v2\/pages\/4016\/revisions\/4061"}],"wp:attachment":[{"href":"https:\/\/caseib.es\/2023\/wp-json\/wp\/v2\/media?parent=4016"}],"curies":[{"name":"wp","href":"https:\/\/api.w.org\/{rel}","templated":true}]}}