{"id":4075,"date":"2023-12-19T14:17:31","date_gmt":"2023-12-19T13:17:31","guid":{"rendered":"https:\/\/caseib.es\/2023\/?page_id=4075"},"modified":"2023-12-19T14:29:47","modified_gmt":"2023-12-19T13:29:47","slug":"publicaciones","status":"publish","type":"page","link":"https:\/\/caseib.es\/2023\/publicaciones\/","title":{"rendered":"PUBLICACIONES"},"content":{"rendered":"<p><a href=\"https:\/\/caseib.es\/2023\/wp-content\/uploads\/2023\/12\/CASEIB2023_LIBRO_DE_ACTAS_FINAL_COMP.pdf\"><strong>LIBRO DE ACTAS DEL XLI CONGRESO ANUAL DE LA SOCIEDAD ESPA\u00d1OLA DE INGENIER\u00cdA BIOM\u00c9DICA<\/strong><\/a><\/p>\n<p><a href=\"https:\/\/caseib.es\/2023\/wp-content\/uploads\/2023\/12\/CASEIB2023_LIBRO_DE_ACTAS_FINAL_COMP.pdf\"><img loading=\"lazy\" decoding=\"async\" class=\"alignleft size-medium wp-image-4087\" src=\"https:\/\/caseib.es\/2023\/wp-content\/uploads\/2023\/12\/CASEIB_LIBRO_DE_ACTAS-214x300.png\" alt=\"\" width=\"214\" height=\"300\" data-id=\"4087\" srcset=\"https:\/\/caseib.es\/2023\/wp-content\/uploads\/2023\/12\/CASEIB_LIBRO_DE_ACTAS-214x300.png 214w, https:\/\/caseib.es\/2023\/wp-content\/uploads\/2023\/12\/CASEIB_LIBRO_DE_ACTAS-107x150.png 107w, https:\/\/caseib.es\/2023\/wp-content\/uploads\/2023\/12\/CASEIB_LIBRO_DE_ACTAS.png 660w\" sizes=\"auto, (max-width: 214px) 100vw, 214px\" \/><\/a>Roca Gonz\u00e1lez, J.,Ojados Gonz\u00e1lez, D. y Suard\u00edaz Muro, J. Eds.<\/p>\n<p>CASEIB 2023.<\/p>\n<p>Libro de Actas del XLI Congreso Anual de la Sociedad Espa\u00f1ola de Ingenier\u00eda Biom\u00e9dica.<\/p>\n<p>Cartagena,\u00a0Universidad Polit\u00e9cnica de Cartagena, 2023. 742 p.<\/p>\n<p>ISBN: 978-84-17853-76-1<\/p>\n<p>URI: <a href=\"http:\/\/hdl.handle.net\/10317\/12893\">http:\/\/hdl.handle.net\/10317\/12893<\/a><\/p>\n","protected":false},"excerpt":{"rendered":"<p>LIBRO DE ACTAS DEL XLI CONGRESO ANUAL DE LA SOCIEDAD ESPA\u00d1OLA DE INGENIER\u00cdA BIOM\u00c9DICA Roca Gonz\u00e1lez, J.,Ojados Gonz\u00e1lez, D. y Suard\u00edaz Muro, J. Eds. CASEIB 2023. Libro de Actas del XLI Congreso Anual de la Sociedad Espa\u00f1ola de Ingenier\u00eda Biom\u00e9dica. Cartagena,\u00a0Universidad Polit\u00e9cnica de Cartagena, 2023. 742 p. ISBN: 978-84-17853-76-1 URI:\u2026<\/p>\n<p> <a class=\"continue-reading-link\" href=\"https:\/\/caseib.es\/2023\/publicaciones\/\"><span>VER MAS<\/span><i class=\"crycon-right-dir\"><\/i><\/a> <\/p>\n","protected":false},"author":7,"featured_media":0,"parent":0,"menu_order":0,"comment_status":"closed","ping_status":"closed","template":"","meta":{"footnotes":""},"class_list":["post-4075","page","type-page","status-publish","hentry"],"_links":{"self":[{"href":"https:\/\/caseib.es\/2023\/wp-json\/wp\/v2\/pages\/4075","targetHints":{"allow":["GET"]}}],"collection":[{"href":"https:\/\/caseib.es\/2023\/wp-json\/wp\/v2\/pages"}],"about":[{"href":"https:\/\/caseib.es\/2023\/wp-json\/wp\/v2\/types\/page"}],"author":[{"embeddable":true,"href":"https:\/\/caseib.es\/2023\/wp-json\/wp\/v2\/users\/7"}],"replies":[{"embeddable":true,"href":"https:\/\/caseib.es\/2023\/wp-json\/wp\/v2\/comments?post=4075"}],"version-history":[{"count":6,"href":"https:\/\/caseib.es\/2023\/wp-json\/wp\/v2\/pages\/4075\/revisions"}],"predecessor-version":[{"id":4088,"href":"https:\/\/caseib.es\/2023\/wp-json\/wp\/v2\/pages\/4075\/revisions\/4088"}],"wp:attachment":[{"href":"https:\/\/caseib.es\/2023\/wp-json\/wp\/v2\/media?parent=4075"}],"curies":[{"name":"wp","href":"https:\/\/api.w.org\/{rel}","templated":true}]}}