{"id":3390,"date":"2023-04-13T11:58:58","date_gmt":"2023-04-13T10:58:58","guid":{"rendered":"https:\/\/caseib.es\/2024\/?page_id=3390"},"modified":"2024-12-02T19:23:51","modified_gmt":"2024-12-02T18:23:51","slug":"bienvenida","status":"publish","type":"page","link":"https:\/\/caseib.es\/2024\/","title":{"rendered":"BIENVENIDA"},"content":{"rendered":"<p>&nbsp;<\/p>\n<p style=\"text-align: center;\"><a href=\"https:\/\/seib.org.es\/wp-content\/uploads\/2024\/11\/caseib2024.zip\" target=\"_blank\" rel=\"noopener\"><img loading=\"lazy\" decoding=\"async\" class=\"alignnone size-medium wp-image-4401\" src=\"https:\/\/caseib.es\/2024\/wp-content\/uploads\/2024\/12\/CASEIB-2024-Actas-212x300.jpg\" alt=\"\" width=\"212\" height=\"300\" data-id=\"4401\" srcset=\"https:\/\/caseib.es\/2024\/wp-content\/uploads\/2024\/12\/CASEIB-2024-Actas-212x300.jpg 212w, https:\/\/caseib.es\/2024\/wp-content\/uploads\/2024\/12\/CASEIB-2024-Actas-106x150.jpg 106w, https:\/\/caseib.es\/2024\/wp-content\/uploads\/2024\/12\/CASEIB-2024-Actas.jpg 607w\" sizes=\"auto, (max-width: 212px) 100vw, 212px\" \/><\/a><\/p>\n<p>En nombre del Comit\u00e9 Organizador, tenemos el placer de presentaros la <strong>XLII edici\u00f3n del Congreso Anual de la Sociedad Espa\u00f1ola de Ingenier\u00eda Biom\u00e9dica (CASEIB 2024)<\/strong>, que tendr\u00e1 lugar en <strong>Sevilla<\/strong> los d\u00edas <strong>13, 14 y 15 de noviembre de 2024<\/strong>.<\/p>\n<p>Esta nueva edici\u00f3n del Congreso estar\u00e1 organizada por la <strong><a href=\"https:\/\/seib.org.es\" target=\"_blank\" rel=\"noopener\">Sociedad Espa\u00f1ola de Ingenier\u00eda Biom\u00e9dica (SEIB)<\/a><\/strong> y la <a href=\"https:\/\/www.us.es\" target=\"_blank\" rel=\"noopener\"><strong>Universidad de Sevilla<\/strong><\/a>, representada por los Grupos de Investigaci\u00f3n Ingenier\u00eda Biom\u00e9dica y Tratamiento de Se\u00f1ales y Comunicaciones, con la colaboraci\u00f3n de la <strong><a href=\"https:\/\/www.fenin.es\" target=\"_blank\" rel=\"noopener\">Federaci\u00f3n de Empresas de Tecnolog\u00edas Sanitarias (Fenin)<\/a><\/strong> y el nodo espa\u00f1ol del <strong><a href=\"https:\/\/eithealth.eu\/spain-2\/?lang=es\" target=\"_blank\" rel=\"noopener\">European Institute of Innovation &amp; Technology in Health (EIT Health Spain)<\/a><\/strong>.<\/p>\n<p>Como en ediciones anteriores, en <strong>CASEIB 2024<\/strong> se dar\u00e1n a conocer los \u00faltimos avances en investigaci\u00f3n en las diferentes \u00e1reas que engloba la <strong>Ingenier\u00eda Biom\u00e9dica<\/strong>. Esperamos que esta edici\u00f3n del congreso permita establecer nuevos lazos de colaboraci\u00f3n entre grupos de investigaci\u00f3n, empresas y profesionales cl\u00ednicos y de la ingenier\u00eda. Para ello, estamos trabajando en dise\u00f1ar un programa cient\u00edfico de calidad, que incluya conferencias plenarias, mesas redondas, sesiones orales y de p\u00f3ster, as\u00ed como sesiones especiales centradas en temas concretos. El programa del congreso tambi\u00e9n incluir\u00e1 las competiciones destinadas a estudiantes de Grado, M\u00e1ster y Doctorado (<strong>premios SEIB-Fenin, SEIB-EIT Health Spain y Prof. Jos\u00e9 Mar\u00eda Ferrero Corral<\/strong>), con las que pretendemos fomentar la excelencia entre las nuevas generaciones de ingenier@s biom\u00e9dic@s.<\/p>\n<p>La <a href=\"https:\/\/etsi.us.es\"><strong>Escuela T\u00e9cnica Superior de Ingenier\u00eda (ETSI)<\/strong><\/a> es el centro que acoger\u00e1 el programa cient\u00edfico de <strong>CASEIB 2024<\/strong>. ETSI es el mayor centro de la Universidad de Sevilla, en el que conviven actualmente m\u00e1s de 6000 estudiantes y 500 docentes, y forma parte del mayor espacio de innovaci\u00f3n de Sevilla: el Parque Cient\u00edfico y Tecnol\u00f3gico Cartuja (PCT Cartuja), que cuenta con m\u00e1s de 500 empresas y startups, centros universitarios y de investigaci\u00f3n.<\/p>\n<p>Ya se encuentra habilitada la <a href=\"https:\/\/caseib.es\/2024\/envio-de-trabajos\/\" target=\"_blank\" rel=\"noopener\">plataforma para enviar las comunicaciones y los res\u00famenes extendidos<\/a>. Todas las noticias e informaci\u00f3n del congreso se ir\u00e1n actualizando tanto en la web como en nuestro perfil de X (Twitter) (<a title=\"\" href=\"https:\/\/twitter.com\/caseib2024\" target=\"_blank\" rel=\"noopener\">@CASEIB2024<\/a>). A continuaci\u00f3n, se resumen las fechas a tener en cuenta para enviar las comunicaciones y los res\u00famenes extendidos:<\/p>\n<ul>\n<li><strong>24 de mayo de 2024<\/strong>: Inicio de env\u00edo de comunicaciones y res\u00famenes extendidos<\/li>\n<li><strong>26 de julio de 2024<\/strong>: L\u00edmite de env\u00edo de comunicaciones y res\u00famenes extendidos<\/li>\n<li><strong>4 de octubre de 2024<\/strong>: Notificaci\u00f3n de aceptaci\u00f3n<\/li>\n<li><strong>11 de octubre de 2024<\/strong>: L\u00edmite de env\u00edo manuscritos finales<\/li>\n<li><strong>18 de octubre de 2024<\/strong>: L\u00edmite de inscripci\u00f3n anticipada<\/li>\n<li><strong>13-15 de noviembre de 2024<\/strong>: Celebraci\u00f3n CASEIB 2024<\/li>\n<\/ul>\n<p>Sevilla ser\u00e1 durante tres d\u00edas el marco donde compartir experiencias y enriquecernos con los avances en Ingenier\u00eda Biom\u00e9dica. La capital hispalense, ba\u00f1ada por el Guadalquivir, cuenta con el casco antiguo m\u00e1s extenso de Espa\u00f1a, y el sexto m\u00e1s grande de Europa. Su patrimonio hist\u00f3rico y monumental o los espacios esc\u00e9nicos y culturales hacen de ella uno de los destinos m\u00e1s representativos de nuestro pa\u00eds. Esperamos que todas estas razones os animen a participar en <strong>CASEIB 2024<\/strong>.<\/p>\n<p style=\"text-align: center;\"><span style=\"font-family: 'Source Sans Pro';\">\u00a1Nos vemos en Sevilla!<\/span><\/p>\n<p style=\"text-align: right;\">Javier Reina Tosina<br \/>\n<em>Presidente del Comit\u00e9 Organizador CASEIB 2024<\/em><\/p>\n<p style=\"text-align: right;\">Bego\u00f1a Acha Pi\u00f1ero<br \/>\n<em>Secretaria del Comit\u00e9 Organizador CASEIB 2024<\/em><\/p>\n<p style=\"text-align: right;\">Carmen Serrano Gotarredona<br \/>\n<em>Secretaria del Comit\u00e9 Cient\u00edfico CASEIB 2024<\/em><\/p>\n","protected":false},"excerpt":{"rendered":"<p>&nbsp; En nombre del Comit\u00e9 Organizador, tenemos el placer de presentaros la XLII edici\u00f3n del Congreso Anual de la Sociedad Espa\u00f1ola de Ingenier\u00eda Biom\u00e9dica (CASEIB 2024), que tendr\u00e1 lugar en Sevilla los d\u00edas 13, 14 y 15 de noviembre de 2024. Esta nueva edici\u00f3n del Congreso estar\u00e1 organizada por la\u2026<\/p>\n<p> <a class=\"continue-reading-link\" href=\"https:\/\/caseib.es\/2024\/\"><span>VER MAS<\/span><i class=\"crycon-right-dir\"><\/i><\/a> <\/p>\n","protected":false},"author":7,"featured_media":0,"parent":0,"menu_order":0,"comment_status":"closed","ping_status":"closed","template":"","meta":{"footnotes":""},"class_list":["post-3390","page","type-page","status-publish","hentry"],"_links":{"self":[{"href":"https:\/\/caseib.es\/2024\/wp-json\/wp\/v2\/pages\/3390","targetHints":{"allow":["GET"]}}],"collection":[{"href":"https:\/\/caseib.es\/2024\/wp-json\/wp\/v2\/pages"}],"about":[{"href":"https:\/\/caseib.es\/2024\/wp-json\/wp\/v2\/types\/page"}],"author":[{"embeddable":true,"href":"https:\/\/caseib.es\/2024\/wp-json\/wp\/v2\/users\/7"}],"replies":[{"embeddable":true,"href":"https:\/\/caseib.es\/2024\/wp-json\/wp\/v2\/comments?post=3390"}],"version-history":[{"count":38,"href":"https:\/\/caseib.es\/2024\/wp-json\/wp\/v2\/pages\/3390\/revisions"}],"predecessor-version":[{"id":4402,"href":"https:\/\/caseib.es\/2024\/wp-json\/wp\/v2\/pages\/3390\/revisions\/4402"}],"wp:attachment":[{"href":"https:\/\/caseib.es\/2024\/wp-json\/wp\/v2\/media?parent=3390"}],"curies":[{"name":"wp","href":"https:\/\/api.w.org\/{rel}","templated":true}]}}