{"id":3451,"date":"2023-04-13T17:52:02","date_gmt":"2023-04-13T16:52:02","guid":{"rendered":"https:\/\/caseib.es\/2024\/?page_id=3451"},"modified":"2024-05-23T17:45:46","modified_gmt":"2024-05-23T16:45:46","slug":"areas-tematicas","status":"publish","type":"page","link":"https:\/\/caseib.es\/2024\/areas-tematicas\/","title":{"rendered":"\u00c1REAS TEM\u00c1TICAS"},"content":{"rendered":"<p>El Comit\u00e9 Cient\u00edfico invita a todos aquellos autores que deseen participar en CASEIB 2024, a que contribuyan a su programa con nuevos trabajos de investigaci\u00f3n o de desarrollo tecnol\u00f3gico, preferentemente, en las \u00e1reas tem\u00e1ticas siguientes:<\/p>\n<ul>\n<li>Biodispositivos<\/li>\n<li>Bioelectromagnetismo<\/li>\n<li>Bioinform\u00e1tica y gen\u00f3mica<\/li>\n<li>Biolog\u00eda de sistemas<\/li>\n<li>Biomateriales<\/li>\n<li>Biomec\u00e1nica<\/li>\n<li>Bionanotecnolog\u00edas<\/li>\n<li>Dise\u00f1o y regulaci\u00f3n de dispositivos m\u00e9dicos<\/li>\n<li>Educaci\u00f3n<\/li>\n<li>Fabricaci\u00f3n aditiva de productos sanitarios<\/li>\n<li>Imagen m\u00e9dica<\/li>\n<li>Inform\u00e1tica biom\u00e9dica<\/li>\n<li>Ingenier\u00eda cl\u00ednica, hospitalaria y salud p\u00fablica<\/li>\n<li>Ingenier\u00eda de rehabilitaci\u00f3n y tecnolog\u00eda asistiva<\/li>\n<li>Ingenier\u00eda de tejidos, \u00f3rganos artificiales y bioimpresi\u00f3n<\/li>\n<li>Instrumentaci\u00f3n biom\u00e9dica<\/li>\n<li>Inteligencia Artificial<\/li>\n<li>Modelado y simulaci\u00f3n de sistemas fisiol\u00f3gicos<\/li>\n<li>Neuroingenier\u00eda<\/li>\n<li>Planificaci\u00f3n y simulaci\u00f3n quir\u00fargica<\/li>\n<li>Procesado de se\u00f1al biom\u00e9dica<\/li>\n<li>Realidad Virtual, Aumentada y Mixta en aplicaciones biom\u00e9dicas<\/li>\n<li>Rob\u00f3tica m\u00e9dica<\/li>\n<li>Sensores biom\u00e9dicos<\/li>\n<li>Sistemas inteligentes<\/li>\n<li>Sistemas \u00f3pticos<\/li>\n<li>Telemedicina, e-Salud y salud conectada<\/li>\n<\/ul>\n","protected":false},"excerpt":{"rendered":"<p>El Comit\u00e9 Cient\u00edfico invita a todos aquellos autores que deseen participar en CASEIB 2024, a que contribuyan a su programa con nuevos trabajos de investigaci\u00f3n o de desarrollo tecnol\u00f3gico, preferentemente, en las \u00e1reas tem\u00e1ticas siguientes: Biodispositivos Bioelectromagnetismo Bioinform\u00e1tica y gen\u00f3mica Biolog\u00eda de sistemas Biomateriales Biomec\u00e1nica Bionanotecnolog\u00edas Dise\u00f1o y regulaci\u00f3n de\u2026<\/p>\n<p> <a class=\"continue-reading-link\" href=\"https:\/\/caseib.es\/2024\/areas-tematicas\/\"><span>VER MAS<\/span><i class=\"crycon-right-dir\"><\/i><\/a> <\/p>\n","protected":false},"author":7,"featured_media":0,"parent":0,"menu_order":0,"comment_status":"closed","ping_status":"closed","template":"","meta":{"footnotes":""},"class_list":["post-3451","page","type-page","status-publish","hentry"],"_links":{"self":[{"href":"https:\/\/caseib.es\/2024\/wp-json\/wp\/v2\/pages\/3451","targetHints":{"allow":["GET"]}}],"collection":[{"href":"https:\/\/caseib.es\/2024\/wp-json\/wp\/v2\/pages"}],"about":[{"href":"https:\/\/caseib.es\/2024\/wp-json\/wp\/v2\/types\/page"}],"author":[{"embeddable":true,"href":"https:\/\/caseib.es\/2024\/wp-json\/wp\/v2\/users\/7"}],"replies":[{"embeddable":true,"href":"https:\/\/caseib.es\/2024\/wp-json\/wp\/v2\/comments?post=3451"}],"version-history":[{"count":8,"href":"https:\/\/caseib.es\/2024\/wp-json\/wp\/v2\/pages\/3451\/revisions"}],"predecessor-version":[{"id":4186,"href":"https:\/\/caseib.es\/2024\/wp-json\/wp\/v2\/pages\/3451\/revisions\/4186"}],"wp:attachment":[{"href":"https:\/\/caseib.es\/2024\/wp-json\/wp\/v2\/media?parent=3451"}],"curies":[{"name":"wp","href":"https:\/\/api.w.org\/{rel}","templated":true}]}}